{"id":780227,"date":"2025-12-30T12:33:29","date_gmt":"2025-12-30T09:33:29","guid":{"rendered":"https:\/\/roveyayinevi.com.tr\/index.php\/urun\/kaguya-sama-ask-savastir-6\/"},"modified":"2026-04-15T03:44:48","modified_gmt":"2026-04-15T00:44:48","slug":"kaguya-sama-ask-savastir-6","status":"publish","type":"product","link":"https:\/\/roveyayinevi.com.tr\/index.php\/urun\/kaguya-sama-ask-savastir-6\/","title":{"rendered":"Kaguya-Sama \u2013 A\u015fk Sava\u015ft\u0131r 6"},"content":{"rendered":"<p>Elit \u00f6\u011frencilerin topland\u0131\u011f\u0131 Su\u00e7iin Akademisi \u00f6\u011frenci kurulunda tan\u0131\u015fan iki gen\u00e7! Ba\u015fkan Miyuki \u015eirogane ve ba\u015fkan yard\u0131mc\u0131s\u0131 Kaguya \u015einomiya\u2026 Birbirlerine kar\u015f\u0131l\u0131kl\u0131 hisler besleyen bu iki d\u00e2hinin, kar\u015f\u0131 taraf\u0131 kendine \u00e2\u015f\u0131k ettirmek ve ondan \u00e7\u0131kma teklifi almak i\u00e7in b\u00fct\u00fcn g\u00fcn tuzaklar kurdu\u011fu, son zamanlar\u0131n en sansasyonel romantik komedisi! Alt\u0131nc\u0131 ciltte, Kaguya-Sama \u015eirogane&#8217;nin do\u011fum g\u00fcn\u00fcn\u00fc d\u00fcr\u00fcst\u00e7e kutlayabilecek mi? Hizmet\u00e7isi Hayasaka&#8217;dan fikir alacak, \u015eirogane&#8217;nin k\u0131z karde\u015fi Kei&#8217;nin a\u011fz\u0131n\u0131 arayacak ve zihninde bir \u201ca\u015fk muhakemesi\u201d yapacak\u2026 Kaguya-Sama, \u00e2\u015f\u0131k bir gen\u00e7 k\u0131z\u0131n b\u00fcy\u00fcleyicili\u011fiyle dolu! Karakterlerimiz i\u00e7in hik\u00e2yenin sonu g\u00f6r\u00fcn\u00fcyor mu yoksa?<\/p>\n","protected":false},"excerpt":{"rendered":"<p>Elit \u00f6\u011frencilerin topland\u0131\u011f\u0131 Su\u00e7iin Akademisi \u00f6\u011frenci kurulunda tan\u0131\u015fan iki gen\u00e7! Ba\u015fkan Miyuki \u015eirogane ve ba\u015fkan yard\u0131mc\u0131s\u0131 Kaguya \u015einomiya\u2026 Birbirlerine kar\u015f\u0131l\u0131kl\u0131 hisler besleyen bu iki d\u00e2hinin, kar\u015f\u0131<span class=\"excerpt-hellip\"> [\u2026]<\/span><\/p>\n","protected":false},"featured_media":0,"template":"","meta":{"_monsterinsights_skip_tracking":false,"_monsterinsights_sitenote_active":false,"_monsterinsights_sitenote_note":"","_monsterinsights_sitenote_category":0},"product_brand":[],"product_cat":[12416,12291],"product_tag":[],"class_list":{"0":"post-780227","1":"product","2":"type-product","3":"status-publish","5":"product_cat-cizgi-roman","6":"product_cat-edebiyat","7":"pa_cilt-ciltsiz","8":"pa_tur-kitap","9":"pa_yayinevi-akil-celen-kitaplar","10":"pa_yazar-aka-akasaka","12":"first","13":"instock","14":"sale","15":"shipping-taxable","16":"purchasable","17":"product-type-simple"},"_links":{"self":[{"href":"https:\/\/roveyayinevi.com.tr\/index.php\/wp-json\/wp\/v2\/product\/780227","targetHints":{"allow":["GET"]}}],"collection":[{"href":"https:\/\/roveyayinevi.com.tr\/index.php\/wp-json\/wp\/v2\/product"}],"about":[{"href":"https:\/\/roveyayinevi.com.tr\/index.php\/wp-json\/wp\/v2\/types\/product"}],"wp:attachment":[{"href":"https:\/\/roveyayinevi.com.tr\/index.php\/wp-json\/wp\/v2\/media?parent=780227"}],"wp:term":[{"taxonomy":"product_brand","embeddable":true,"href":"https:\/\/roveyayinevi.com.tr\/index.php\/wp-json\/wp\/v2\/product_brand?post=780227"},{"taxonomy":"product_cat","embeddable":true,"href":"https:\/\/roveyayinevi.com.tr\/index.php\/wp-json\/wp\/v2\/product_cat?post=780227"},{"taxonomy":"product_tag","embeddable":true,"href":"https:\/\/roveyayinevi.com.tr\/index.php\/wp-json\/wp\/v2\/product_tag?post=780227"}],"curies":[{"name":"wp","href":"https:\/\/api.w.org\/{rel}","templated":true}]}}