{"id":780225,"date":"2025-12-30T12:33:19","date_gmt":"2025-12-30T09:33:19","guid":{"rendered":"https:\/\/roveyayinevi.com.tr\/index.php\/urun\/moriarty-the-patriot-vatansever-moriarty-4\/"},"modified":"2026-04-15T03:44:48","modified_gmt":"2026-04-15T00:44:48","slug":"moriarty-the-patriot-vatansever-moriarty-4","status":"publish","type":"product","link":"https:\/\/roveyayinevi.com.tr\/index.php\/urun\/moriarty-the-patriot-vatansever-moriarty-4\/","title":{"rendered":"Moriarty the Patriot &#8211; Vatansever Moriarty 4"},"content":{"rendered":"<p>MI6&#8217;e yeni bir gizli g\u00f6rev gelir. William, Albay Moran&#8217;dan bu gizli g\u00f6revi yerine getirmesini ister. G\u00f6rev s\u0131ras\u0131nda Moran&#8217;\u0131n yolu, t\u00fcm d\u00fcnyan\u0131n kaderini de\u011fi\u015ftiren Hindistan-Afganistan Sava\u015f\u0131&#8217;n\u0131 planlayan ki\u015fiyle kesi\u015fir ve B\u00fcy\u00fck Britanya \u0130mparatorlu\u011fu&#8217;nun kirli s\u0131rlar\u0131ndan biri daha a\u00e7\u0131\u011fa \u00e7\u0131kar.<\/p>\n","protected":false},"excerpt":{"rendered":"<p>MI6&#8217;e yeni bir gizli g\u00f6rev gelir. William, Albay Moran&#8217;dan bu gizli g\u00f6revi yerine getirmesini ister. G\u00f6rev s\u0131ras\u0131nda Moran&#8217;\u0131n yolu, t\u00fcm d\u00fcnyan\u0131n kaderini de\u011fi\u015ftiren Hindistan-Afganistan Sava\u015f\u0131&#8217;n\u0131 planlayan<span class=\"excerpt-hellip\"> [\u2026]<\/span><\/p>\n","protected":false},"featured_media":0,"template":"","meta":{"_monsterinsights_skip_tracking":false,"_monsterinsights_sitenote_active":false,"_monsterinsights_sitenote_note":"","_monsterinsights_sitenote_category":0},"product_brand":[],"product_cat":[12416,12291],"product_tag":[],"class_list":{"0":"post-780225","1":"product","2":"type-product","3":"status-publish","5":"product_cat-cizgi-roman","6":"product_cat-edebiyat","7":"pa_cilt-ciltsiz","8":"pa_tur-kitap","9":"pa_yayinevi-kurukafa","10":"pa_yazar-ryosuke-takeuchi","12":"first","13":"instock","14":"sale","15":"shipping-taxable","16":"purchasable","17":"product-type-simple"},"_links":{"self":[{"href":"https:\/\/roveyayinevi.com.tr\/index.php\/wp-json\/wp\/v2\/product\/780225","targetHints":{"allow":["GET"]}}],"collection":[{"href":"https:\/\/roveyayinevi.com.tr\/index.php\/wp-json\/wp\/v2\/product"}],"about":[{"href":"https:\/\/roveyayinevi.com.tr\/index.php\/wp-json\/wp\/v2\/types\/product"}],"wp:attachment":[{"href":"https:\/\/roveyayinevi.com.tr\/index.php\/wp-json\/wp\/v2\/media?parent=780225"}],"wp:term":[{"taxonomy":"product_brand","embeddable":true,"href":"https:\/\/roveyayinevi.com.tr\/index.php\/wp-json\/wp\/v2\/product_brand?post=780225"},{"taxonomy":"product_cat","embeddable":true,"href":"https:\/\/roveyayinevi.com.tr\/index.php\/wp-json\/wp\/v2\/product_cat?post=780225"},{"taxonomy":"product_tag","embeddable":true,"href":"https:\/\/roveyayinevi.com.tr\/index.php\/wp-json\/wp\/v2\/product_tag?post=780225"}],"curies":[{"name":"wp","href":"https:\/\/api.w.org\/{rel}","templated":true}]}}