{"id":780221,"date":"2025-12-30T12:33:03","date_gmt":"2025-12-30T09:33:03","guid":{"rendered":"https:\/\/roveyayinevi.com.tr\/index.php\/urun\/bizansta-cinsiyet\/"},"modified":"2026-04-15T03:44:48","modified_gmt":"2026-04-15T00:44:48","slug":"bizansta-cinsiyet","status":"publish","type":"product","link":"https:\/\/roveyayinevi.com.tr\/index.php\/urun\/bizansta-cinsiyet\/","title":{"rendered":"Bizans\u2019ta Cinsiyet"},"content":{"rendered":"<p>Bizans toplumunda erdem, kad\u0131nlar ve erkekler i\u00e7in nas\u0131l tan\u0131mlan\u0131yordu? Had\u0131mlar\u0131n Bizans toplumundaki yeri zaman i\u00e7inde nas\u0131l de\u011fi\u015fti? Bizans kad\u0131nlar\u0131, sosyal ve ekonomik kazan\u0131mlar elde edebilmek i\u00e7in mevcut normlar\u0131 kendi lehlerine nas\u0131l kullan\u0131yorlard\u0131?   Leonora Neville\u2019in bir \u00f6\u011fle yeme\u011fi sohbeti havas\u0131nda yazm\u0131\u015f oldu\u011fu bu cep kitab\u0131, Bizans \u0130mparatorlu\u011fu, bir di\u011fer deyi\u015fiyle Orta \u00c7a\u011f Roma \u0130mparatorlu\u011fu halk\u0131n\u0131n kad\u0131nlardan ve erkeklerden bekledikleri uygun davran\u0131\u015f kal\u0131plar\u0131n\u0131 tart\u0131\u015fmay\u0131 ama\u00e7l\u0131yor. Neville, Bizans toplumundaki cinsiyet normlar\u0131n\u0131 tart\u0131\u015f\u0131rken, Bizans k\u00fclt\u00fcr\u00fcne dair baz\u0131 \u00f6nyarg\u0131lar\u0131n ve stereotiplerin zaman i\u00e7inde nas\u0131l olu\u015ftu\u011funu da a\u00e7\u0131kl\u0131yor. Ayr\u0131ca, Bizans toplumunun daha iyi anla\u015f\u0131labilmesi i\u00e7in, Bizans kaynaklar\u0131n\u0131n do\u011fru bir \u015fekilde, yani bu kaynaklar\u0131 kaleme alanlar\u0131n niyetlerini hesaba katarak de\u011ferlendirilmesinin \u00f6nemi konusunda okuyuculara yol g\u00f6steriyor. <\/p>\n","protected":false},"excerpt":{"rendered":"<p>Bizans toplumunda erdem, kad\u0131nlar ve erkekler i\u00e7in nas\u0131l tan\u0131mlan\u0131yordu? Had\u0131mlar\u0131n Bizans toplumundaki yeri zaman i\u00e7inde nas\u0131l de\u011fi\u015fti? Bizans kad\u0131nlar\u0131, sosyal ve ekonomik kazan\u0131mlar elde edebilmek i\u00e7in<span class=\"excerpt-hellip\"> [\u2026]<\/span><\/p>\n","protected":false},"featured_media":0,"template":"","meta":{"_monsterinsights_skip_tracking":false,"_monsterinsights_sitenote_active":false,"_monsterinsights_sitenote_note":"","_monsterinsights_sitenote_category":0},"product_brand":[],"product_cat":[12304],"product_tag":[],"class_list":{"0":"post-780221","1":"product","2":"type-product","3":"status-publish","5":"product_cat-tarih","6":"pa_cilt-ciltsiz","7":"pa_tur-kitap","8":"pa_yayinevi-gordium-yayincilik","9":"pa_yazar-leonora-neville","11":"first","12":"instock","13":"sale","14":"shipping-taxable","15":"purchasable","16":"product-type-simple"},"_links":{"self":[{"href":"https:\/\/roveyayinevi.com.tr\/index.php\/wp-json\/wp\/v2\/product\/780221","targetHints":{"allow":["GET"]}}],"collection":[{"href":"https:\/\/roveyayinevi.com.tr\/index.php\/wp-json\/wp\/v2\/product"}],"about":[{"href":"https:\/\/roveyayinevi.com.tr\/index.php\/wp-json\/wp\/v2\/types\/product"}],"wp:attachment":[{"href":"https:\/\/roveyayinevi.com.tr\/index.php\/wp-json\/wp\/v2\/media?parent=780221"}],"wp:term":[{"taxonomy":"product_brand","embeddable":true,"href":"https:\/\/roveyayinevi.com.tr\/index.php\/wp-json\/wp\/v2\/product_brand?post=780221"},{"taxonomy":"product_cat","embeddable":true,"href":"https:\/\/roveyayinevi.com.tr\/index.php\/wp-json\/wp\/v2\/product_cat?post=780221"},{"taxonomy":"product_tag","embeddable":true,"href":"https:\/\/roveyayinevi.com.tr\/index.php\/wp-json\/wp\/v2\/product_tag?post=780221"}],"curies":[{"name":"wp","href":"https:\/\/api.w.org\/{rel}","templated":true}]}}