{"id":780220,"date":"2025-12-30T12:33:00","date_gmt":"2025-12-30T09:33:00","guid":{"rendered":"https:\/\/roveyayinevi.com.tr\/index.php\/urun\/cevrimdisi-iliskiler-2\/"},"modified":"2026-04-15T03:44:48","modified_gmt":"2026-04-15T00:44:48","slug":"cevrimdisi-iliskiler-2","status":"publish","type":"product","link":"https:\/\/roveyayinevi.com.tr\/index.php\/urun\/cevrimdisi-iliskiler-2\/","title":{"rendered":"\u00c7evrimd\u0131\u015f\u0131 \u0130li\u015fkiler"},"content":{"rendered":"<p>\u201cGer\u00e7ek ba\u011f, \u00e7evrim i\u00e7i de\u011fil, kalptedir. Kalpten kurulan hi\u00e7bir ba\u011flant\u0131 kopmaz.\u201d Bulundu\u011fumuz \u00e7a\u011f bizi makinelere ba\u011fl\u0131, s\u00fcrekli \u00e7evrimi\u00e7i kalmaya zorlarken, kalpten kalbe ba\u011f kurmaktan da bir o kadar uzakla\u015ft\u0131r\u0131yor. Mesajlar\u0131 okuyor, sesleri i\u015fitiyoruz; lakin birbirimizin kalbine dokunam\u0131yoruz. Her \u015feye ba\u011fl\u0131ym\u0131\u015f gibi ya\u015farken, kendi \u00f6z\u00fcm\u00fczle temas\u0131 yitiriyoruz. \u00c7evrimd\u0131\u015f\u0131 \u0130li\u015fkiler, \u00e7evrimi\u00e7i\u2013\u00e7evrimd\u0131\u015f\u0131 metaforu \u00fczerinden okuru kendisiyle ve ba\u015fkalar\u0131yla ger\u00e7ek ba\u011f\u0131n izini s\u00fcrmeye davet eder. Ali B\u0131\u00e7ak, terapi koltu\u011funda s\u00fcz\u00fclen hik\u00e2yelerle; \u00e7ocuklukta g\u00f6r\u00fclmemi\u015f, duyulmam\u0131\u015f ve yar\u0131m kalm\u0131\u015f duygular\u0131n yeti\u015fkin ili\u015fkilerinde nas\u0131l yeniden sahnelendi\u011fini g\u00f6r\u00fcn\u00fcr k\u0131lar. Onay ve sevgi u\u011fruna susan, s\u0131n\u0131rlar\u0131n\u0131 ihmal eden bireyin i\u00e7ine d\u00fc\u015ft\u00fc\u011f\u00fc yorgunlu\u011fun portresini \u00e7izer. Bu kitap haz\u0131r re\u00e7eteler sunmaz; otomatikle\u015fmi\u015f ili\u015fki kal\u0131plar\u0131n\u0131 fark etmeye ve kalpten temas\u0131n m\u00fcmk\u00fcn oldu\u011funu hat\u0131rlamaya \u00e7a\u011f\u0131r\u0131r. Ger\u00e7ek ba\u011f, \u00e7evrimi\u00e7i de\u011fil kalptedir; \u00f6z\u00fcne d\u00f6nen ki\u015fi, \u00f6nce kendi kalbiyle \u00e7evrimi\u00e7i olur ve kopmayan bir ba\u011f kurar. Bu davet, t\u00fcketim h\u0131z\u0131ndan anlam derinli\u011fine, y\u00fczeysellikten sahici kar\u015f\u0131la\u015fmaya bir ge\u00e7i\u015ftir; okuru durmaya, hissetmeye ve ger\u00e7ekten temas etmeye \u00e7a\u011f\u0131ran bir i\u00e7 yolculuktur.<\/p>\n","protected":false},"excerpt":{"rendered":"<p>\u201cGer\u00e7ek ba\u011f, \u00e7evrim i\u00e7i de\u011fil, kalptedir. Kalpten kurulan hi\u00e7bir ba\u011flant\u0131 kopmaz.\u201d Bulundu\u011fumuz \u00e7a\u011f bizi makinelere ba\u011fl\u0131, s\u00fcrekli \u00e7evrimi\u00e7i kalmaya zorlarken, kalpten kalbe ba\u011f kurmaktan da bir<span class=\"excerpt-hellip\"> [\u2026]<\/span><\/p>\n","protected":false},"featured_media":0,"template":"","meta":{"_monsterinsights_skip_tracking":false,"_monsterinsights_sitenote_active":false,"_monsterinsights_sitenote_note":"","_monsterinsights_sitenote_category":0},"product_brand":[],"product_cat":[12357],"product_tag":[],"class_list":{"0":"post-780220","1":"product","2":"type-product","3":"status-publish","5":"product_cat-psikoloji","6":"pa_cilt-ciltsiz","7":"pa_tur-kitap","8":"pa_yayinevi-bambuk-yayinevi","9":"pa_yazar-ali-bicak","11":"first","12":"instock","13":"sale","14":"shipping-taxable","15":"purchasable","16":"product-type-simple"},"_links":{"self":[{"href":"https:\/\/roveyayinevi.com.tr\/index.php\/wp-json\/wp\/v2\/product\/780220","targetHints":{"allow":["GET"]}}],"collection":[{"href":"https:\/\/roveyayinevi.com.tr\/index.php\/wp-json\/wp\/v2\/product"}],"about":[{"href":"https:\/\/roveyayinevi.com.tr\/index.php\/wp-json\/wp\/v2\/types\/product"}],"wp:attachment":[{"href":"https:\/\/roveyayinevi.com.tr\/index.php\/wp-json\/wp\/v2\/media?parent=780220"}],"wp:term":[{"taxonomy":"product_brand","embeddable":true,"href":"https:\/\/roveyayinevi.com.tr\/index.php\/wp-json\/wp\/v2\/product_brand?post=780220"},{"taxonomy":"product_cat","embeddable":true,"href":"https:\/\/roveyayinevi.com.tr\/index.php\/wp-json\/wp\/v2\/product_cat?post=780220"},{"taxonomy":"product_tag","embeddable":true,"href":"https:\/\/roveyayinevi.com.tr\/index.php\/wp-json\/wp\/v2\/product_tag?post=780220"}],"curies":[{"name":"wp","href":"https:\/\/api.w.org\/{rel}","templated":true}]}}