{"id":780217,"date":"2025-12-30T12:32:54","date_gmt":"2025-12-30T09:32:54","guid":{"rendered":"https:\/\/roveyayinevi.com.tr\/index.php\/urun\/sen-kimsin-saturn\/"},"modified":"2026-04-15T03:44:48","modified_gmt":"2026-04-15T00:44:48","slug":"sen-kimsin-saturn","status":"publish","type":"product","link":"https:\/\/roveyayinevi.com.tr\/index.php\/urun\/sen-kimsin-saturn\/","title":{"rendered":"Sen Kimsin Sat\u00fcrn?"},"content":{"rendered":"<p>Sat\u00fcrn i\u00e7in, \u201cgezegen i\u015fte, ta\u015f k\u00fctlesi, gaz devi\u201d deyip ge\u00e7emeyece\u011fimizi g\u00f6rd\u00fck. Burada as\u0131rlard\u0131r y\u00fcklenmi\u015f bir mana var. \u201cNe yani, ben Sat\u00fcrn\u2019e mi tap\u0131yorum, ibadet ediyorum?\u201d diye soranlar, cevab\u0131 kendiniz bulun. \u201c\u0130slamiyet son dindir, bozulmam\u0131\u015ft\u0131r.\u201d diyenler, ibadetinden \u015f\u00fcphe duymayanlar o halde s\u0131k s\u0131k ac\u0131mas\u0131zca ele\u015ftirdi\u011finiz Yahudili\u011fi sevgiyle kucaklay\u0131n, Hristiyanlar\u0131 t\u00fcm \u00e2detleri ile kabul edin ve ho\u015f g\u00f6r\u00fcn, sa\u00e7mal\u0131k, masal olarak g\u00f6rd\u00fc\u011f\u00fcn\u00fcz, \u201cBunlar\u0131n hepsi mitos.\u201d dedi\u011finiz mitolojiyi kabul edin, zira hepsi ayn\u0131 yere dayan\u0131yor. Evrenin, t\u00fcm yarat\u0131l\u0131\u015f\u0131n matematik oldu\u011funu esas al\u0131rsak, do\u011fmu\u015f, do\u011facak t\u00fcm yarat\u0131lan\u0131n do\u011fum tarihlerini bar\u0131nd\u0131ran bir say\u0131n\u0131n par\u00e7as\u0131 m\u0131y\u0131z yoksa? Dev bir i\u015fletim sisteminin uzant\u0131s\u0131 m\u0131y\u0131z? Matrikste ya\u015f\u0131yorsak her \u015fey iddia edildi\u011fi ve neredeyse kan\u0131tlanmas\u0131na ramak kalm\u0131\u015f bir sim\u00fclasyon ise neden olmas\u0131n\u2026 B\u00fcy\u00fck bir bilgisayar denetimindeki sim\u00fclasyon evreni hipotezi do\u011fruysa, sim\u00fclasyonun Tanr\u0131s\u0131 Pi\u2019dir. Daha uygun matematiksel bir say\u0131 yok.<\/p>\n","protected":false},"excerpt":{"rendered":"<p>Sat\u00fcrn i\u00e7in, \u201cgezegen i\u015fte, ta\u015f k\u00fctlesi, gaz devi\u201d deyip ge\u00e7emeyece\u011fimizi g\u00f6rd\u00fck. Burada as\u0131rlard\u0131r y\u00fcklenmi\u015f bir mana var. \u201cNe yani, ben Sat\u00fcrn\u2019e mi tap\u0131yorum, ibadet ediyorum?\u201d diye<span class=\"excerpt-hellip\"> [\u2026]<\/span><\/p>\n","protected":false},"featured_media":0,"template":"","meta":{"_monsterinsights_skip_tracking":false,"_monsterinsights_sitenote_active":false,"_monsterinsights_sitenote_note":"","_monsterinsights_sitenote_category":0},"product_brand":[],"product_cat":[12364,12376],"product_tag":[],"class_list":{"0":"post-780217","1":"product","2":"type-product","3":"status-publish","5":"product_cat-genel-konular","6":"product_cat-kisisel-gelisim","7":"pa_cilt-ciltsiz","8":"pa_tur-kitap","9":"pa_yayinevi-pozitif-yayinlari","10":"pa_yazar-cagla-caglibulanik","12":"first","13":"instock","14":"sale","15":"shipping-taxable","16":"purchasable","17":"product-type-simple"},"_links":{"self":[{"href":"https:\/\/roveyayinevi.com.tr\/index.php\/wp-json\/wp\/v2\/product\/780217","targetHints":{"allow":["GET"]}}],"collection":[{"href":"https:\/\/roveyayinevi.com.tr\/index.php\/wp-json\/wp\/v2\/product"}],"about":[{"href":"https:\/\/roveyayinevi.com.tr\/index.php\/wp-json\/wp\/v2\/types\/product"}],"wp:attachment":[{"href":"https:\/\/roveyayinevi.com.tr\/index.php\/wp-json\/wp\/v2\/media?parent=780217"}],"wp:term":[{"taxonomy":"product_brand","embeddable":true,"href":"https:\/\/roveyayinevi.com.tr\/index.php\/wp-json\/wp\/v2\/product_brand?post=780217"},{"taxonomy":"product_cat","embeddable":true,"href":"https:\/\/roveyayinevi.com.tr\/index.php\/wp-json\/wp\/v2\/product_cat?post=780217"},{"taxonomy":"product_tag","embeddable":true,"href":"https:\/\/roveyayinevi.com.tr\/index.php\/wp-json\/wp\/v2\/product_tag?post=780217"}],"curies":[{"name":"wp","href":"https:\/\/api.w.org\/{rel}","templated":true}]}}