{"id":780216,"date":"2025-12-30T12:32:50","date_gmt":"2025-12-30T09:32:50","guid":{"rendered":"https:\/\/roveyayinevi.com.tr\/index.php\/urun\/ruhumun-ebedi-sevgilisi\/"},"modified":"2026-04-15T03:44:48","modified_gmt":"2026-04-15T00:44:48","slug":"ruhumun-ebedi-sevgilisi","status":"publish","type":"product","link":"https:\/\/roveyayinevi.com.tr\/index.php\/urun\/ruhumun-ebedi-sevgilisi\/","title":{"rendered":"Ruhumun Ebedi Sevgilisi"},"content":{"rendered":"<p>Bu kitap, 24 Kas\u0131m 2024 tarihinde, \u00c7orum\u2019da meydana gelen zincirleme trafik kazas\u0131nda hayat\u0131n\u0131 kaybeden Cuma Ali Kurt\u2019a ithaf edilmi\u015ftir. Ona deliler gibi a\u015f\u0131k olan, onunla payla\u015ft\u0131\u011f\u0131 on y\u0131ll\u0131k bir \u00f6mr\u00fcn ard\u0131ndan onsuzlu\u011fu kelimelere d\u00f6ken e\u015fi Beyzanur Kurt taraf\u0131ndan yaz\u0131lm\u0131\u015ft\u0131r. Bu sayfalar, bir vedan\u0131n de\u011fil, ebediyyen s\u00fcrecek bir sevdan\u0131n sessiz tan\u0131\u011f\u0131d\u0131r. <\/p>\n","protected":false},"excerpt":{"rendered":"<p>Bu kitap, 24 Kas\u0131m 2024 tarihinde, \u00c7orum\u2019da meydana gelen zincirleme trafik kazas\u0131nda hayat\u0131n\u0131 kaybeden Cuma Ali Kurt\u2019a ithaf edilmi\u015ftir. Ona deliler gibi a\u015f\u0131k olan, onunla payla\u015ft\u0131\u011f\u0131<span class=\"excerpt-hellip\"> [\u2026]<\/span><\/p>\n","protected":false},"featured_media":0,"template":"","meta":{"_monsterinsights_skip_tracking":false,"_monsterinsights_sitenote_active":false,"_monsterinsights_sitenote_note":"","_monsterinsights_sitenote_category":0},"product_brand":[],"product_cat":[12291,12509],"product_tag":[],"class_list":{"0":"post-780216","1":"product","2":"type-product","3":"status-publish","5":"product_cat-edebiyat","6":"product_cat-siir","7":"pa_cilt-ciltsiz","8":"pa_tur-kitap","9":"pa_yayinevi-fa-yayinlari","10":"pa_yazar-beyzanur-kurt","12":"first","13":"instock","14":"sale","15":"shipping-taxable","16":"purchasable","17":"product-type-simple"},"_links":{"self":[{"href":"https:\/\/roveyayinevi.com.tr\/index.php\/wp-json\/wp\/v2\/product\/780216","targetHints":{"allow":["GET"]}}],"collection":[{"href":"https:\/\/roveyayinevi.com.tr\/index.php\/wp-json\/wp\/v2\/product"}],"about":[{"href":"https:\/\/roveyayinevi.com.tr\/index.php\/wp-json\/wp\/v2\/types\/product"}],"wp:attachment":[{"href":"https:\/\/roveyayinevi.com.tr\/index.php\/wp-json\/wp\/v2\/media?parent=780216"}],"wp:term":[{"taxonomy":"product_brand","embeddable":true,"href":"https:\/\/roveyayinevi.com.tr\/index.php\/wp-json\/wp\/v2\/product_brand?post=780216"},{"taxonomy":"product_cat","embeddable":true,"href":"https:\/\/roveyayinevi.com.tr\/index.php\/wp-json\/wp\/v2\/product_cat?post=780216"},{"taxonomy":"product_tag","embeddable":true,"href":"https:\/\/roveyayinevi.com.tr\/index.php\/wp-json\/wp\/v2\/product_tag?post=780216"}],"curies":[{"name":"wp","href":"https:\/\/api.w.org\/{rel}","templated":true}]}}