{"id":780215,"date":"2025-12-30T12:32:45","date_gmt":"2025-12-30T09:32:45","guid":{"rendered":"https:\/\/roveyayinevi.com.tr\/index.php\/urun\/bir-yalnizliga-sigindim\/"},"modified":"2026-04-15T03:44:48","modified_gmt":"2026-04-15T00:44:48","slug":"bir-yalnizliga-sigindim","status":"publish","type":"product","link":"https:\/\/roveyayinevi.com.tr\/index.php\/urun\/bir-yalnizliga-sigindim\/","title":{"rendered":"Bir Yaln\u0131zl\u0131\u011fa S\u0131\u011f\u0131nd\u0131m"},"content":{"rendered":"<p>\u0130ki yolcu gibiydik, bu yolculukta birimiz di\u011ferinden habersiz seyahat ediyordu. Yolculu\u011fa inansayd\u0131 haberi olmayan gidilecek yerin son durak olmad\u0131\u011f\u0131n\u0131 anlayabilirdi. Bir g\u00fcl kadar semboliti bizim hayat\u0131m\u0131z, g\u00fcl\u00fc koklamaya izin veriyor ama eline ald\u0131\u011f\u0131nda dikenin batmas\u0131n\u0131 da istiyordu bu hayat bizden. G\u00fczel de bir hikaye b\u0131rakt\u0131 bu hayat bize, hikayemizin karakterleri de \u00e7ok senli benli idi. \u00c7ok matematik de bilmezdim, bizim aram\u0131zda belki de en \u00e7ok sen b\u00fcy\u00fck hesaplar yapard\u0131n, ben ise bildi\u011fim kadar\u0131yla; bunda da benim can\u0131m sa\u011f olsun. Hesap kitap benim i\u015fim de\u011fil ama a\u015fk\u0131n tarifi sen art\u0131 ben olabilirdi. <\/p>\n","protected":false},"excerpt":{"rendered":"<p>\u0130ki yolcu gibiydik, bu yolculukta birimiz di\u011ferinden habersiz seyahat ediyordu. Yolculu\u011fa inansayd\u0131 haberi olmayan gidilecek yerin son durak olmad\u0131\u011f\u0131n\u0131 anlayabilirdi. Bir g\u00fcl kadar semboliti bizim hayat\u0131m\u0131z,<span class=\"excerpt-hellip\"> [\u2026]<\/span><\/p>\n","protected":false},"featured_media":0,"template":"","meta":{"_monsterinsights_skip_tracking":false,"_monsterinsights_sitenote_active":false,"_monsterinsights_sitenote_note":"","_monsterinsights_sitenote_category":0},"product_brand":[],"product_cat":[75065,12291],"product_tag":[],"class_list":{"0":"post-780215","1":"product","2":"type-product","3":"status-publish","5":"product_cat-aforizmalar","6":"product_cat-edebiyat","7":"pa_cilt-ciltsiz","8":"pa_tur-kitap","9":"pa_yayinevi-fa-yayinlari","10":"pa_yazar-serkan-kilic","12":"first","13":"instock","14":"sale","15":"shipping-taxable","16":"purchasable","17":"product-type-simple"},"_links":{"self":[{"href":"https:\/\/roveyayinevi.com.tr\/index.php\/wp-json\/wp\/v2\/product\/780215","targetHints":{"allow":["GET"]}}],"collection":[{"href":"https:\/\/roveyayinevi.com.tr\/index.php\/wp-json\/wp\/v2\/product"}],"about":[{"href":"https:\/\/roveyayinevi.com.tr\/index.php\/wp-json\/wp\/v2\/types\/product"}],"wp:attachment":[{"href":"https:\/\/roveyayinevi.com.tr\/index.php\/wp-json\/wp\/v2\/media?parent=780215"}],"wp:term":[{"taxonomy":"product_brand","embeddable":true,"href":"https:\/\/roveyayinevi.com.tr\/index.php\/wp-json\/wp\/v2\/product_brand?post=780215"},{"taxonomy":"product_cat","embeddable":true,"href":"https:\/\/roveyayinevi.com.tr\/index.php\/wp-json\/wp\/v2\/product_cat?post=780215"},{"taxonomy":"product_tag","embeddable":true,"href":"https:\/\/roveyayinevi.com.tr\/index.php\/wp-json\/wp\/v2\/product_tag?post=780215"}],"curies":[{"name":"wp","href":"https:\/\/api.w.org\/{rel}","templated":true}]}}