{"id":780213,"date":"2025-12-30T12:32:41","date_gmt":"2025-12-30T09:32:41","guid":{"rendered":"https:\/\/roveyayinevi.com.tr\/index.php\/urun\/kisa-iskandinavya-tarihi\/"},"modified":"2026-04-15T03:44:48","modified_gmt":"2026-04-15T00:44:48","slug":"kisa-iskandinavya-tarihi","status":"publish","type":"product","link":"https:\/\/roveyayinevi.com.tr\/index.php\/urun\/kisa-iskandinavya-tarihi\/","title":{"rendered":"K\u0131sa \u0130skandinavya Tarihi"},"content":{"rendered":"<p>\u0130skandinavya\u2019n\u0131n olumlu bir \u00f6zelli\u011fini s\u00f6ylemeniz istense hangisini se\u00e7erdiniz? Sosyal refah, \u00e7evre koruma, toplumsal cinsiyet e\u015fitli\u011fi, su\u00e7 edebiyat\u0131, i\u00e7 mimari, pop\u00fcler k\u00fclt\u00fcr, e\u015fsiz bir do\u011fa, b\u00fcy\u00fcleyici mitoloji kahramanlar\u0131, bir d\u00f6nem Avrupa\u2019n\u0131n b\u00fcy\u00fck bir b\u00f6l\u00fcm\u00fcne korku salan Vikingler, Nobel Bar\u0131\u015f \u00d6d\u00fclleri ve tabii ABBA\u2026 Tarih\u00e7i Mart Kuldkepp, son Buzul \u00c7a\u011f\u0131\u2019nda kuzeye \u00e7ekilen buz tabakas\u0131n\u0131 takip eden bilinen ilk halklardan ba\u015flayarak bug\u00fcn d\u00fcnyan\u0131n en mutlu \u00fclkeleri Danimarka, Finlandiya, \u0130zlanda, Norve\u00e7 ve \u0130sve\u00e7\u2019te ya\u015fayan modern \u0130skandinavlara kadar \u0130skandinavya\u2019n\u0131n zengin tarihinin ana hatlar\u0131n\u0131 ustaca \u00e7iziyor. Kuldkepp, tan\u0131mlanmas\u0131 zor olan ancak b\u00f6lgenin b\u00fcy\u00fck zorluklara yan\u0131t vermesini sa\u011flayan, tarihini aktif olarak \u015fekillendiren ve bu s\u00fcre\u00e7te Avrupa ve d\u00fcnya tarihi \u00fczerinde \u00f6nemli bir etki yaratan \u201c\u0130skandinavl\u0131k\u201d kavram\u0131n\u0131 da ayd\u0131nlat\u0131yor. <\/p>\n","protected":false},"excerpt":{"rendered":"<p>\u0130skandinavya\u2019n\u0131n olumlu bir \u00f6zelli\u011fini s\u00f6ylemeniz istense hangisini se\u00e7erdiniz? Sosyal refah, \u00e7evre koruma, toplumsal cinsiyet e\u015fitli\u011fi, su\u00e7 edebiyat\u0131, i\u00e7 mimari, pop\u00fcler k\u00fclt\u00fcr, e\u015fsiz bir do\u011fa, b\u00fcy\u00fcleyici mitoloji<span class=\"excerpt-hellip\"> [\u2026]<\/span><\/p>\n","protected":false},"featured_media":0,"template":"","meta":{"_monsterinsights_skip_tracking":false,"_monsterinsights_sitenote_active":false,"_monsterinsights_sitenote_note":"","_monsterinsights_sitenote_category":0},"product_brand":[],"product_cat":[12312,12304],"product_tag":[],"class_list":{"0":"post-780213","1":"product","2":"type-product","3":"status-publish","5":"product_cat-diger","6":"product_cat-tarih","7":"pa_cilt-ciltsiz","8":"pa_tur-kitap","9":"pa_yayinevi-say-yayinlari","10":"pa_yazar-mart-kuldkepp","12":"first","13":"instock","14":"sale","15":"shipping-taxable","16":"purchasable","17":"product-type-simple"},"_links":{"self":[{"href":"https:\/\/roveyayinevi.com.tr\/index.php\/wp-json\/wp\/v2\/product\/780213","targetHints":{"allow":["GET"]}}],"collection":[{"href":"https:\/\/roveyayinevi.com.tr\/index.php\/wp-json\/wp\/v2\/product"}],"about":[{"href":"https:\/\/roveyayinevi.com.tr\/index.php\/wp-json\/wp\/v2\/types\/product"}],"wp:attachment":[{"href":"https:\/\/roveyayinevi.com.tr\/index.php\/wp-json\/wp\/v2\/media?parent=780213"}],"wp:term":[{"taxonomy":"product_brand","embeddable":true,"href":"https:\/\/roveyayinevi.com.tr\/index.php\/wp-json\/wp\/v2\/product_brand?post=780213"},{"taxonomy":"product_cat","embeddable":true,"href":"https:\/\/roveyayinevi.com.tr\/index.php\/wp-json\/wp\/v2\/product_cat?post=780213"},{"taxonomy":"product_tag","embeddable":true,"href":"https:\/\/roveyayinevi.com.tr\/index.php\/wp-json\/wp\/v2\/product_tag?post=780213"}],"curies":[{"name":"wp","href":"https:\/\/api.w.org\/{rel}","templated":true}]}}