{"id":780209,"date":"2025-12-30T12:32:24","date_gmt":"2025-12-30T09:32:24","guid":{"rendered":"https:\/\/roveyayinevi.com.tr\/index.php\/urun\/yazilmis-dunya-ve-yazilmamis-dunya\/"},"modified":"2026-04-15T03:44:48","modified_gmt":"2026-04-15T00:44:48","slug":"yazilmis-dunya-ve-yazilmamis-dunya","status":"publish","type":"product","link":"https:\/\/roveyayinevi.com.tr\/index.php\/urun\/yazilmis-dunya-ve-yazilmamis-dunya\/","title":{"rendered":"Yaz\u0131lm\u0131\u015f D\u00fcnya ve Yaz\u0131lmam\u0131\u015f D\u00fcnya"},"content":{"rendered":"<p>Italo Calvino\u2019nun farkl\u0131 mecralarda yay\u0131mlad\u0131\u011f\u0131 k\u0131rk kadar deneme, makale ve incelemenin yer ald\u0131\u011f\u0131 bu se\u00e7ki yazma faaliyeti ve okuma faaliyeti aras\u0131ndaki ba\u011flant\u0131lar, okuma bi\u00e7imleri, h\u0131zla de\u011fi\u015fen bir d\u00fcnyada yazma nedenleri, \u00fcslup al\u0131\u015ft\u0131rmas\u0131 ve edebiyat deneyimlerinin dola\u015f\u0131m\u0131n\u0131n bir arac\u0131 olarak \u00e7evirinin \u00f6nemi, k\u00fclt\u00fcrel de\u011fer, yay\u0131mc\u0131l\u0131k ve stratejileri, anlat\u0131sal d\u00fczyaz\u0131daki modern geli\u015fmeler, \u00e7e\u015fitli tarih\u00ee tezah\u00fcrleriyle bir t\u00fcr olarak fantastik gibi ba\u015fl\u0131klar\u0131 i\u00e7eriyor. Bunun yan\u0131 s\u0131ra avangart edebiyat, tatilde kitap okumak ve farkl\u0131 okuma bi\u00e7imleri gibi konular da Yaz\u0131lm\u0131\u015f D\u00fcnya ve Yaz\u0131lmam\u0131\u015f D\u00fcnya\u2019daki d\u00fc\u015f\u00fcnce evrenine dahil oluyor ve b\u00f6ylece 20. y\u00fczy\u0131l \u0130talyan ve d\u00fcnya edebiyat\u0131n\u0131n en \u00f6nemli, en yenilik\u00e7i yazarlar\u0131ndan birinin yarat\u0131c\u0131l\u0131\u011f\u0131 kadar bilgi birikimine, geni\u015f ilgi alan\u0131na ve parlak zek\u00e2s\u0131na da \u0131\u015f\u0131k tutuyor. Yaz\u0131lm\u0131\u015f ve Yaz\u0131lmam\u0131\u015f D\u00fcnya\u2019da derlenen makaleler, s\u00f6yle\u015filer ve konu\u015fmalar, bize en \u00fcst seviyede dikkat sergileme gayretindeki; edebiyatta ve hayatta a\u00e7\u0131k ve planlanm\u0131\u015f her \u015feyi her zaman vurgulama ve hakk\u0131n\u0131 verme \u00e7abas\u0131 i\u00e7indeki bir adam\u0131n portresini veriyor. Tim Parks, TLS   Ak\u0131l dolu, esprili, ho\u015f bir \u015fekilde bilgili ve keskin zek\u00e2l\u0131. Alberto Manguel, Literary Review <\/p>\n","protected":false},"excerpt":{"rendered":"<p>Italo Calvino\u2019nun farkl\u0131 mecralarda yay\u0131mlad\u0131\u011f\u0131 k\u0131rk kadar deneme, makale ve incelemenin yer ald\u0131\u011f\u0131 bu se\u00e7ki yazma faaliyeti ve okuma faaliyeti aras\u0131ndaki ba\u011flant\u0131lar, okuma bi\u00e7imleri, h\u0131zla de\u011fi\u015fen<span class=\"excerpt-hellip\"> [\u2026]<\/span><\/p>\n","protected":false},"featured_media":0,"template":"","meta":{"_monsterinsights_skip_tracking":false,"_monsterinsights_sitenote_active":false,"_monsterinsights_sitenote_note":"","_monsterinsights_sitenote_category":0},"product_brand":[],"product_cat":[12777,12291],"product_tag":[],"class_list":{"0":"post-780209","1":"product","2":"type-product","3":"status-publish","5":"product_cat-deneme","6":"product_cat-edebiyat","7":"pa_cilt-ciltsiz","8":"pa_tur-kitap","9":"pa_yayinevi-yapi-kredi-yayinlari","10":"pa_yazar-italo-calvino","12":"first","13":"instock","14":"sale","15":"shipping-taxable","16":"purchasable","17":"product-type-simple"},"_links":{"self":[{"href":"https:\/\/roveyayinevi.com.tr\/index.php\/wp-json\/wp\/v2\/product\/780209","targetHints":{"allow":["GET"]}}],"collection":[{"href":"https:\/\/roveyayinevi.com.tr\/index.php\/wp-json\/wp\/v2\/product"}],"about":[{"href":"https:\/\/roveyayinevi.com.tr\/index.php\/wp-json\/wp\/v2\/types\/product"}],"wp:attachment":[{"href":"https:\/\/roveyayinevi.com.tr\/index.php\/wp-json\/wp\/v2\/media?parent=780209"}],"wp:term":[{"taxonomy":"product_brand","embeddable":true,"href":"https:\/\/roveyayinevi.com.tr\/index.php\/wp-json\/wp\/v2\/product_brand?post=780209"},{"taxonomy":"product_cat","embeddable":true,"href":"https:\/\/roveyayinevi.com.tr\/index.php\/wp-json\/wp\/v2\/product_cat?post=780209"},{"taxonomy":"product_tag","embeddable":true,"href":"https:\/\/roveyayinevi.com.tr\/index.php\/wp-json\/wp\/v2\/product_tag?post=780209"}],"curies":[{"name":"wp","href":"https:\/\/api.w.org\/{rel}","templated":true}]}}