{"id":780208,"date":"2025-12-30T12:32:19","date_gmt":"2025-12-30T09:32:19","guid":{"rendered":"https:\/\/roveyayinevi.com.tr\/index.php\/urun\/kaiju-no-8-8-nolu-canavar-7\/"},"modified":"2026-04-15T03:44:48","modified_gmt":"2026-04-15T00:44:48","slug":"kaiju-no-8-8-nolu-canavar-7","status":"publish","type":"product","link":"https:\/\/roveyayinevi.com.tr\/index.php\/urun\/kaiju-no-8-8-nolu-canavar-7\/","title":{"rendered":"Kaiju No: 8 &#8211; 8 No\u2019lu Canavar 7"},"content":{"rendered":"<p>Savunma Kuvvetleri Komutan\u0131 Isao Shinomiya, 2 no\u2019lu canavar\u0131n g\u00fcc\u00fcn\u00fc korumak i\u00e7in 9 no\u2019lu canavarla \u00f6l\u00fcm\u00fcne bir sava\u015fa girer. Ancak sava\u015f\u0131n sonunda g\u00fcc\u00fc elinden al\u0131n\u0131r ve 9 no\u2019lu, onunla birle\u015ferek daha da korkun\u00e7 bir varl\u0131\u011fa d\u00f6n\u00fc\u015f\u00fcr. Olay yerine gelen Kafka, Kikoru ve Narumi, art\u0131k yaln\u0131zca bir canavara de\u011fil, bir zamanlar sayg\u0131 duyduklar\u0131 bir komutan\u0131n g\u00f6lgesine kar\u015f\u0131 da sava\u015fmak zorundad\u0131rlar. Kahramanl\u0131k ile insanl\u0131\u011f\u0131n s\u0131n\u0131rlar\u0131n\u0131n birbirine kar\u0131\u015ft\u0131\u011f\u0131 bu ciltte, herkes kendi \u201ccanavar\u0131yla\u201d y\u00fczle\u015fmek zorunda kalacak!<\/p>\n","protected":false},"excerpt":{"rendered":"<p>Savunma Kuvvetleri Komutan\u0131 Isao Shinomiya, 2 no\u2019lu canavar\u0131n g\u00fcc\u00fcn\u00fc korumak i\u00e7in 9 no\u2019lu canavarla \u00f6l\u00fcm\u00fcne bir sava\u015fa girer. Ancak sava\u015f\u0131n sonunda g\u00fcc\u00fc elinden al\u0131n\u0131r ve 9<span class=\"excerpt-hellip\"> [\u2026]<\/span><\/p>\n","protected":false},"featured_media":0,"template":"","meta":{"_monsterinsights_skip_tracking":false,"_monsterinsights_sitenote_active":false,"_monsterinsights_sitenote_note":"","_monsterinsights_sitenote_category":0},"product_brand":[],"product_cat":[12416,12291],"product_tag":[],"class_list":{"0":"post-780208","1":"product","2":"type-product","3":"status-publish","5":"product_cat-cizgi-roman","6":"product_cat-edebiyat","7":"pa_cilt-ciltsiz","8":"pa_tur-kitap","9":"pa_yayinevi-kurukafa","10":"pa_yazar-naoya-matsumoto","12":"first","13":"instock","14":"sale","15":"shipping-taxable","16":"purchasable","17":"product-type-simple"},"_links":{"self":[{"href":"https:\/\/roveyayinevi.com.tr\/index.php\/wp-json\/wp\/v2\/product\/780208","targetHints":{"allow":["GET"]}}],"collection":[{"href":"https:\/\/roveyayinevi.com.tr\/index.php\/wp-json\/wp\/v2\/product"}],"about":[{"href":"https:\/\/roveyayinevi.com.tr\/index.php\/wp-json\/wp\/v2\/types\/product"}],"wp:attachment":[{"href":"https:\/\/roveyayinevi.com.tr\/index.php\/wp-json\/wp\/v2\/media?parent=780208"}],"wp:term":[{"taxonomy":"product_brand","embeddable":true,"href":"https:\/\/roveyayinevi.com.tr\/index.php\/wp-json\/wp\/v2\/product_brand?post=780208"},{"taxonomy":"product_cat","embeddable":true,"href":"https:\/\/roveyayinevi.com.tr\/index.php\/wp-json\/wp\/v2\/product_cat?post=780208"},{"taxonomy":"product_tag","embeddable":true,"href":"https:\/\/roveyayinevi.com.tr\/index.php\/wp-json\/wp\/v2\/product_tag?post=780208"}],"curies":[{"name":"wp","href":"https:\/\/api.w.org\/{rel}","templated":true}]}}