{"id":780207,"date":"2025-12-30T12:32:15","date_gmt":"2025-12-30T09:32:15","guid":{"rendered":"https:\/\/roveyayinevi.com.tr\/index.php\/urun\/mashle-6\/"},"modified":"2026-04-15T03:44:48","modified_gmt":"2026-04-15T00:44:48","slug":"mashle-6","status":"publish","type":"product","link":"https:\/\/roveyayinevi.com.tr\/index.php\/urun\/mashle-6\/","title":{"rendered":"Mashle 6"},"content":{"rendered":"<p>Uzun bir aradan sonra evine d\u00f6nen Mash, arkada\u015flar\u0131yla birlikte huzurlu anlar\u0131n tad\u0131n\u0131 \u00e7\u0131karmaktad\u0131r. Bu s\u0131rada ilahi vizyoner Rayne Ames, Mash&#8217;in eleme s\u0131nav\u0131na kat\u0131lmas\u0131n\u0131 engellemek i\u00e7in g\u00f6nderilen tehlikeli bir d\u00fc\u015fmanla kar\u015f\u0131 kar\u015f\u0131ya gelir! Bu d\u00fcello, ilahi vizyonerlerin ger\u00e7ek g\u00fcc\u00fcn\u00fc ilk kez g\u00f6zler \u00f6n\u00fcne serecek mi? As\u0131l s\u0131nav hen\u00fcz ba\u015flamadan k\u0131z\u0131\u015fan kaos ortam\u0131nda, Mash t\u00fcm bilinen kurallara meydan okuyarak hedefine do\u011fru ilerlemeye devam ediyor!<\/p>\n","protected":false},"excerpt":{"rendered":"<p>Uzun bir aradan sonra evine d\u00f6nen Mash, arkada\u015flar\u0131yla birlikte huzurlu anlar\u0131n tad\u0131n\u0131 \u00e7\u0131karmaktad\u0131r. Bu s\u0131rada ilahi vizyoner Rayne Ames, Mash&#8217;in eleme s\u0131nav\u0131na kat\u0131lmas\u0131n\u0131 engellemek i\u00e7in g\u00f6nderilen<span class=\"excerpt-hellip\"> [\u2026]<\/span><\/p>\n","protected":false},"featured_media":0,"template":"","meta":{"_monsterinsights_skip_tracking":false,"_monsterinsights_sitenote_active":false,"_monsterinsights_sitenote_note":"","_monsterinsights_sitenote_category":0},"product_brand":[],"product_cat":[12416,12291],"product_tag":[],"class_list":{"0":"post-780207","1":"product","2":"type-product","3":"status-publish","5":"product_cat-cizgi-roman","6":"product_cat-edebiyat","7":"pa_cilt-ciltsiz","8":"pa_tur-kitap","9":"pa_yayinevi-akil-celen-kitaplar","10":"pa_yazar-hajime-komoto","12":"first","13":"instock","14":"sale","15":"shipping-taxable","16":"purchasable","17":"product-type-simple"},"_links":{"self":[{"href":"https:\/\/roveyayinevi.com.tr\/index.php\/wp-json\/wp\/v2\/product\/780207","targetHints":{"allow":["GET"]}}],"collection":[{"href":"https:\/\/roveyayinevi.com.tr\/index.php\/wp-json\/wp\/v2\/product"}],"about":[{"href":"https:\/\/roveyayinevi.com.tr\/index.php\/wp-json\/wp\/v2\/types\/product"}],"wp:attachment":[{"href":"https:\/\/roveyayinevi.com.tr\/index.php\/wp-json\/wp\/v2\/media?parent=780207"}],"wp:term":[{"taxonomy":"product_brand","embeddable":true,"href":"https:\/\/roveyayinevi.com.tr\/index.php\/wp-json\/wp\/v2\/product_brand?post=780207"},{"taxonomy":"product_cat","embeddable":true,"href":"https:\/\/roveyayinevi.com.tr\/index.php\/wp-json\/wp\/v2\/product_cat?post=780207"},{"taxonomy":"product_tag","embeddable":true,"href":"https:\/\/roveyayinevi.com.tr\/index.php\/wp-json\/wp\/v2\/product_tag?post=780207"}],"curies":[{"name":"wp","href":"https:\/\/api.w.org\/{rel}","templated":true}]}}