{"id":780206,"date":"2025-12-30T12:32:10","date_gmt":"2025-12-30T09:32:10","guid":{"rendered":"https:\/\/roveyayinevi.com.tr\/index.php\/urun\/blue-box-mavi-kutu-2\/"},"modified":"2026-04-15T03:44:48","modified_gmt":"2026-04-15T00:44:48","slug":"blue-box-mavi-kutu-2","status":"publish","type":"product","link":"https:\/\/roveyayinevi.com.tr\/index.php\/urun\/blue-box-mavi-kutu-2\/","title":{"rendered":"Blue Box \u2013 Mavi Kutu 2"},"content":{"rendered":"<p>Taiki, Haryuu Senpai ile \u00e7iftler turnuvas\u0131 i\u00e7in e\u015fle\u015fti. Sert ve yo\u011fun antrenmanlar\u0131n ard\u0131ndan, sonunda b\u00f6lge elemeleri ba\u015flar! Liseleraras\u0131 ulusal turnuva yolunda ilerlerken, \u00c7inatsu\u2019nun ileti\u015fim bilgilerine ula\u015fmay\u0131 hedefleyen yeni bir rakip ortaya \u00e7\u0131kar\u2026 Taiki\u2019nin ne a\u015fkta ne de ma\u00e7ta kaybetme l\u00fcks\u00fc yok! Her \u015feyini ortaya koymal\u0131!<\/p>\n","protected":false},"excerpt":{"rendered":"<p>Taiki, Haryuu Senpai ile \u00e7iftler turnuvas\u0131 i\u00e7in e\u015fle\u015fti. Sert ve yo\u011fun antrenmanlar\u0131n ard\u0131ndan, sonunda b\u00f6lge elemeleri ba\u015flar! Liseleraras\u0131 ulusal turnuva yolunda ilerlerken, \u00c7inatsu\u2019nun ileti\u015fim bilgilerine ula\u015fmay\u0131<span class=\"excerpt-hellip\"> [\u2026]<\/span><\/p>\n","protected":false},"featured_media":0,"template":"","meta":{"_monsterinsights_skip_tracking":false,"_monsterinsights_sitenote_active":false,"_monsterinsights_sitenote_note":"","_monsterinsights_sitenote_category":0},"product_brand":[],"product_cat":[12416,12291],"product_tag":[],"class_list":{"0":"post-780206","1":"product","2":"type-product","3":"status-publish","5":"product_cat-cizgi-roman","6":"product_cat-edebiyat","7":"pa_cilt-ciltsiz","8":"pa_tur-kitap","9":"pa_yayinevi-akil-celen-kitaplar","10":"pa_yazar-kouji-miura","12":"first","13":"instock","14":"sale","15":"shipping-taxable","16":"purchasable","17":"product-type-simple"},"_links":{"self":[{"href":"https:\/\/roveyayinevi.com.tr\/index.php\/wp-json\/wp\/v2\/product\/780206","targetHints":{"allow":["GET"]}}],"collection":[{"href":"https:\/\/roveyayinevi.com.tr\/index.php\/wp-json\/wp\/v2\/product"}],"about":[{"href":"https:\/\/roveyayinevi.com.tr\/index.php\/wp-json\/wp\/v2\/types\/product"}],"wp:attachment":[{"href":"https:\/\/roveyayinevi.com.tr\/index.php\/wp-json\/wp\/v2\/media?parent=780206"}],"wp:term":[{"taxonomy":"product_brand","embeddable":true,"href":"https:\/\/roveyayinevi.com.tr\/index.php\/wp-json\/wp\/v2\/product_brand?post=780206"},{"taxonomy":"product_cat","embeddable":true,"href":"https:\/\/roveyayinevi.com.tr\/index.php\/wp-json\/wp\/v2\/product_cat?post=780206"},{"taxonomy":"product_tag","embeddable":true,"href":"https:\/\/roveyayinevi.com.tr\/index.php\/wp-json\/wp\/v2\/product_tag?post=780206"}],"curies":[{"name":"wp","href":"https:\/\/api.w.org\/{rel}","templated":true}]}}