{"id":780202,"date":"2025-12-30T12:31:51","date_gmt":"2025-12-30T09:31:51","guid":{"rendered":"https:\/\/roveyayinevi.com.tr\/index.php\/urun\/51-gun-tek-basina\/"},"modified":"2026-04-15T03:44:48","modified_gmt":"2026-04-15T00:44:48","slug":"51-gun-tek-basina","status":"publish","type":"product","link":"https:\/\/roveyayinevi.com.tr\/index.php\/urun\/51-gun-tek-basina\/","title":{"rendered":"51 G\u00fcn Tek Ba\u015f\u0131na"},"content":{"rendered":"<p>Bazen bir hayal, insan\u0131n i\u00e7indeki ate\u015fi y\u0131llarca s\u00f6nd\u00fcrmeden ta\u015f\u0131r. Bazen bir hedef, insan\u0131 d\u00fcnyan\u0131n en so\u011fuk, en sessiz, en ac\u0131mas\u0131z yerine bile g\u00f6t\u00fcr\u00fcr.   51 G\u00fcn Tek Ba\u015f\u0131na, Ali R\u0131za Bilal\u2019in on iki y\u0131l boyunca i\u00e7inde ta\u015f\u0131d\u0131\u011f\u0131 bir hayalin, Antarktika\u2019n\u0131n beyaz \u00e7\u00f6llerinde ger\u00e7e\u011fe d\u00f6n\u00fc\u015fme hik\u00e2yesi.   Buz r\u00fczg\u00e2rlar\u0131n\u0131n y\u00fcz\u00fcn\u00fc kesti\u011fi, g\u00fcne\u015fin hi\u00e7 batmad\u0131\u011f\u0131, sessizli\u011fin insan\u0131n i\u00e7sesini y\u00fckseltti\u011fi bir co\u011frafyada her g\u00fcn biraz daha yorulan, so\u011fukla, yaln\u0131zl\u0131kla ve do\u011fan\u0131n insana dayatt\u0131\u011f\u0131 her t\u00fcrl\u00fc engelle sava\u015farak ilerleyen bir y\u00fcr\u00fcy\u00fc\u015f\u00e7\u00fc&#8230;   Ama bu yolculuk sadece onun tek ba\u015f\u0131na att\u0131\u011f\u0131 ad\u0131mlardan ibaret bir kutup maceras\u0131 de\u011fil, bir insan\u0131n kendi s\u0131n\u0131rlar\u0131n\u0131 a\u015fma, \u00e7ocukluk hayalini ger\u00e7ekle\u015ftirme ve do\u011fan\u0131n kar\u015f\u0131s\u0131nda k\u00fc\u00e7\u00fclerek b\u00fcy\u00fcme \u00f6yk\u00fcs\u00fc.   Her sayfa, buzullar\u0131n \u00fczerinde ge\u00e7en bir g\u00fcn\u00fcn izini ta\u015f\u0131yor. Her c\u00fcmle, r\u00fczg\u00e2rla konu\u015fan bir yolcunun i\u00e7inden d\u00f6k\u00fclen bir par\u00e7a. Her sat\u0131r, yaln\u0131zl\u0131\u011f\u0131n nas\u0131l bir \u00f6\u011fretmen oldu\u011funu f\u0131s\u0131ld\u0131yor.   51 G\u00fcn Tek Ba\u015f\u0131na, fiziksel zorluklarla ruhsal d\u00f6n\u00fc\u015f\u00fcm\u00fc bir araya getiren; hem do\u011fayla hem de teknik aksiliklerle verilen bir hayatta kalma m\u00fccadelesini anlatan bir g\u00fcnl\u00fck. Antarktika\u2019n\u0131n beyaz bo\u015flu\u011funda at\u0131lan her ad\u0131m, Ali R\u0131za Bilal\u2019in on iki y\u0131l boyunca bekletti\u011fi bir r\u00fcyan\u0131n yank\u0131s\u0131d\u0131r.   Bu kitap, \u201cimk\u00e2ns\u0131z\u201d denen \u015feyin asl\u0131nda sadece ad\u0131m ad\u0131m y\u00fcr\u00fcnmemi\u015f bir yol oldu\u011funu hat\u0131rlat\u0131yor. <\/p>\n","protected":false},"excerpt":{"rendered":"<p>Bazen bir hayal, insan\u0131n i\u00e7indeki ate\u015fi y\u0131llarca s\u00f6nd\u00fcrmeden ta\u015f\u0131r. Bazen bir hedef, insan\u0131 d\u00fcnyan\u0131n en so\u011fuk, en sessiz, en ac\u0131mas\u0131z yerine bile g\u00f6t\u00fcr\u00fcr. 51 G\u00fcn Tek<span class=\"excerpt-hellip\"> [\u2026]<\/span><\/p>\n","protected":false},"featured_media":0,"template":"","meta":{"_monsterinsights_skip_tracking":false,"_monsterinsights_sitenote_active":false,"_monsterinsights_sitenote_note":"","_monsterinsights_sitenote_category":0},"product_brand":[],"product_cat":[13701,12291],"product_tag":[],"class_list":{"0":"post-780202","1":"product","2":"type-product","3":"status-publish","5":"product_cat-ani-mektup-gunluk","6":"product_cat-edebiyat","7":"pa_cilt-ciltsiz","8":"pa_tur-kitap","9":"pa_yayinevi-destek-yayinlari","10":"pa_yazar-ali-riza-bilal","12":"first","13":"instock","14":"sale","15":"shipping-taxable","16":"purchasable","17":"product-type-simple"},"_links":{"self":[{"href":"https:\/\/roveyayinevi.com.tr\/index.php\/wp-json\/wp\/v2\/product\/780202","targetHints":{"allow":["GET"]}}],"collection":[{"href":"https:\/\/roveyayinevi.com.tr\/index.php\/wp-json\/wp\/v2\/product"}],"about":[{"href":"https:\/\/roveyayinevi.com.tr\/index.php\/wp-json\/wp\/v2\/types\/product"}],"wp:attachment":[{"href":"https:\/\/roveyayinevi.com.tr\/index.php\/wp-json\/wp\/v2\/media?parent=780202"}],"wp:term":[{"taxonomy":"product_brand","embeddable":true,"href":"https:\/\/roveyayinevi.com.tr\/index.php\/wp-json\/wp\/v2\/product_brand?post=780202"},{"taxonomy":"product_cat","embeddable":true,"href":"https:\/\/roveyayinevi.com.tr\/index.php\/wp-json\/wp\/v2\/product_cat?post=780202"},{"taxonomy":"product_tag","embeddable":true,"href":"https:\/\/roveyayinevi.com.tr\/index.php\/wp-json\/wp\/v2\/product_tag?post=780202"}],"curies":[{"name":"wp","href":"https:\/\/api.w.org\/{rel}","templated":true}]}}