{"id":780193,"date":"2025-12-30T12:31:18","date_gmt":"2025-12-30T09:31:18","guid":{"rendered":"https:\/\/roveyayinevi.com.tr\/index.php\/urun\/baska-zamanlarin-adimlari\/"},"modified":"2026-04-15T03:44:47","modified_gmt":"2026-04-15T00:44:47","slug":"baska-zamanlarin-adimlari","status":"publish","type":"product","link":"https:\/\/roveyayinevi.com.tr\/index.php\/urun\/baska-zamanlarin-adimlari\/","title":{"rendered":"Ba\u015fka Zamanlar\u0131n Ad\u0131mlar\u0131"},"content":{"rendered":"<p>\u201cEv, insanda a\u011fr\u0131ya sebep olur muydu hi\u00e7?\u201dBaz\u0131 \u00f6yk\u00fcler, romanlar zaman\u0131n ruhunu yans\u0131tmakla kalmaz, zaman\u0131n kendisine d\u00f6n\u00fc\u015f\u00fcr. \u0130\u015fte b\u00f6yle bir dizi \u201cFresko \u00dc\u00e7lemesi\u201d. Ba\u015fak Baysall\u0131\u2019n\u0131n yaratt\u0131\u011f\u0131 her karakterin hayattaki yolculu\u011funa ayr\u0131 ayr\u0131 odaklanan, birini di\u011ferinden \u00fcst\u00fcn tutmayan, siyasi ve toplumsal arka plan\u0131 unutmayarak bireysel haf\u0131zayla kolektif haf\u0131zay\u0131 birle\u015ftiren, birbirine teyellenmi\u015f hik\u00e2yelerin bulu\u015ftu\u011fu bir gard\u0131rop, bir bavul belki \u2013 ya da apartman\u0131n ta kendisi.Yazar\u0131n \u00f6yk\u00fc kitab\u0131 Fresko Apartman\u0131\u2019yla ba\u015flad\u0131\u011f\u0131 ve o kitapta yer alan bir \u00f6yk\u00fcy\u00fc merkezine alan roman\u0131 Sarka\u00e7\u2019la devam etti\u011fi Fresko \u00dc\u00e7lemesi, t\u00fcm sorular\u0131n yan\u0131tland\u0131\u011f\u0131 Ba\u015fka Zamanlar\u0131n Ad\u0131mlar\u0131\u2019yla tamamlan\u0131yor. Ailesinin b\u0131rakt\u0131\u011f\u0131 izleri bir bir takip eden Defne, o foto\u011fraf alb\u00fcm\u00fcnde kendine yer bulabilecek mi? Gidecek mi, yoksa kalacak m\u0131? Nas\u0131l bir hayat arzulad\u0131\u011f\u0131na karar verebilecek mi? Topra\u011f\u0131ndan kopar\u0131lan, sevdi\u011fiyle vedala\u015famayan, maziyi i\u00e7inde \u00e7o\u011faltan kahramanlar\u0131n 1940\u2019tan 2019\u2019a ve oradan 2020\u2019ye uzanan k\u0131r\u0131k hik\u00e2yesi yazar\u0131n \u0130stanbul\u2019unda k\u00f6kleniyor ve sonunda, Defne\u2019nin se\u00e7imleriyle y\u00f6n\u00fcn\u00fc buluyor.Avram, \u0130stanbul gibi, diye f\u0131s\u0131ldad\u0131; g\u00f6z\u00fcnden iki damla ya\u015f s\u00fcz\u00fcld\u00fc,\u00f6yle hat\u0131rl\u0131yorum ya da bilmiyorum, \u015fimdi anlat\u0131rken bu tabloya g\u00f6zya\u015flar\u0131n\u0131 ben yak\u0131\u015ft\u0131rm\u0131\u015f olabilirim. O andan sonra g\u00f6rd\u00fc\u011f\u00fcm\u00fcz her yer bizim i\u00e7in \u0130stanbul gibi olacakt\u0131, \u0130stanbul\u2019a benzeyecekti. \u0130nsan, bilmedi\u011fi ne varsa onu bildi\u011fi bir yerden kavramak istiyor.<\/p>\n","protected":false},"excerpt":{"rendered":"<p>\u201cEv, insanda a\u011fr\u0131ya sebep olur muydu hi\u00e7?\u201dBaz\u0131 \u00f6yk\u00fcler, romanlar zaman\u0131n ruhunu yans\u0131tmakla kalmaz, zaman\u0131n kendisine d\u00f6n\u00fc\u015f\u00fcr. \u0130\u015fte b\u00f6yle bir dizi \u201cFresko \u00dc\u00e7lemesi\u201d. Ba\u015fak Baysall\u0131\u2019n\u0131n yaratt\u0131\u011f\u0131 her<span class=\"excerpt-hellip\"> [\u2026]<\/span><\/p>\n","protected":false},"featured_media":0,"template":"","meta":{"_monsterinsights_skip_tracking":false,"_monsterinsights_sitenote_active":false,"_monsterinsights_sitenote_note":"","_monsterinsights_sitenote_category":0},"product_brand":[],"product_cat":[12291,12711],"product_tag":[],"class_list":{"0":"post-780193","1":"product","2":"type-product","3":"status-publish","5":"product_cat-edebiyat","6":"product_cat-roman-oyku","7":"pa_cilt-ciltsiz","8":"pa_tur-kitap","9":"pa_yayinevi-everest-yayinlari","10":"pa_yazar-basak-baysalli","12":"first","13":"instock","14":"sale","15":"shipping-taxable","16":"purchasable","17":"product-type-simple"},"_links":{"self":[{"href":"https:\/\/roveyayinevi.com.tr\/index.php\/wp-json\/wp\/v2\/product\/780193","targetHints":{"allow":["GET"]}}],"collection":[{"href":"https:\/\/roveyayinevi.com.tr\/index.php\/wp-json\/wp\/v2\/product"}],"about":[{"href":"https:\/\/roveyayinevi.com.tr\/index.php\/wp-json\/wp\/v2\/types\/product"}],"wp:attachment":[{"href":"https:\/\/roveyayinevi.com.tr\/index.php\/wp-json\/wp\/v2\/media?parent=780193"}],"wp:term":[{"taxonomy":"product_brand","embeddable":true,"href":"https:\/\/roveyayinevi.com.tr\/index.php\/wp-json\/wp\/v2\/product_brand?post=780193"},{"taxonomy":"product_cat","embeddable":true,"href":"https:\/\/roveyayinevi.com.tr\/index.php\/wp-json\/wp\/v2\/product_cat?post=780193"},{"taxonomy":"product_tag","embeddable":true,"href":"https:\/\/roveyayinevi.com.tr\/index.php\/wp-json\/wp\/v2\/product_tag?post=780193"}],"curies":[{"name":"wp","href":"https:\/\/api.w.org\/{rel}","templated":true}]}}