{"id":780188,"date":"2025-12-30T12:30:59","date_gmt":"2025-12-30T09:30:59","guid":{"rendered":"https:\/\/roveyayinevi.com.tr\/index.php\/urun\/gormek-ve-fark-etmek\/"},"modified":"2026-04-15T03:44:47","modified_gmt":"2026-04-15T00:44:47","slug":"gormek-ve-fark-etmek","status":"publish","type":"product","link":"https:\/\/roveyayinevi.com.tr\/index.php\/urun\/gormek-ve-fark-etmek\/","title":{"rendered":"G\u00f6rmek ve Fark Etmek"},"content":{"rendered":"<p>Sanat\u0131n g\u00fcnl\u00fck hayatlar\u0131m\u0131zda bizlere \u0131\u015f\u0131k tutabilece\u011fini g\u00f6stererek t\u00fcm d\u00fcnyada geni\u015f bir okur kitlesi edinen Alain de Botton, d\u00fcnyaya daha dikkatli bakmak, fark etmek ve kendini daha iyi tan\u0131mak isteyenler i\u00e7in ilham verici bir rehber sunuyor okura.Modern insan\u0131n i\u00e7ine \u00e7\u00f6ken yaln\u0131zl\u0131k, h\u00fcz\u00fcn ve tatminsizlikle ba\u015fa \u00e7\u0131kmak i\u00e7in bazen en iyi yol, ge\u00e7mi\u015fin b\u00fcy\u00fck zihinlerine kulak vermektir. Bir roman kahraman\u0131 s\u0131k\u0131nt\u0131m\u0131za \u0131\u015f\u0131k tutabilir, bir ressam\u0131n f\u0131r\u00e7a darbeleri g\u00fcndelik hayatta sakl\u0131 g\u00fczellikleri g\u00f6sterebilir, bir filozof \u00e7al\u0131\u015fma hayat\u0131n\u0131n a\u011f\u0131rl\u0131\u011f\u0131n\u0131 anlama kavu\u015fturabilir. Alain de Botton, G\u00f6rmek ve Fark Etmek\u2019te okurlar\u0131n\u0131 edebiyat, felsefe ve tarihin k\u0131vr\u0131ml\u0131 yollar\u0131nda keyifli ve \u015fa\u015f\u0131rt\u0131c\u0131 bir ke\u015ffe davet ediyor.<\/p>\n","protected":false},"excerpt":{"rendered":"<p>Sanat\u0131n g\u00fcnl\u00fck hayatlar\u0131m\u0131zda bizlere \u0131\u015f\u0131k tutabilece\u011fini g\u00f6stererek t\u00fcm d\u00fcnyada geni\u015f bir okur kitlesi edinen Alain de Botton, d\u00fcnyaya daha dikkatli bakmak, fark etmek ve kendini daha<span class=\"excerpt-hellip\"> [\u2026]<\/span><\/p>\n","protected":false},"featured_media":0,"template":"","meta":{"_monsterinsights_skip_tracking":false,"_monsterinsights_sitenote_active":false,"_monsterinsights_sitenote_note":"","_monsterinsights_sitenote_category":0},"product_brand":[],"product_cat":[12777,12291],"product_tag":[],"class_list":{"0":"post-780188","1":"product","2":"type-product","3":"status-publish","5":"product_cat-deneme","6":"product_cat-edebiyat","7":"pa_cilt-ciltsiz","8":"pa_tur-kitap","9":"pa_yayinevi-everest-yayinlari","10":"pa_yazar-alain-de-botton","12":"first","13":"instock","14":"sale","15":"shipping-taxable","16":"purchasable","17":"product-type-simple"},"_links":{"self":[{"href":"https:\/\/roveyayinevi.com.tr\/index.php\/wp-json\/wp\/v2\/product\/780188","targetHints":{"allow":["GET"]}}],"collection":[{"href":"https:\/\/roveyayinevi.com.tr\/index.php\/wp-json\/wp\/v2\/product"}],"about":[{"href":"https:\/\/roveyayinevi.com.tr\/index.php\/wp-json\/wp\/v2\/types\/product"}],"wp:attachment":[{"href":"https:\/\/roveyayinevi.com.tr\/index.php\/wp-json\/wp\/v2\/media?parent=780188"}],"wp:term":[{"taxonomy":"product_brand","embeddable":true,"href":"https:\/\/roveyayinevi.com.tr\/index.php\/wp-json\/wp\/v2\/product_brand?post=780188"},{"taxonomy":"product_cat","embeddable":true,"href":"https:\/\/roveyayinevi.com.tr\/index.php\/wp-json\/wp\/v2\/product_cat?post=780188"},{"taxonomy":"product_tag","embeddable":true,"href":"https:\/\/roveyayinevi.com.tr\/index.php\/wp-json\/wp\/v2\/product_tag?post=780188"}],"curies":[{"name":"wp","href":"https:\/\/api.w.org\/{rel}","templated":true}]}}