{"id":780187,"date":"2025-12-30T12:30:55","date_gmt":"2025-12-30T09:30:55","guid":{"rendered":"https:\/\/roveyayinevi.com.tr\/index.php\/urun\/buyuk-yagmur\/"},"modified":"2026-04-11T14:47:21","modified_gmt":"2026-04-11T11:47:21","slug":"buyuk-yagmur","status":"publish","type":"product","link":"https:\/\/roveyayinevi.com.tr\/index.php\/urun\/buyuk-yagmur\/","title":{"rendered":"B\u00fcy\u00fck Ya\u011fmur"},"content":{"rendered":"<p>\u015eanu, memleketini g\u00f6rmek i\u00e7in Arhavi\u2019ye, nanas\u0131n\u0131n yan\u0131na gider. Burada do\u011fan\u0131n ve k\u00fclt\u00fcr\u00fcn yok edili\u015fine tan\u0131k olur. Bir zamanlar derelerin \u00f6zg\u00fcrce akt\u0131\u011f\u0131, ormanlar\u0131n say\u0131s\u0131z canl\u0131ya yuva oldu\u011fu, birbirinden g\u00fczel evlerle \u00e7evrili Arhavi, b\u00fcy\u00fck bir tehlikeyle kar\u015f\u0131 kar\u015f\u0131yad\u0131r. 2023 y\u0131l\u0131nda \u015eanu ba\u015fl\u0131\u011f\u0131yla yay\u0131mlanan ve KY\u00d6V (Kocaeli Y\u00fcksek \u00d6\u011frenim Vakf\u0131) \u00c7ocuk Edebiyat\u0131 \u00d6d\u00fclleri\u2019nde En \u0130yi \u00c7ocuk Roman\u0131 se\u00e7ilen B\u00fcy\u00fck Ya\u011fmur; bir \u00e7ocu\u011fun k\u00f6kleriyle, do\u011fayla ve memleketiyle derin ba\u011flar\u0131n\u0131 ke\u015ffedi\u015finin \u00f6yk\u00fcs\u00fc.<\/p>\n","protected":false},"excerpt":{"rendered":"<p>\u015eanu, memleketini g\u00f6rmek i\u00e7in Arhavi\u2019ye, nanas\u0131n\u0131n yan\u0131na gider. Burada do\u011fan\u0131n ve k\u00fclt\u00fcr\u00fcn yok edili\u015fine tan\u0131k olur. Bir zamanlar derelerin \u00f6zg\u00fcrce akt\u0131\u011f\u0131, ormanlar\u0131n say\u0131s\u0131z canl\u0131ya yuva oldu\u011fu,<span class=\"excerpt-hellip\"> [\u2026]<\/span><\/p>\n","protected":false},"featured_media":0,"template":"","meta":{"_monsterinsights_skip_tracking":false,"_monsterinsights_sitenote_active":false,"_monsterinsights_sitenote_note":"","_monsterinsights_sitenote_category":0},"product_brand":[],"product_cat":[12274,12284],"product_tag":[],"class_list":{"0":"post-780187","1":"product","2":"type-product","3":"status-publish","5":"product_cat-cocuk-ve-genclik-kitaplari","6":"product_cat-hikayeler","7":"pa_cilt-ciltsiz","8":"pa_tur-kitap","9":"pa_yayinevi-mea-kitap","10":"pa_yazar-nazli-demet-uyanik","12":"first","13":"instock","14":"sale","15":"shipping-taxable","16":"purchasable","17":"product-type-simple"},"_links":{"self":[{"href":"https:\/\/roveyayinevi.com.tr\/index.php\/wp-json\/wp\/v2\/product\/780187","targetHints":{"allow":["GET"]}}],"collection":[{"href":"https:\/\/roveyayinevi.com.tr\/index.php\/wp-json\/wp\/v2\/product"}],"about":[{"href":"https:\/\/roveyayinevi.com.tr\/index.php\/wp-json\/wp\/v2\/types\/product"}],"wp:attachment":[{"href":"https:\/\/roveyayinevi.com.tr\/index.php\/wp-json\/wp\/v2\/media?parent=780187"}],"wp:term":[{"taxonomy":"product_brand","embeddable":true,"href":"https:\/\/roveyayinevi.com.tr\/index.php\/wp-json\/wp\/v2\/product_brand?post=780187"},{"taxonomy":"product_cat","embeddable":true,"href":"https:\/\/roveyayinevi.com.tr\/index.php\/wp-json\/wp\/v2\/product_cat?post=780187"},{"taxonomy":"product_tag","embeddable":true,"href":"https:\/\/roveyayinevi.com.tr\/index.php\/wp-json\/wp\/v2\/product_tag?post=780187"}],"curies":[{"name":"wp","href":"https:\/\/api.w.org\/{rel}","templated":true}]}}