{"id":780183,"date":"2025-12-30T12:30:43","date_gmt":"2025-12-30T09:30:43","guid":{"rendered":"https:\/\/roveyayinevi.com.tr\/index.php\/urun\/elian\/"},"modified":"2026-04-03T03:36:12","modified_gmt":"2026-04-03T00:36:12","slug":"elian","status":"publish","type":"product","link":"https:\/\/roveyayinevi.com.tr\/index.php\/urun\/elian\/","title":{"rendered":"Elian"},"content":{"rendered":"<p>Kendinden ka\u00e7t\u0131k\u00e7a kaybolur, ac\u0131nla y\u00fczle\u015ftik\u00e7e \u00f6zg\u00fcrle\u015firsin.   \u201cGer\u00e7ek de\u011fi\u015fim bir yolculu\u011fa \u00e7\u0131k\u0131nca de\u011fil, yerinde kal\u0131p, ac\u0131y\u0131 tan\u0131y\u0131p onunla ba\u015f etmeyi \u00f6\u011frendi\u011finde ba\u015flar. Ac\u0131y\u0131 ba\u015far\u0131s\u0131zl\u0131kla kar\u0131\u015ft\u0131rmadan, bir amaca d\u00f6n\u00fc\u015ft\u00fcrmeden ya da ba\u015fka bir insanla \u00fcst\u00fcn\u00fc \u00f6rtmeden ya\u015famak gerekir. Bunu yapabilen biri yeniden ba\u015flaman\u0131n g\u00fcc\u00fcne sahip olur.\u201d \u0130nsan\u0131n kendini bulma ve ait oldu\u011fu yeri belirleme yolculu\u011fu, uzun a\u015famalardan ge\u00e7er. Bunu yaparken \u00e7ocukluktan ba\u015flayarak ya\u015fad\u0131klar\u0131, onun hayata ve ili\u015fkilere kar\u015f\u0131 verece\u011fi tepkileri belirler. Yine de ad\u0131na \u201chayat\u201d denilen bu uzun yol, insan\u0131n kendi se\u00e7imleriyle olu\u015fur. Zaya Blaze, ki\u015fisel geli\u015fim ile roman\u0131 birle\u015ftiren eseri Elian\u2019da, bunu herkesin anlayabilece\u011fi bir forma kavu\u015fturuyor. Mira, Aura ve Unaya adl\u0131 \u00fc\u00e7 hayal \u00fclkesinden ge\u00e7en insano\u011flu, sonunda yapt\u0131\u011f\u0131 hatalar\u0131n asl\u0131nda tecr\u00fcbe kazand\u0131rd\u0131\u011f\u0131n\u0131, ger\u00e7ek ya\u015fam\u0131n sosyal medyada de\u011fil, hayat\u0131n i\u00e7inde oldu\u011funu ke\u015ffediyor. Bu e\u015fsiz ke\u015fif, 21. y\u00fczy\u0131lda a\u015fkta, ili\u015fkilerde, i\u015fte ve ailede arad\u0131\u011f\u0131n\u0131 bulamayan herkes i\u00e7in bir cevap niteli\u011finde&#8230; <\/p>\n","protected":false},"excerpt":{"rendered":"<p>Kendinden ka\u00e7t\u0131k\u00e7a kaybolur, ac\u0131nla y\u00fczle\u015ftik\u00e7e \u00f6zg\u00fcrle\u015firsin. \u201cGer\u00e7ek de\u011fi\u015fim bir yolculu\u011fa \u00e7\u0131k\u0131nca de\u011fil, yerinde kal\u0131p, ac\u0131y\u0131 tan\u0131y\u0131p onunla ba\u015f etmeyi \u00f6\u011frendi\u011finde ba\u015flar. Ac\u0131y\u0131 ba\u015far\u0131s\u0131zl\u0131kla kar\u0131\u015ft\u0131rmadan, bir amaca<span class=\"excerpt-hellip\"> [\u2026]<\/span><\/p>\n","protected":false},"featured_media":0,"template":"","meta":{"_monsterinsights_skip_tracking":false,"_monsterinsights_sitenote_active":false,"_monsterinsights_sitenote_note":"","_monsterinsights_sitenote_category":0},"product_brand":[],"product_cat":[12364,12376],"product_tag":[],"class_list":{"0":"post-780183","1":"product","2":"type-product","3":"status-publish","5":"product_cat-genel-konular","6":"product_cat-kisisel-gelisim","7":"pa_cilt-ciltsiz","8":"pa_tur-kitap","9":"pa_yayinevi-destek-yayinlari","10":"pa_yazar-zaya-blaze","12":"first","13":"instock","14":"sale","15":"shipping-taxable","16":"purchasable","17":"product-type-simple"},"_links":{"self":[{"href":"https:\/\/roveyayinevi.com.tr\/index.php\/wp-json\/wp\/v2\/product\/780183","targetHints":{"allow":["GET"]}}],"collection":[{"href":"https:\/\/roveyayinevi.com.tr\/index.php\/wp-json\/wp\/v2\/product"}],"about":[{"href":"https:\/\/roveyayinevi.com.tr\/index.php\/wp-json\/wp\/v2\/types\/product"}],"wp:attachment":[{"href":"https:\/\/roveyayinevi.com.tr\/index.php\/wp-json\/wp\/v2\/media?parent=780183"}],"wp:term":[{"taxonomy":"product_brand","embeddable":true,"href":"https:\/\/roveyayinevi.com.tr\/index.php\/wp-json\/wp\/v2\/product_brand?post=780183"},{"taxonomy":"product_cat","embeddable":true,"href":"https:\/\/roveyayinevi.com.tr\/index.php\/wp-json\/wp\/v2\/product_cat?post=780183"},{"taxonomy":"product_tag","embeddable":true,"href":"https:\/\/roveyayinevi.com.tr\/index.php\/wp-json\/wp\/v2\/product_tag?post=780183"}],"curies":[{"name":"wp","href":"https:\/\/api.w.org\/{rel}","templated":true}]}}