{"id":780182,"date":"2025-12-30T12:30:41","date_gmt":"2025-12-30T09:30:41","guid":{"rendered":"https:\/\/roveyayinevi.com.tr\/index.php\/urun\/kaderini-yeniden-yaz\/"},"modified":"2026-04-15T03:44:47","modified_gmt":"2026-04-15T00:44:47","slug":"kaderini-yeniden-yaz","status":"publish","type":"product","link":"https:\/\/roveyayinevi.com.tr\/index.php\/urun\/kaderini-yeniden-yaz\/","title":{"rendered":"Kaderini Yeniden Yaz"},"content":{"rendered":"<p>Yeni y\u0131lda a\u015fk\u0131, bollu\u011fu, bereketi ve huzuru hayat\u0131na \u00e7ekmek senin elinde. Rit\u00fcellerle frekans\u0131n\u0131 de\u011fi\u015ftir, y\u0131l\u0131n enerjisini kendi lehine \u00e7evir.   Hayat\u0131nda her \u015feyin ayn\u0131 yerde tak\u0131l\u0131 kald\u0131\u011f\u0131n\u0131 hissetti\u011fin anlar oldu mu? A\u015fk hayat\u0131n bir t\u00fcrl\u00fc yoluna girmiyor, bolluk kap\u0131y\u0131 \u00e7alm\u0131yor, i\u00e7indeki g\u00fc\u00e7 a\u00e7\u0131\u011fa \u00e7\u0131kam\u0131yorsa belki de frekans\u0131n\u0131 yanl\u0131\u015f yere ayarl\u0131yorsundur. Astrolog Elif Bozkurter, y\u0131llard\u0131r uygulad\u0131\u011f\u0131 karma astroloji, rit\u00fceller ve bilin\u00e7alt\u0131 d\u00f6n\u00fc\u015f\u00fcm tekniklerini Kaderini Yeniden Yaz ile herkesin kullanabilece\u011fi bir rehbere d\u00f6n\u00fc\u015ft\u00fcr\u00fcyor. Bu kitapla: A\u015fk\u0131 kendine \u00e7ekmenin enerjisel yolunu \u00f6\u011frenecek, Bolluk ve bereketin ak\u0131\u015f\u0131na nas\u0131l hizalanaca\u011f\u0131n\u0131 ke\u015ffedecek, Do\u011fum haritandaki Ven\u00fcs, Ay, Mars ve G\u00fcne\u015f\u2019in ger\u00e7ek rehberli\u011fini anlayacak, Ge\u00e7mi\u015f d\u00f6ng\u00fclerini k\u0131r\u0131p yeni bir frekansa ge\u00e7mek i\u00e7in uygulamalar yapacaks\u0131n. Bu bir teori kitab\u0131 de\u011fil; rit\u00fceller, meditasyonlar, olumlamalar ve ki\u015fisel astroloji pusulanla ad\u0131m ad\u0131m d\u00f6n\u00fc\u015ft\u00fcren bir yolculuk. \u00c7\u00fcnk\u00fc kader dedi\u011fimiz \u015fey, \u00e7o\u011fu zaman fark etmedi\u011fimiz k\u00fc\u00e7\u00fck se\u00e7imlerle yeniden yaz\u0131l\u0131r. \u015eimdi s\u0131ra sende. <\/p>\n","protected":false},"excerpt":{"rendered":"<p>Yeni y\u0131lda a\u015fk\u0131, bollu\u011fu, bereketi ve huzuru hayat\u0131na \u00e7ekmek senin elinde. Rit\u00fcellerle frekans\u0131n\u0131 de\u011fi\u015ftir, y\u0131l\u0131n enerjisini kendi lehine \u00e7evir. Hayat\u0131nda her \u015feyin ayn\u0131 yerde tak\u0131l\u0131 kald\u0131\u011f\u0131n\u0131<span class=\"excerpt-hellip\"> [\u2026]<\/span><\/p>\n","protected":false},"featured_media":0,"template":"","meta":{"_monsterinsights_skip_tracking":false,"_monsterinsights_sitenote_active":false,"_monsterinsights_sitenote_note":"","_monsterinsights_sitenote_category":0},"product_brand":[],"product_cat":[19840,12364],"product_tag":[],"class_list":{"0":"post-780182","1":"product","2":"type-product","3":"status-publish","5":"product_cat-astroloji","6":"product_cat-genel-konular","7":"pa_cilt-ciltsiz","8":"pa_tur-kitap","9":"pa_yayinevi-destek-yayinlari","10":"pa_yazar-elif-bozkurter","12":"first","13":"instock","14":"sale","15":"shipping-taxable","16":"purchasable","17":"product-type-simple"},"_links":{"self":[{"href":"https:\/\/roveyayinevi.com.tr\/index.php\/wp-json\/wp\/v2\/product\/780182","targetHints":{"allow":["GET"]}}],"collection":[{"href":"https:\/\/roveyayinevi.com.tr\/index.php\/wp-json\/wp\/v2\/product"}],"about":[{"href":"https:\/\/roveyayinevi.com.tr\/index.php\/wp-json\/wp\/v2\/types\/product"}],"wp:attachment":[{"href":"https:\/\/roveyayinevi.com.tr\/index.php\/wp-json\/wp\/v2\/media?parent=780182"}],"wp:term":[{"taxonomy":"product_brand","embeddable":true,"href":"https:\/\/roveyayinevi.com.tr\/index.php\/wp-json\/wp\/v2\/product_brand?post=780182"},{"taxonomy":"product_cat","embeddable":true,"href":"https:\/\/roveyayinevi.com.tr\/index.php\/wp-json\/wp\/v2\/product_cat?post=780182"},{"taxonomy":"product_tag","embeddable":true,"href":"https:\/\/roveyayinevi.com.tr\/index.php\/wp-json\/wp\/v2\/product_tag?post=780182"}],"curies":[{"name":"wp","href":"https:\/\/api.w.org\/{rel}","templated":true}]}}