{"id":780181,"date":"2025-12-30T12:30:37","date_gmt":"2025-12-30T09:30:37","guid":{"rendered":"https:\/\/roveyayinevi.com.tr\/index.php\/urun\/insanini-nasil-egitirsin\/"},"modified":"2026-04-15T03:44:47","modified_gmt":"2026-04-15T00:44:47","slug":"insanini-nasil-egitirsin","status":"publish","type":"product","link":"https:\/\/roveyayinevi.com.tr\/index.php\/urun\/insanini-nasil-egitirsin\/","title":{"rendered":"\u0130nsan\u0131n\u0131 Nas\u0131l E\u011fitirsin?"},"content":{"rendered":"<p>\u201c\u0130nsan e\u011fitmek sab\u0131r ister. Neyse ki sabr\u0131m\u0131z sonsuz, mamas\u0131z kalmad\u0131\u011f\u0131m\u0131z s\u00fcrece.\u201d   Kedilerle insanlar aras\u0131ndaki karma\u015f\u0131k ili\u015fkiye, bilgili ve dikkatli bir \u0130talyan gatto\u2019nun g\u00f6zlerinden bakan, n\u00fckteli ve sevimli bir anlat\u0131m.   \u0130nsanlar\u0131n istila etti\u011fi bir gezegende ya\u015f\u0131yoruz. Zararl\u0131 bir t\u00fcr olduklar\u0131 s\u00f6ylenebilir; ama yads\u0131yamayaca\u011f\u0131m\u0131z kadar zeki ve yetenekliler (neyi niye yapt\u0131klar\u0131n\u0131 biz kediler pek anlayamasak da).   Belki de daha \u00f6nce d\u00fcnyada hi\u00e7 \u015fimdiki kadar \u00e7ok primat ya\u015famam\u0131\u015ft\u0131, ama yine de onlar\u0131 e\u011fitmek olduk\u00e7a kolayd\u0131r. Yeter ki iyi bilinen evcille\u015ftirme tekniklerini uygulay\u0131n: Y\u00fcksek sesli uyar\u0131lar, stratejik gece alarmlar\u0131 ve yerinde g\u00f6sterilen sevgi patlamalar\u0131 gibi. \u00dcstelik \u00f6rne\u011finizi dikkatle se\u00e7erseniz, tamamen uysalla\u015fabilece\u011fini g\u00f6receksiniz ve sonunda isteyebilece\u011finiz en iyi, en sad\u0131k yolda\u015fa sahip olacaks\u0131n\u0131z.   Andrea Ferolla\u2019n\u0131n zarif \u00e7izimleriyle g\u00f6rsel bir ziyafete d\u00f6n\u00fc\u015fen bu rehber, hayat\u0131n\u0131zdaki kedi severler i\u00e7in kusursuz bir arma\u011fan. <\/p>\n","protected":false},"excerpt":{"rendered":"<p>\u201c\u0130nsan e\u011fitmek sab\u0131r ister. Neyse ki sabr\u0131m\u0131z sonsuz, mamas\u0131z kalmad\u0131\u011f\u0131m\u0131z s\u00fcrece.\u201d Kedilerle insanlar aras\u0131ndaki karma\u015f\u0131k ili\u015fkiye, bilgili ve dikkatli bir \u0130talyan gatto\u2019nun g\u00f6zlerinden bakan, n\u00fckteli ve<span class=\"excerpt-hellip\"> [\u2026]<\/span><\/p>\n","protected":false},"featured_media":0,"template":"","meta":{"_monsterinsights_skip_tracking":false,"_monsterinsights_sitenote_active":false,"_monsterinsights_sitenote_note":"","_monsterinsights_sitenote_category":0},"product_brand":[],"product_cat":[12416,12291],"product_tag":[],"class_list":{"0":"post-780181","1":"product","2":"type-product","3":"status-publish","5":"product_cat-cizgi-roman","6":"product_cat-edebiyat","7":"pa_cilt-ciltsiz","8":"pa_tur-kitap","9":"pa_yayinevi-kara-karga-yayinlari","10":"pa_yazar-babas","12":"first","13":"instock","14":"sale","15":"shipping-taxable","16":"purchasable","17":"product-type-simple"},"_links":{"self":[{"href":"https:\/\/roveyayinevi.com.tr\/index.php\/wp-json\/wp\/v2\/product\/780181","targetHints":{"allow":["GET"]}}],"collection":[{"href":"https:\/\/roveyayinevi.com.tr\/index.php\/wp-json\/wp\/v2\/product"}],"about":[{"href":"https:\/\/roveyayinevi.com.tr\/index.php\/wp-json\/wp\/v2\/types\/product"}],"wp:attachment":[{"href":"https:\/\/roveyayinevi.com.tr\/index.php\/wp-json\/wp\/v2\/media?parent=780181"}],"wp:term":[{"taxonomy":"product_brand","embeddable":true,"href":"https:\/\/roveyayinevi.com.tr\/index.php\/wp-json\/wp\/v2\/product_brand?post=780181"},{"taxonomy":"product_cat","embeddable":true,"href":"https:\/\/roveyayinevi.com.tr\/index.php\/wp-json\/wp\/v2\/product_cat?post=780181"},{"taxonomy":"product_tag","embeddable":true,"href":"https:\/\/roveyayinevi.com.tr\/index.php\/wp-json\/wp\/v2\/product_tag?post=780181"}],"curies":[{"name":"wp","href":"https:\/\/api.w.org\/{rel}","templated":true}]}}