{"id":780180,"date":"2025-12-30T12:30:35","date_gmt":"2025-12-30T09:30:35","guid":{"rendered":"https:\/\/roveyayinevi.com.tr\/index.php\/urun\/koklerden-gelen-guzellik\/"},"modified":"2026-04-15T03:44:47","modified_gmt":"2026-04-15T00:44:47","slug":"koklerden-gelen-guzellik","status":"publish","type":"product","link":"https:\/\/roveyayinevi.com.tr\/index.php\/urun\/koklerden-gelen-guzellik\/","title":{"rendered":"K\u00f6klerden Gelen G\u00fczellik"},"content":{"rendered":"<p>Medeniyetlerin be\u015fi\u011fi, ta\u015f\u0131n ve inanc\u0131n \u015fehri Mardin&#8230; Estetisyen ve gu\u0308zellik uzman\u0131 Selda \u00d6zk\u00f6k, k\u00f6klerinin uzand\u0131\u011f\u0131 bu kadim topraklarda ku\u015faktan ku\u015fa\u011fa f\u0131s\u0131ldanan gu\u0308zellik s\u0131rlar\u0131n\u0131 bilimin \u0131\u015f\u0131\u011f\u0131yla bulu\u015fturarak modern ya\u015fam i\u00e7in yeniden yorumluyor. Sofran\u0131z\u0131 zenginle\u015ftirecek \u015fifa dolu lezzetler, cildinize \u0131\u015f\u0131lt\u0131 katacak pratik bak\u0131m ku\u0308rleri ve ruhunuzu besleyecek kadim ritu\u0308ellerle, \u00f6zu\u0308nu\u0308zdeki gu\u0308cu\u0308 yeniden ke\u015ffetmeye haz\u0131r m\u0131s\u0131n\u0131z? <\/p>\n","protected":false},"excerpt":{"rendered":"<p>Medeniyetlerin be\u015fi\u011fi, ta\u015f\u0131n ve inanc\u0131n \u015fehri Mardin&#8230; Estetisyen ve gu\u0308zellik uzman\u0131 Selda \u00d6zk\u00f6k, k\u00f6klerinin uzand\u0131\u011f\u0131 bu kadim topraklarda ku\u015faktan ku\u015fa\u011fa f\u0131s\u0131ldanan gu\u0308zellik s\u0131rlar\u0131n\u0131 bilimin \u0131\u015f\u0131\u011f\u0131yla bulu\u015fturarak<span class=\"excerpt-hellip\"> [\u2026]<\/span><\/p>\n","protected":false},"featured_media":0,"template":"","meta":{"_monsterinsights_skip_tracking":false,"_monsterinsights_sitenote_active":false,"_monsterinsights_sitenote_note":"","_monsterinsights_sitenote_category":0},"product_brand":[],"product_cat":[13365],"product_tag":[],"class_list":{"0":"post-780180","1":"product","2":"type-product","3":"status-publish","5":"product_cat-saglik","6":"pa_cilt-ciltli","7":"pa_tur-kitap","8":"pa_yayinevi-destek-yayinlari","9":"pa_yazar-selda-ozkok","11":"first","12":"instock","13":"sale","14":"shipping-taxable","15":"purchasable","16":"product-type-simple"},"_links":{"self":[{"href":"https:\/\/roveyayinevi.com.tr\/index.php\/wp-json\/wp\/v2\/product\/780180","targetHints":{"allow":["GET"]}}],"collection":[{"href":"https:\/\/roveyayinevi.com.tr\/index.php\/wp-json\/wp\/v2\/product"}],"about":[{"href":"https:\/\/roveyayinevi.com.tr\/index.php\/wp-json\/wp\/v2\/types\/product"}],"wp:attachment":[{"href":"https:\/\/roveyayinevi.com.tr\/index.php\/wp-json\/wp\/v2\/media?parent=780180"}],"wp:term":[{"taxonomy":"product_brand","embeddable":true,"href":"https:\/\/roveyayinevi.com.tr\/index.php\/wp-json\/wp\/v2\/product_brand?post=780180"},{"taxonomy":"product_cat","embeddable":true,"href":"https:\/\/roveyayinevi.com.tr\/index.php\/wp-json\/wp\/v2\/product_cat?post=780180"},{"taxonomy":"product_tag","embeddable":true,"href":"https:\/\/roveyayinevi.com.tr\/index.php\/wp-json\/wp\/v2\/product_tag?post=780180"}],"curies":[{"name":"wp","href":"https:\/\/api.w.org\/{rel}","templated":true}]}}