{"id":780179,"date":"2025-12-30T12:30:30","date_gmt":"2025-12-30T09:30:30","guid":{"rendered":"https:\/\/roveyayinevi.com.tr\/index.php\/urun\/kambur-3\/"},"modified":"2026-04-15T03:44:47","modified_gmt":"2026-04-15T00:44:47","slug":"kambur-3","status":"publish","type":"product","link":"https:\/\/roveyayinevi.com.tr\/index.php\/urun\/kambur-3\/","title":{"rendered":"Kambur"},"content":{"rendered":"<p>Bedenin mahk\u00fbmiyetinden zihnin \u00f6zg\u00fcrl\u00fc\u011f\u00fcne\u2026   Shaka, Japonya\u2019n\u0131n dar apartman odalar\u0131ndan birinde, solunum cihaz\u0131na ba\u011fl\u0131, k\u0131p\u0131rt\u0131s\u0131z bir bedenin i\u00e7inde ama u\u00e7suz bucaks\u0131z bir zihnin \u00f6zg\u00fcrl\u00fc\u011f\u00fcyle ya\u015f\u0131yor.  A\u011f\u0131r kas hastal\u0131\u011f\u0131yla do\u011fan, d\u00fcnyayla ili\u015fkisini dijital ekranlardan kuran bir kad\u0131n\u0131n g\u00f6z\u00fcnden, ya\u015fam\u0131n g\u00f6r\u00fcnmeyen y\u00fcz\u00fcn\u00fc anlat\u0131yor Kambur.   Erotik i\u00e7erikler yazarak para kazanan, dijital forumlarda \u00fcniversite \u00f6\u011frencisi kimli\u011fiyle tart\u0131\u015fmalara kat\u0131lan, ge\u00e7mi\u015fte olamam\u0131\u015f hayatlar\u0131 d\u00fc\u015fleyen, \u201cnormal\u201dli\u011fe uzaktan ama keskin bir bak\u0131\u015f atan bir anlat\u0131c\u0131 var kar\u015f\u0131n\u0131zda.   Bu roman, topluma ait olmaman\u0131n, s\u00fcrekli g\u00f6zetlenmenin, yard\u0131m edilen ama asla tam olarak dinlenmeyen bir hayat\u0131n i\u00e7inden y\u00fckseliyor.   Mizah ile h\u00fcz\u00fcn, erotizm ile yaln\u0131zl\u0131k, marjinallik ile entelekt\u00fcel analiz ayn\u0131 potada eriyor.   \u201cOla\u011fan\u00fcst\u00fc bir edebiyat. Nokta.\u201d \u2014 Johanna Hedva \u201cJapon edebiyat\u0131nda bir fenomene d\u00f6n\u00fc\u015fen Kambur, cinsellik, engelli olmak ve g\u00fc\u00e7 \u00fczerine hem inan\u0131lmaz hem de sars\u0131c\u0131 bir roman.\u201d \u2014 International Booker Prize J\u00fcrisi   \u201cUnutulmaz bir edebiyat&#8230; Bedeni merkeze alan bir gerilim&#8230; Tam anlam\u0131yla mucizevi.\u201d \u2014 The New York Times Book Review <\/p>\n","protected":false},"excerpt":{"rendered":"<p>Bedenin mahk\u00fbmiyetinden zihnin \u00f6zg\u00fcrl\u00fc\u011f\u00fcne\u2026 Shaka, Japonya\u2019n\u0131n dar apartman odalar\u0131ndan birinde, solunum cihaz\u0131na ba\u011fl\u0131, k\u0131p\u0131rt\u0131s\u0131z bir bedenin i\u00e7inde ama u\u00e7suz bucaks\u0131z bir zihnin \u00f6zg\u00fcrl\u00fc\u011f\u00fcyle ya\u015f\u0131yor. A\u011f\u0131r kas<span class=\"excerpt-hellip\"> [\u2026]<\/span><\/p>\n","protected":false},"featured_media":0,"template":"","meta":{"_monsterinsights_skip_tracking":false,"_monsterinsights_sitenote_active":false,"_monsterinsights_sitenote_note":"","_monsterinsights_sitenote_category":0},"product_brand":[],"product_cat":[12291,12711],"product_tag":[],"class_list":{"0":"post-780179","1":"product","2":"type-product","3":"status-publish","5":"product_cat-edebiyat","6":"product_cat-roman-oyku","7":"pa_cilt-ciltsiz","8":"pa_tur-kitap","9":"pa_yayinevi-beyaz-baykus-yayinlari","10":"pa_yazar-saou-ichikawa","12":"first","13":"instock","14":"sale","15":"shipping-taxable","16":"purchasable","17":"product-type-simple"},"_links":{"self":[{"href":"https:\/\/roveyayinevi.com.tr\/index.php\/wp-json\/wp\/v2\/product\/780179","targetHints":{"allow":["GET"]}}],"collection":[{"href":"https:\/\/roveyayinevi.com.tr\/index.php\/wp-json\/wp\/v2\/product"}],"about":[{"href":"https:\/\/roveyayinevi.com.tr\/index.php\/wp-json\/wp\/v2\/types\/product"}],"wp:attachment":[{"href":"https:\/\/roveyayinevi.com.tr\/index.php\/wp-json\/wp\/v2\/media?parent=780179"}],"wp:term":[{"taxonomy":"product_brand","embeddable":true,"href":"https:\/\/roveyayinevi.com.tr\/index.php\/wp-json\/wp\/v2\/product_brand?post=780179"},{"taxonomy":"product_cat","embeddable":true,"href":"https:\/\/roveyayinevi.com.tr\/index.php\/wp-json\/wp\/v2\/product_cat?post=780179"},{"taxonomy":"product_tag","embeddable":true,"href":"https:\/\/roveyayinevi.com.tr\/index.php\/wp-json\/wp\/v2\/product_tag?post=780179"}],"curies":[{"name":"wp","href":"https:\/\/api.w.org\/{rel}","templated":true}]}}