{"id":780178,"date":"2025-12-30T12:30:25","date_gmt":"2025-12-30T09:30:25","guid":{"rendered":"https:\/\/roveyayinevi.com.tr\/index.php\/urun\/berserk-13\/"},"modified":"2026-04-15T03:44:47","modified_gmt":"2026-04-15T00:44:47","slug":"berserk-13","status":"publish","type":"product","link":"https:\/\/roveyayinevi.com.tr\/index.php\/urun\/berserk-13\/","title":{"rendered":"Berserk 13"},"content":{"rendered":"<p>Griffith\u2019in \u00e7aresizli\u011fi Godhand\u2019in yery\u00fcz\u00fcne inmesini tetikler ve \u201cTutulma\u201d ba\u015flar! Yery\u00fcz\u00fcn\u00fc kaplayacak kadar \u00e7ok say\u0131da tuhaf yarat\u0131k d\u00f6rt bir yana sa\u00e7\u0131l\u0131r. Korkun\u00e7 bir m\u00fccadelenin ortas\u0131nda kalan \u015eahin Ekibi, Griffith\u2019in h\u0131rs\u0131n\u0131n kurban\u0131 olur. Bir\u00e7ok kay\u0131p verseler de Guts, i\u00e7ine d\u00fc\u015ft\u00fckleri umutsuz manzaraya kar\u015f\u0131 direnmeye devam eder. G\u00f6zlerinin \u00f6n\u00fcnde de\u011fi\u015fime u\u011frayan ve yok olan dostlar\u0131, sevdi\u011fi kad\u0131n\u0131n ellerinden kay\u0131p gitmesi Guts\u2019\u0131n i\u00e7indeki m\u00fccadele arzusunu y\u00fckseltir. Bu trajedi, Alt\u0131n \u00c7a\u011f\u2019\u0131n sonunun habercisi olacakt\u0131r!..   <\/p>\n","protected":false},"excerpt":{"rendered":"<p>Griffith\u2019in \u00e7aresizli\u011fi Godhand\u2019in yery\u00fcz\u00fcne inmesini tetikler ve \u201cTutulma\u201d ba\u015flar! Yery\u00fcz\u00fcn\u00fc kaplayacak kadar \u00e7ok say\u0131da tuhaf yarat\u0131k d\u00f6rt bir yana sa\u00e7\u0131l\u0131r. Korkun\u00e7 bir m\u00fccadelenin ortas\u0131nda kalan \u015eahin<span class=\"excerpt-hellip\"> [\u2026]<\/span><\/p>\n","protected":false},"featured_media":0,"template":"","meta":{"_monsterinsights_skip_tracking":false,"_monsterinsights_sitenote_active":false,"_monsterinsights_sitenote_note":"","_monsterinsights_sitenote_category":0},"product_brand":[],"product_cat":[12416,12291],"product_tag":[],"class_list":{"0":"post-780178","1":"product","2":"type-product","3":"status-publish","5":"product_cat-cizgi-roman","6":"product_cat-edebiyat","7":"pa_cilt-ciltsiz","8":"pa_tur-kitap","9":"pa_yayinevi-athica-yayinlari","10":"pa_yazar-kentaro-miura","12":"first","13":"instock","14":"sale","15":"shipping-taxable","16":"purchasable","17":"product-type-simple"},"_links":{"self":[{"href":"https:\/\/roveyayinevi.com.tr\/index.php\/wp-json\/wp\/v2\/product\/780178","targetHints":{"allow":["GET"]}}],"collection":[{"href":"https:\/\/roveyayinevi.com.tr\/index.php\/wp-json\/wp\/v2\/product"}],"about":[{"href":"https:\/\/roveyayinevi.com.tr\/index.php\/wp-json\/wp\/v2\/types\/product"}],"wp:attachment":[{"href":"https:\/\/roveyayinevi.com.tr\/index.php\/wp-json\/wp\/v2\/media?parent=780178"}],"wp:term":[{"taxonomy":"product_brand","embeddable":true,"href":"https:\/\/roveyayinevi.com.tr\/index.php\/wp-json\/wp\/v2\/product_brand?post=780178"},{"taxonomy":"product_cat","embeddable":true,"href":"https:\/\/roveyayinevi.com.tr\/index.php\/wp-json\/wp\/v2\/product_cat?post=780178"},{"taxonomy":"product_tag","embeddable":true,"href":"https:\/\/roveyayinevi.com.tr\/index.php\/wp-json\/wp\/v2\/product_tag?post=780178"}],"curies":[{"name":"wp","href":"https:\/\/api.w.org\/{rel}","templated":true}]}}