{"id":780176,"date":"2025-12-30T12:30:15","date_gmt":"2025-12-30T09:30:15","guid":{"rendered":"https:\/\/roveyayinevi.com.tr\/index.php\/urun\/berserk-15\/"},"modified":"2026-04-15T03:44:47","modified_gmt":"2026-04-15T00:44:47","slug":"berserk-15","status":"publish","type":"product","link":"https:\/\/roveyayinevi.com.tr\/index.php\/urun\/berserk-15\/","title":{"rendered":"Berserk 15"},"content":{"rendered":"<p>Tutulma\u2019n\u0131n \u00fczerinden iki y\u0131l ge\u00e7er. Kara Sava\u015f\u00e7\u0131 Guts, \u201cSisli Vadi\u2019nin Elfleri\u201d taraf\u0131ndan ya\u011fmalanan bir k\u00f6ye ula\u015f\u0131r. \u0130nsanlar\u0131 yiyen ve \u00e7ocuklar\u0131 ka\u00e7\u0131ran elflere tan\u0131kl\u0131k eden Guts, boynuna kaz\u0131nm\u0131\u015f olan kurban damgas\u0131n\u0131n \u00f6n\u00fcne \u00e7\u0131kard\u0131\u011f\u0131 yarat\u0131klarla m\u00fccadele eder. K\u00f6yl\u00fcler taraf\u0131ndan zorbal\u0131\u011fa u\u011frayan Jill ise elflerin krali\u00e7esinin, \u00e7ocukluk arkada\u015f\u0131 Rosine oldu\u011funu \u00f6\u011frenir. Bir yanda elfler taraf\u0131ndan ka\u00e7\u0131r\u0131lan Jill, di\u011fer yanda m\u00fcritlerin pe\u015finde olan Guts\u2019\u0131n yolculu\u011fu beklenmedik maceralarla \u015fekillenir. <\/p>\n","protected":false},"excerpt":{"rendered":"<p>Tutulma\u2019n\u0131n \u00fczerinden iki y\u0131l ge\u00e7er. Kara Sava\u015f\u00e7\u0131 Guts, \u201cSisli Vadi\u2019nin Elfleri\u201d taraf\u0131ndan ya\u011fmalanan bir k\u00f6ye ula\u015f\u0131r. \u0130nsanlar\u0131 yiyen ve \u00e7ocuklar\u0131 ka\u00e7\u0131ran elflere tan\u0131kl\u0131k eden Guts, boynuna<span class=\"excerpt-hellip\"> [\u2026]<\/span><\/p>\n","protected":false},"featured_media":0,"template":"","meta":{"_monsterinsights_skip_tracking":false,"_monsterinsights_sitenote_active":false,"_monsterinsights_sitenote_note":"","_monsterinsights_sitenote_category":0},"product_brand":[],"product_cat":[12416,12291],"product_tag":[],"class_list":{"0":"post-780176","1":"product","2":"type-product","3":"status-publish","5":"product_cat-cizgi-roman","6":"product_cat-edebiyat","7":"pa_cilt-ciltsiz","8":"pa_tur-kitap","9":"pa_yayinevi-athica-yayinlari","10":"pa_yazar-kentaro-miura","12":"first","13":"instock","14":"sale","15":"shipping-taxable","16":"purchasable","17":"product-type-simple"},"_links":{"self":[{"href":"https:\/\/roveyayinevi.com.tr\/index.php\/wp-json\/wp\/v2\/product\/780176","targetHints":{"allow":["GET"]}}],"collection":[{"href":"https:\/\/roveyayinevi.com.tr\/index.php\/wp-json\/wp\/v2\/product"}],"about":[{"href":"https:\/\/roveyayinevi.com.tr\/index.php\/wp-json\/wp\/v2\/types\/product"}],"wp:attachment":[{"href":"https:\/\/roveyayinevi.com.tr\/index.php\/wp-json\/wp\/v2\/media?parent=780176"}],"wp:term":[{"taxonomy":"product_brand","embeddable":true,"href":"https:\/\/roveyayinevi.com.tr\/index.php\/wp-json\/wp\/v2\/product_brand?post=780176"},{"taxonomy":"product_cat","embeddable":true,"href":"https:\/\/roveyayinevi.com.tr\/index.php\/wp-json\/wp\/v2\/product_cat?post=780176"},{"taxonomy":"product_tag","embeddable":true,"href":"https:\/\/roveyayinevi.com.tr\/index.php\/wp-json\/wp\/v2\/product_tag?post=780176"}],"curies":[{"name":"wp","href":"https:\/\/api.w.org\/{rel}","templated":true}]}}