{"id":780175,"date":"2025-12-30T12:30:11","date_gmt":"2025-12-30T09:30:11","guid":{"rendered":"https:\/\/roveyayinevi.com.tr\/index.php\/urun\/durrusehvar-sultanin-anilari\/"},"modified":"2026-04-15T03:44:47","modified_gmt":"2026-04-15T00:44:47","slug":"durrusehvar-sultanin-anilari","status":"publish","type":"product","link":"https:\/\/roveyayinevi.com.tr\/index.php\/urun\/durrusehvar-sultanin-anilari\/","title":{"rendered":"D\u00fcrr\u00fc\u015fehvar Sultan\u2019\u0131n An\u0131lar\u0131"},"content":{"rendered":"<p>Babas\u0131 son Halife Abd\u00fclmecid Efendi\u2019nin \u015fahlara has incisi D\u00fcrr\u00fc\u015fehvar Sultan, so\u011fuk bir k\u0131\u015fg\u00fcn\u00fc 27 Ocak 1914 tarihinde Ba\u011flarba\u015f\u0131 K\u00f6\u015fk\u00fc\u2019nde d\u00fcnyaya gelir. \u0130ri mavi g\u00f6zleriyle g\u00fczelli\u011firessam\u0131n f\u0131r\u00e7as\u0131ndan \u00e7\u0131kan nefis bir tabloya benzetilen ve dilden dile dola\u015fan D\u00fcrr\u00fc\u015fehvarSultan, babas\u0131n\u0131n k\u0131ymetlisidir. Hilafetin ilgas\u0131 karar\u0131 Abd\u00fclmecid Efendi\u2019ye bildirildi\u011finde,Dolmabah\u00e7e Saray\u0131\u2019ndaki ola\u011fan\u00fcst\u00fc hareketlili\u011fe on ya\u015flar\u0131ndaki D\u00fcrr\u00fc\u015fehvar da tan\u0131k olur.Yazar, D\u00fcrr\u00fc\u015fehvar Sultan\u2019\u0131n s\u00fcrg\u00fcnle ba\u015flayan hayat\u0131n\u0131n farkl\u0131 d\u00f6nemlerinde kaleme ald\u0131\u011f\u0131Do\u011fan isimli \u00e7al\u0131\u015fmas\u0131n\u0131 yeniden yorumlayarak okurla bulu\u015fturur. Okur bu kitapta,D\u00fcrr\u00fc\u015fehvar\u2019la tan\u0131\u015ft\u0131ktan sonra onun ger\u00e7eklerine tutunarak h\u00fclya alemine do\u011fru hakikat ve hayal araf\u0131nda bir yolculu\u011fa \u00e7\u0131kar.<\/p>\n","protected":false},"excerpt":{"rendered":"<p>Babas\u0131 son Halife Abd\u00fclmecid Efendi\u2019nin \u015fahlara has incisi D\u00fcrr\u00fc\u015fehvar Sultan, so\u011fuk bir k\u0131\u015fg\u00fcn\u00fc 27 Ocak 1914 tarihinde Ba\u011flarba\u015f\u0131 K\u00f6\u015fk\u00fc\u2019nde d\u00fcnyaya gelir. \u0130ri mavi g\u00f6zleriyle g\u00fczelli\u011firessam\u0131n f\u0131r\u00e7as\u0131ndan<span class=\"excerpt-hellip\"> [\u2026]<\/span><\/p>\n","protected":false},"featured_media":0,"template":"","meta":{"_monsterinsights_skip_tracking":false,"_monsterinsights_sitenote_active":false,"_monsterinsights_sitenote_note":"","_monsterinsights_sitenote_category":0},"product_brand":[],"product_cat":[12291],"product_tag":[],"class_list":{"0":"post-780175","1":"product","2":"type-product","3":"status-publish","5":"product_cat-edebiyat","6":"pa_cilt-ciltsiz","7":"pa_tur-kitap","8":"pa_yayinevi-vakifbank-kultur-yayinlari","9":"pa_yazar-lale-ucan","11":"first","12":"instock","13":"sale","14":"shipping-taxable","15":"purchasable","16":"product-type-simple"},"_links":{"self":[{"href":"https:\/\/roveyayinevi.com.tr\/index.php\/wp-json\/wp\/v2\/product\/780175","targetHints":{"allow":["GET"]}}],"collection":[{"href":"https:\/\/roveyayinevi.com.tr\/index.php\/wp-json\/wp\/v2\/product"}],"about":[{"href":"https:\/\/roveyayinevi.com.tr\/index.php\/wp-json\/wp\/v2\/types\/product"}],"wp:attachment":[{"href":"https:\/\/roveyayinevi.com.tr\/index.php\/wp-json\/wp\/v2\/media?parent=780175"}],"wp:term":[{"taxonomy":"product_brand","embeddable":true,"href":"https:\/\/roveyayinevi.com.tr\/index.php\/wp-json\/wp\/v2\/product_brand?post=780175"},{"taxonomy":"product_cat","embeddable":true,"href":"https:\/\/roveyayinevi.com.tr\/index.php\/wp-json\/wp\/v2\/product_cat?post=780175"},{"taxonomy":"product_tag","embeddable":true,"href":"https:\/\/roveyayinevi.com.tr\/index.php\/wp-json\/wp\/v2\/product_tag?post=780175"}],"curies":[{"name":"wp","href":"https:\/\/api.w.org\/{rel}","templated":true}]}}