{"id":780174,"date":"2025-12-30T12:30:09","date_gmt":"2025-12-30T09:30:09","guid":{"rendered":"https:\/\/roveyayinevi.com.tr\/index.php\/urun\/amerikayi-anlatmak\/"},"modified":"2026-04-15T03:44:47","modified_gmt":"2026-04-15T00:44:47","slug":"amerikayi-anlatmak","status":"publish","type":"product","link":"https:\/\/roveyayinevi.com.tr\/index.php\/urun\/amerikayi-anlatmak\/","title":{"rendered":"Amerika\u2019y\u0131 Anlatmak"},"content":{"rendered":"<p>Sosyoloji literat\u00fcr\u00fcnde tart\u0131\u015f\u0131lmaz bir yere sahip olan, \u00e7a\u011fda\u015f toplumsal teorinin etkili d\u00fc\u015f\u00fcn\u00fcrlerinden George Ritzer, Amerika\u2019y\u0131 Anlatmak\u2019ta modern d\u00fcnyan\u0131n ekonomik, k\u00fclt\u00fcrel ve simgesel \u00f6rg\u00fcs\u00fcn\u00fc analitik bir bak\u0131\u015fla ele al\u0131yor. Ritzer, k\u00fcresel kapitalizmin bug\u00fcn en s\u0131radan arac\u0131 olan kredi kart\u0131n\u0131, Amerikan toplumunun kimlik, stat\u00fc ve \u00f6zg\u00fcrl\u00fck ideallerini yeniden tan\u0131mlayan bir sembole d\u00f6n\u00fc\u015ft\u00fcr\u00fcyor. Kitapta, t\u00fcketim toplumundaki refah ve \u00f6zg\u00fcrl\u00fck vaatlerinin arkas\u0131nda yatan bor\u00e7 k\u00fclt\u00fcr\u00fc, kimli\u011fin metala\u015fmas\u0131 ve bireyin sistem i\u00e7indeki \u00e7\u00f6z\u00fcl\u00fc\u015f\u00fc say\u0131s\u0131z olgusal veriyle ortaya konuyor. Ritzer\u2019in me\u015fhur \u201cMcDonaldla\u015fma\u201d kavram\u0131 etraf\u0131ndaki anlat\u0131s\u0131na paralel bi\u00e7imde, burada da g\u00fcndelik hayat\u0131n y\u00fczeyinde gizlenen yap\u0131lar te\u015fhir ediliyor: h\u0131z, verimlilik ve kontrol\u00fcn \u015fekillendirdi\u011fi bir d\u00fcnya d\u00fczeni. Amerika\u2019y\u0131 Anlatmak, g\u00fcndelik hayat\u0131m\u0131z\u0131n ayr\u0131lmaz bir par\u00e7as\u0131 haline gelmi\u015f kredi kart\u0131 fenomeni \u00fczerinden yaln\u0131zca Amerikan k\u00fclt\u00fcr\u00fcn\u00fc de\u011fil, k\u00fcresel \u00f6l\u00e7ekte Amerikanla\u015fan bir d\u00fcnyan\u0131n ruhunu anlamak i\u00e7in benzersiz bir rehber niteli\u011finde\u2026 <\/p>\n","protected":false},"excerpt":{"rendered":"<p>Sosyoloji literat\u00fcr\u00fcnde tart\u0131\u015f\u0131lmaz bir yere sahip olan, \u00e7a\u011fda\u015f toplumsal teorinin etkili d\u00fc\u015f\u00fcn\u00fcrlerinden George Ritzer, Amerika\u2019y\u0131 Anlatmak\u2019ta modern d\u00fcnyan\u0131n ekonomik, k\u00fclt\u00fcrel ve simgesel \u00f6rg\u00fcs\u00fcn\u00fc analitik bir bak\u0131\u015fla<span class=\"excerpt-hellip\"> [\u2026]<\/span><\/p>\n","protected":false},"featured_media":0,"template":"","meta":{"_monsterinsights_skip_tracking":false,"_monsterinsights_sitenote_active":false,"_monsterinsights_sitenote_note":"","_monsterinsights_sitenote_category":0},"product_brand":[],"product_cat":[13488],"product_tag":[],"class_list":{"0":"post-780174","1":"product","2":"type-product","3":"status-publish","5":"product_cat-toplum-ve-insan","6":"pa_cilt-ciltsiz","7":"pa_tur-kitap","8":"pa_yayinevi-vakifbank-kultur-yayinlari","9":"pa_yazar-george-ritzer","11":"first","12":"instock","13":"sale","14":"shipping-taxable","15":"purchasable","16":"product-type-simple"},"_links":{"self":[{"href":"https:\/\/roveyayinevi.com.tr\/index.php\/wp-json\/wp\/v2\/product\/780174","targetHints":{"allow":["GET"]}}],"collection":[{"href":"https:\/\/roveyayinevi.com.tr\/index.php\/wp-json\/wp\/v2\/product"}],"about":[{"href":"https:\/\/roveyayinevi.com.tr\/index.php\/wp-json\/wp\/v2\/types\/product"}],"wp:attachment":[{"href":"https:\/\/roveyayinevi.com.tr\/index.php\/wp-json\/wp\/v2\/media?parent=780174"}],"wp:term":[{"taxonomy":"product_brand","embeddable":true,"href":"https:\/\/roveyayinevi.com.tr\/index.php\/wp-json\/wp\/v2\/product_brand?post=780174"},{"taxonomy":"product_cat","embeddable":true,"href":"https:\/\/roveyayinevi.com.tr\/index.php\/wp-json\/wp\/v2\/product_cat?post=780174"},{"taxonomy":"product_tag","embeddable":true,"href":"https:\/\/roveyayinevi.com.tr\/index.php\/wp-json\/wp\/v2\/product_tag?post=780174"}],"curies":[{"name":"wp","href":"https:\/\/api.w.org\/{rel}","templated":true}]}}