{"id":780173,"date":"2025-12-30T12:30:07","date_gmt":"2025-12-30T09:30:07","guid":{"rendered":"https:\/\/roveyayinevi.com.tr\/index.php\/urun\/boyle-olmaz\/"},"modified":"2026-04-15T03:44:47","modified_gmt":"2026-04-15T00:44:47","slug":"boyle-olmaz","status":"publish","type":"product","link":"https:\/\/roveyayinevi.com.tr\/index.php\/urun\/boyle-olmaz\/","title":{"rendered":"B\u00f6yle Olmaz!"},"content":{"rendered":"<p>Timu\u00e7in Koray G\u00fczelderen \u201cElinizdeki kitap, dev \u015firketlerin soyut form\u00fcllerini de\u011fil; hayat\u0131n i\u00e7inden i\u015fletmeleri, ya\u015fanm\u0131\u015f deneyimleri ve uygulanabilir fikirleri anlat\u0131yor. Yazar\u0131n samimi dili, konuyu yaln\u0131zca akademik bilgiyle de\u011fil, i\u00e7ten gelen bir sorumluluk duygusuyla ele ald\u0131\u011f\u0131n\u0131 a\u00e7\u0131k\u00e7a g\u00f6steriyor.\u201d Sadettin Saran Benim i\u015f hayat\u0131nda itibar etti\u011fim iki prensibimden bir tanesi vak\u0131a ile kavga edilemeyece\u011fidir. Di\u011ferini ise kitab\u0131n yazar\u0131 k\u0131ymetli dostum Koray G\u00fczelderen\u2019in bir sonraki kitab\u0131nda yine kendime sayfa \u00e7\u0131karabilmek i\u00e7in \u015fimdilik sakl\u0131 tutaca\u011f\u0131m. Osman Ert\u00fcrk \u00d6zel \u201cUzmanl\u0131k yararlan\u0131lmas\u0131 gereken bir hazinedir. Yine de s\u00f6ylediklerinizin al\u0131c\u0131s\u0131 yoksa, m\u00fc\u015fterisiz meta zayidir.\u2019\u2019 Timu\u00e7in Koray G\u00fczelderen Ger\u00e7ekten al\u0131c\u0131ysan\u0131z, buyurun<\/p>\n","protected":false},"excerpt":{"rendered":"<p>Timu\u00e7in Koray G\u00fczelderen \u201cElinizdeki kitap, dev \u015firketlerin soyut form\u00fcllerini de\u011fil; hayat\u0131n i\u00e7inden i\u015fletmeleri, ya\u015fanm\u0131\u015f deneyimleri ve uygulanabilir fikirleri anlat\u0131yor. Yazar\u0131n samimi dili, konuyu yaln\u0131zca akademik bilgiyle<span class=\"excerpt-hellip\"> [\u2026]<\/span><\/p>\n","protected":false},"featured_media":0,"template":"","meta":{"_monsterinsights_skip_tracking":false,"_monsterinsights_sitenote_active":false,"_monsterinsights_sitenote_note":"","_monsterinsights_sitenote_category":0},"product_brand":[],"product_cat":[17249,13043],"product_tag":[],"class_list":{"0":"post-780173","1":"product","2":"type-product","3":"status-publish","5":"product_cat-borsa-finans","6":"product_cat-ekonomi","7":"pa_cilt-ciltsiz","8":"pa_tur-kitap","9":"pa_yayinevi-sapiens-yayinlari","10":"pa_yazar-timucin-koray-guzelderen","12":"first","13":"instock","14":"sale","15":"shipping-taxable","16":"purchasable","17":"product-type-simple"},"_links":{"self":[{"href":"https:\/\/roveyayinevi.com.tr\/index.php\/wp-json\/wp\/v2\/product\/780173","targetHints":{"allow":["GET"]}}],"collection":[{"href":"https:\/\/roveyayinevi.com.tr\/index.php\/wp-json\/wp\/v2\/product"}],"about":[{"href":"https:\/\/roveyayinevi.com.tr\/index.php\/wp-json\/wp\/v2\/types\/product"}],"wp:attachment":[{"href":"https:\/\/roveyayinevi.com.tr\/index.php\/wp-json\/wp\/v2\/media?parent=780173"}],"wp:term":[{"taxonomy":"product_brand","embeddable":true,"href":"https:\/\/roveyayinevi.com.tr\/index.php\/wp-json\/wp\/v2\/product_brand?post=780173"},{"taxonomy":"product_cat","embeddable":true,"href":"https:\/\/roveyayinevi.com.tr\/index.php\/wp-json\/wp\/v2\/product_cat?post=780173"},{"taxonomy":"product_tag","embeddable":true,"href":"https:\/\/roveyayinevi.com.tr\/index.php\/wp-json\/wp\/v2\/product_tag?post=780173"}],"curies":[{"name":"wp","href":"https:\/\/api.w.org\/{rel}","templated":true}]}}