{"id":780172,"date":"2025-12-30T12:30:02","date_gmt":"2025-12-30T09:30:02","guid":{"rendered":"https:\/\/roveyayinevi.com.tr\/index.php\/urun\/cumhuriyetin-egitim-karnesi\/"},"modified":"2026-04-15T03:44:46","modified_gmt":"2026-04-15T00:44:46","slug":"cumhuriyetin-egitim-karnesi","status":"publish","type":"product","link":"https:\/\/roveyayinevi.com.tr\/index.php\/urun\/cumhuriyetin-egitim-karnesi\/","title":{"rendered":"Cumhuriyetin E\u011fitim Karnesi"},"content":{"rendered":"<p>Bu \u00e7al\u0131\u015fmas\u0131nda yazar, T\u00fcrkiye e\u011fitim sistemindeki problem, aksakl\u0131k ve yanl\u0131\u015fl\u0131klar \u00fczerine ele\u015ftirel bir analiz yapmaktad\u0131r. Bunu yaparken gerek teknik-b\u00fcrokratik ayg\u0131t olarak sistemin \u00fcretici ve ta\u015f\u0131y\u0131c\u0131s\u0131 olan MEB&#8217;in politikalar\u0131n\u0131 gerekse \u00e7e\u015fitli ideolojik kesimlerin (T\u00fcrkiye solu, \u0130slamc\u0131 \u00e7evre, Atat\u00fcrk\u00e7\u00fc cumhuriyet\u00e7iler, kapitalist piyasac\u0131lar) e\u011fitime bak\u0131\u015f a\u00e7\u0131lar\u0131n\u0131 ele\u015ftirmektedir. Bu ele\u015ftirel analizde ideoloji-siyaset ve e\u011fitim ili\u015fkisinden kalkarak mesleki e\u011fitim, m\u00fcfredat ve ders kitaplar\u0131, okuryazarl\u0131k, e\u011fitim 4.0, ba\u015far\u0131 ve kalite, s\u0131navlar, \u00f6\u011fretmen sorunu, okul \u00fcniformas\u0131, s\u0131n\u0131f anneli\u011fi, \u00fcniversiteler, akademisyenler, kimlik, karma e\u011fitim, okulda manevi dan\u0131\u015fman gibi pek \u00e7ok konuya de\u011finilmi\u015f. B\u00fct\u00fcn bu geni\u015f ve kapsay\u0131c\u0131 ba\u015fl\u0131klar, T\u00fcrkiye&#8217;de e\u011fitimin egemen sistemin ideolojik ve iktisadi yeniden \u00fcretimiyle i\u00e7 i\u00e7e oldu\u011funu g\u00f6steriyor. Siyasal iktidarlar, kapitalist piyasalar ve resm\u00ee ideolojinin i\u00e7 i\u00e7e ge\u00e7ti\u011fi yap\u0131sal g\u00fc\u00e7ler, e\u011fitimin gerek metala\u015fmas\u0131nda gerekse gericile\u015ftirilmesinde rol oynamaya devam ediyorlar. Bu yaz\u0131larda olmayan \u015fey, b\u00fct\u00fcn bunlara kar\u015f\u0131 geli\u015ftirilen direncin \u00e7e\u015fitli g\u00f6sterimlerinin \u00f6rneklendirilmesidir ancak bu \u00e7al\u0131\u015fman\u0131n kendisi, bir muhalif ve m\u00fcdahil odak veya g\u00fc\u00e7 olarak bir diren\u00e7 hatt\u0131 olarak g\u00f6r\u00fclebilir. Ele\u015ftirel pedagojik bak\u0131\u015f a\u00e7\u0131s\u0131yla sistemin genel bir foto\u011fraf\u0131n\u0131 farkl\u0131 momentlerde \u00e7ekerken detaylarda kaybolan pek \u00e7ok noktaya \u0131\u015f\u0131k tutan \u00e7al\u0131\u015fman\u0131n yararl\u0131 olmas\u0131n\u0131 umuyoruz. <\/p>\n","protected":false},"excerpt":{"rendered":"<p>Bu \u00e7al\u0131\u015fmas\u0131nda yazar, T\u00fcrkiye e\u011fitim sistemindeki problem, aksakl\u0131k ve yanl\u0131\u015fl\u0131klar \u00fczerine ele\u015ftirel bir analiz yapmaktad\u0131r. Bunu yaparken gerek teknik-b\u00fcrokratik ayg\u0131t olarak sistemin \u00fcretici ve ta\u015f\u0131y\u0131c\u0131s\u0131 olan<span class=\"excerpt-hellip\"> [\u2026]<\/span><\/p>\n","protected":false},"featured_media":0,"template":"","meta":{"_monsterinsights_skip_tracking":false,"_monsterinsights_sitenote_active":false,"_monsterinsights_sitenote_note":"","_monsterinsights_sitenote_category":0},"product_brand":[],"product_cat":[12777,12291],"product_tag":[],"class_list":{"0":"post-780172","1":"product","2":"type-product","3":"status-publish","5":"product_cat-deneme","6":"product_cat-edebiyat","7":"pa_cilt-ciltsiz","8":"pa_tur-kitap","9":"pa_yayinevi-sinirsiz-kitap","10":"pa_yazar-kemal-inal","12":"first","13":"instock","14":"sale","15":"shipping-taxable","16":"purchasable","17":"product-type-simple"},"_links":{"self":[{"href":"https:\/\/roveyayinevi.com.tr\/index.php\/wp-json\/wp\/v2\/product\/780172","targetHints":{"allow":["GET"]}}],"collection":[{"href":"https:\/\/roveyayinevi.com.tr\/index.php\/wp-json\/wp\/v2\/product"}],"about":[{"href":"https:\/\/roveyayinevi.com.tr\/index.php\/wp-json\/wp\/v2\/types\/product"}],"wp:attachment":[{"href":"https:\/\/roveyayinevi.com.tr\/index.php\/wp-json\/wp\/v2\/media?parent=780172"}],"wp:term":[{"taxonomy":"product_brand","embeddable":true,"href":"https:\/\/roveyayinevi.com.tr\/index.php\/wp-json\/wp\/v2\/product_brand?post=780172"},{"taxonomy":"product_cat","embeddable":true,"href":"https:\/\/roveyayinevi.com.tr\/index.php\/wp-json\/wp\/v2\/product_cat?post=780172"},{"taxonomy":"product_tag","embeddable":true,"href":"https:\/\/roveyayinevi.com.tr\/index.php\/wp-json\/wp\/v2\/product_tag?post=780172"}],"curies":[{"name":"wp","href":"https:\/\/api.w.org\/{rel}","templated":true}]}}