{"id":780170,"date":"2025-12-30T12:29:54","date_gmt":"2025-12-30T09:29:54","guid":{"rendered":"https:\/\/roveyayinevi.com.tr\/index.php\/urun\/ejderha-tika\/"},"modified":"2026-04-15T03:44:46","modified_gmt":"2026-04-15T00:44:46","slug":"ejderha-tika","status":"publish","type":"product","link":"https:\/\/roveyayinevi.com.tr\/index.php\/urun\/ejderha-tika\/","title":{"rendered":"Ejderha Tika"},"content":{"rendered":"<p>\u00c7ocuklara; payla\u015fmay\u0131, birlik ve beraberli\u011fi \u00f6\u011f\u00fctleyen, ayn\u0131 zamanda de\u011ferlerimizle ilgili baz\u0131 konular\u0131 \u00f6\u011freten e\u011flenceli bir macera\u2026 <\/p>\n","protected":false},"excerpt":{"rendered":"<p>\u00c7ocuklara; payla\u015fmay\u0131, birlik ve beraberli\u011fi \u00f6\u011f\u00fctleyen, ayn\u0131 zamanda de\u011ferlerimizle ilgili baz\u0131 konular\u0131 \u00f6\u011freten e\u011flenceli bir macera\u2026<\/p>\n","protected":false},"featured_media":0,"template":"","meta":{"_monsterinsights_skip_tracking":false,"_monsterinsights_sitenote_active":false,"_monsterinsights_sitenote_note":"","_monsterinsights_sitenote_category":0},"product_brand":[],"product_cat":[12274,12284],"product_tag":[],"class_list":{"0":"post-780170","1":"product","2":"type-product","3":"status-publish","5":"product_cat-cocuk-ve-genclik-kitaplari","6":"product_cat-hikayeler","7":"pa_cilt-ciltsiz","8":"pa_tur-kitap","9":"pa_yayinevi-hazer-yayinlari","10":"pa_yazar-yilcay-atar","12":"first","13":"instock","14":"sale","15":"shipping-taxable","16":"purchasable","17":"product-type-simple"},"_links":{"self":[{"href":"https:\/\/roveyayinevi.com.tr\/index.php\/wp-json\/wp\/v2\/product\/780170","targetHints":{"allow":["GET"]}}],"collection":[{"href":"https:\/\/roveyayinevi.com.tr\/index.php\/wp-json\/wp\/v2\/product"}],"about":[{"href":"https:\/\/roveyayinevi.com.tr\/index.php\/wp-json\/wp\/v2\/types\/product"}],"wp:attachment":[{"href":"https:\/\/roveyayinevi.com.tr\/index.php\/wp-json\/wp\/v2\/media?parent=780170"}],"wp:term":[{"taxonomy":"product_brand","embeddable":true,"href":"https:\/\/roveyayinevi.com.tr\/index.php\/wp-json\/wp\/v2\/product_brand?post=780170"},{"taxonomy":"product_cat","embeddable":true,"href":"https:\/\/roveyayinevi.com.tr\/index.php\/wp-json\/wp\/v2\/product_cat?post=780170"},{"taxonomy":"product_tag","embeddable":true,"href":"https:\/\/roveyayinevi.com.tr\/index.php\/wp-json\/wp\/v2\/product_tag?post=780170"}],"curies":[{"name":"wp","href":"https:\/\/api.w.org\/{rel}","templated":true}]}}