{"id":780167,"date":"2025-12-30T12:29:41","date_gmt":"2025-12-30T09:29:41","guid":{"rendered":"https:\/\/roveyayinevi.com.tr\/index.php\/urun\/sihirli-balon\/"},"modified":"2026-04-15T03:44:46","modified_gmt":"2026-04-15T00:44:46","slug":"sihirli-balon","status":"publish","type":"product","link":"https:\/\/roveyayinevi.com.tr\/index.php\/urun\/sihirli-balon\/","title":{"rendered":"Sihirli Balon"},"content":{"rendered":"<p>Alaz, Arya, Asel ve Vera, Erdemli sahilinde, Akdeniz\u2019in b\u00fcy\u00fcl\u00fc karanl\u0131\u011f\u0131n\u0131 izliyorlard\u0131. Ans\u0131z\u0131n g\u00f6ky\u00fcz\u00fcnde bir balon g\u00f6r\u00fcnd\u00fc. S\u00fcz\u00fclerek sahile indi. Balonun i\u00e7indeki \u00e7ocuk maketi, onlara kabine binmelerini s\u00f6yledi. Bindiler\u2026 Bir s\u00fcre sonra Afrika\u2019ya ula\u015ft\u0131lar. Kendilerini \u00f6k\u00fcz ba\u015fl\u0131 antiloplar\u0131n, zebralar\u0131n, ceylanlar\u0131n, aslanlar\u0131n, kaplanlar\u0131n, s\u0131rtlanlar\u0131n, z\u00fcrafalar\u0131n, \u00e7italar\u0131n ve fillerin i\u00e7inde buldular. O andan itibaren maceralar\u0131n ard\u0131 arkas\u0131 kesilmedi. <\/p>\n","protected":false},"excerpt":{"rendered":"<p>Alaz, Arya, Asel ve Vera, Erdemli sahilinde, Akdeniz\u2019in b\u00fcy\u00fcl\u00fc karanl\u0131\u011f\u0131n\u0131 izliyorlard\u0131. Ans\u0131z\u0131n g\u00f6ky\u00fcz\u00fcnde bir balon g\u00f6r\u00fcnd\u00fc. S\u00fcz\u00fclerek sahile indi. Balonun i\u00e7indeki \u00e7ocuk maketi, onlara kabine binmelerini<span class=\"excerpt-hellip\"> [\u2026]<\/span><\/p>\n","protected":false},"featured_media":0,"template":"","meta":{"_monsterinsights_skip_tracking":false,"_monsterinsights_sitenote_active":false,"_monsterinsights_sitenote_note":"","_monsterinsights_sitenote_category":0},"product_brand":[],"product_cat":[12291,14777],"product_tag":[],"class_list":{"0":"post-780167","1":"product","2":"type-product","3":"status-publish","5":"product_cat-edebiyat","6":"product_cat-fantastik","7":"pa_cilt-ciltsiz","8":"pa_tur-kitap","9":"pa_yayinevi-hazer-yayinlari","10":"pa_yazar-nihat-gokmen","12":"first","13":"instock","14":"sale","15":"shipping-taxable","16":"purchasable","17":"product-type-simple"},"_links":{"self":[{"href":"https:\/\/roveyayinevi.com.tr\/index.php\/wp-json\/wp\/v2\/product\/780167","targetHints":{"allow":["GET"]}}],"collection":[{"href":"https:\/\/roveyayinevi.com.tr\/index.php\/wp-json\/wp\/v2\/product"}],"about":[{"href":"https:\/\/roveyayinevi.com.tr\/index.php\/wp-json\/wp\/v2\/types\/product"}],"wp:attachment":[{"href":"https:\/\/roveyayinevi.com.tr\/index.php\/wp-json\/wp\/v2\/media?parent=780167"}],"wp:term":[{"taxonomy":"product_brand","embeddable":true,"href":"https:\/\/roveyayinevi.com.tr\/index.php\/wp-json\/wp\/v2\/product_brand?post=780167"},{"taxonomy":"product_cat","embeddable":true,"href":"https:\/\/roveyayinevi.com.tr\/index.php\/wp-json\/wp\/v2\/product_cat?post=780167"},{"taxonomy":"product_tag","embeddable":true,"href":"https:\/\/roveyayinevi.com.tr\/index.php\/wp-json\/wp\/v2\/product_tag?post=780167"}],"curies":[{"name":"wp","href":"https:\/\/api.w.org\/{rel}","templated":true}]}}