{"id":780166,"date":"2025-12-30T12:29:37","date_gmt":"2025-12-30T09:29:37","guid":{"rendered":"https:\/\/roveyayinevi.com.tr\/index.php\/urun\/kral-penguen\/"},"modified":"2026-04-15T03:44:46","modified_gmt":"2026-04-15T00:44:46","slug":"kral-penguen","status":"publish","type":"product","link":"https:\/\/roveyayinevi.com.tr\/index.php\/urun\/kral-penguen\/","title":{"rendered":"Kral Penguen"},"content":{"rendered":"<p>Kral Penguen ve \u00fc\u00e7 arkada\u015f\u0131 yerlerinde duram\u0131yorlard\u0131. Buzullarla kapl\u0131 Antarktika K\u0131ta\u2019s\u0131n\u0131n alt\u0131n\u0131 \u00fcst\u00fcne getiriyorlard\u0131. U\u00e7suz bucaks\u0131z okyanusun i\u00e7inde her g\u00fcn bir macerayla sars\u0131l\u0131yorlard\u0131. Bazen fok bal\u0131klar\u0131yla, bazen k\u00f6pek bal\u0131klar\u0131yla, bazen de katil balinalarla kar\u015f\u0131 kar\u015f\u0131ya geliyorlard\u0131. Her defas\u0131nda birbirinden ilgin\u00e7 maceralar ya\u015f\u0131yor, b\u00fcy\u00fck tehlikeler atlat\u0131yorlard\u0131. <\/p>\n","protected":false},"excerpt":{"rendered":"<p>Kral Penguen ve \u00fc\u00e7 arkada\u015f\u0131 yerlerinde duram\u0131yorlard\u0131. Buzullarla kapl\u0131 Antarktika K\u0131ta\u2019s\u0131n\u0131n alt\u0131n\u0131 \u00fcst\u00fcne getiriyorlard\u0131. U\u00e7suz bucaks\u0131z okyanusun i\u00e7inde her g\u00fcn bir macerayla sars\u0131l\u0131yorlard\u0131. Bazen fok bal\u0131klar\u0131yla,<span class=\"excerpt-hellip\"> [\u2026]<\/span><\/p>\n","protected":false},"featured_media":0,"template":"","meta":{"_monsterinsights_skip_tracking":false,"_monsterinsights_sitenote_active":false,"_monsterinsights_sitenote_note":"","_monsterinsights_sitenote_category":0},"product_brand":[],"product_cat":[12291,14777],"product_tag":[],"class_list":{"0":"post-780166","1":"product","2":"type-product","3":"status-publish","5":"product_cat-edebiyat","6":"product_cat-fantastik","7":"pa_cilt-ciltsiz","8":"pa_tur-kitap","9":"pa_yayinevi-hazer-yayinlari","10":"pa_yazar-nihat-gokmen","12":"first","13":"instock","14":"sale","15":"shipping-taxable","16":"purchasable","17":"product-type-simple"},"_links":{"self":[{"href":"https:\/\/roveyayinevi.com.tr\/index.php\/wp-json\/wp\/v2\/product\/780166","targetHints":{"allow":["GET"]}}],"collection":[{"href":"https:\/\/roveyayinevi.com.tr\/index.php\/wp-json\/wp\/v2\/product"}],"about":[{"href":"https:\/\/roveyayinevi.com.tr\/index.php\/wp-json\/wp\/v2\/types\/product"}],"wp:attachment":[{"href":"https:\/\/roveyayinevi.com.tr\/index.php\/wp-json\/wp\/v2\/media?parent=780166"}],"wp:term":[{"taxonomy":"product_brand","embeddable":true,"href":"https:\/\/roveyayinevi.com.tr\/index.php\/wp-json\/wp\/v2\/product_brand?post=780166"},{"taxonomy":"product_cat","embeddable":true,"href":"https:\/\/roveyayinevi.com.tr\/index.php\/wp-json\/wp\/v2\/product_cat?post=780166"},{"taxonomy":"product_tag","embeddable":true,"href":"https:\/\/roveyayinevi.com.tr\/index.php\/wp-json\/wp\/v2\/product_tag?post=780166"}],"curies":[{"name":"wp","href":"https:\/\/api.w.org\/{rel}","templated":true}]}}