{"id":780165,"date":"2025-12-30T12:29:33","date_gmt":"2025-12-30T09:29:33","guid":{"rendered":"https:\/\/roveyayinevi.com.tr\/index.php\/urun\/kirmizi-ucurtma\/"},"modified":"2026-04-15T03:44:46","modified_gmt":"2026-04-15T00:44:46","slug":"kirmizi-ucurtma","status":"publish","type":"product","link":"https:\/\/roveyayinevi.com.tr\/index.php\/urun\/kirmizi-ucurtma\/","title":{"rendered":"K\u0131rm\u0131z\u0131 U\u00e7urtma"},"content":{"rendered":"<p>U\u00e7urtmalar\u0131n iplerinde birer bo\u015f \u00e7uval gibi sallanan gen\u00e7ler, korkudan bilin\u00e7lerini kaybetmi\u015f, ruhsuz birer varl\u0131\u011fa d\u00f6n\u00fc\u015fm\u00fc\u015flerdi. Bir s\u00fcre sonra y\u00fckselmeye ba\u015flayan u\u00e7urtmalar, k\u0131sa bir zaman i\u00e7inde uzay\u0131n sonsuz maviliklerinde kayboldular. Saatlerce s\u00fcren gerilim dolu yolculu\u011fun, nerede sona erece\u011fi hi\u00e7 belli de\u011fildi. En sonunda kendilerini g\u00f6kku\u015fa\u011f\u0131 gibi renkli bir gezegende buldular.       Ak\u0131ll\u0131 Gezegen\u2019de her \u015fey \u00e7ok tuhaft\u0131! Ola\u011fan\u00fcst\u00fc bir\u00e7ok \u015feyle kar\u015f\u0131 kar\u015f\u0131ya kald\u0131lar. \u0130nsanlar\u0131n ve hayvanlar\u0131n olmad\u0131\u011f\u0131,  sadece bitkilerin, reng\u00e2renk g\u00f6zlerin ya\u015fad\u0131\u011f\u0131 bir yerdeydiler. Heyecanlar\u0131n en b\u00fcy\u00fc\u011f\u00fc, hayretlerin en \u015fiddetlisi, hayranl\u0131klar\u0131n en derini onlar\u0131 beklemekteydi. <\/p>\n","protected":false},"excerpt":{"rendered":"<p>U\u00e7urtmalar\u0131n iplerinde birer bo\u015f \u00e7uval gibi sallanan gen\u00e7ler, korkudan bilin\u00e7lerini kaybetmi\u015f, ruhsuz birer varl\u0131\u011fa d\u00f6n\u00fc\u015fm\u00fc\u015flerdi. Bir s\u00fcre sonra y\u00fckselmeye ba\u015flayan u\u00e7urtmalar, k\u0131sa bir zaman i\u00e7inde uzay\u0131n<span class=\"excerpt-hellip\"> [\u2026]<\/span><\/p>\n","protected":false},"featured_media":0,"template":"","meta":{"_monsterinsights_skip_tracking":false,"_monsterinsights_sitenote_active":false,"_monsterinsights_sitenote_note":"","_monsterinsights_sitenote_category":0},"product_brand":[],"product_cat":[12291,14777],"product_tag":[],"class_list":{"0":"post-780165","1":"product","2":"type-product","3":"status-publish","5":"product_cat-edebiyat","6":"product_cat-fantastik","7":"pa_cilt-ciltsiz","8":"pa_tur-kitap","9":"pa_yayinevi-hazer-yayinlari","10":"pa_yazar-nihat-gokmen","12":"first","13":"instock","14":"sale","15":"shipping-taxable","16":"purchasable","17":"product-type-simple"},"_links":{"self":[{"href":"https:\/\/roveyayinevi.com.tr\/index.php\/wp-json\/wp\/v2\/product\/780165","targetHints":{"allow":["GET"]}}],"collection":[{"href":"https:\/\/roveyayinevi.com.tr\/index.php\/wp-json\/wp\/v2\/product"}],"about":[{"href":"https:\/\/roveyayinevi.com.tr\/index.php\/wp-json\/wp\/v2\/types\/product"}],"wp:attachment":[{"href":"https:\/\/roveyayinevi.com.tr\/index.php\/wp-json\/wp\/v2\/media?parent=780165"}],"wp:term":[{"taxonomy":"product_brand","embeddable":true,"href":"https:\/\/roveyayinevi.com.tr\/index.php\/wp-json\/wp\/v2\/product_brand?post=780165"},{"taxonomy":"product_cat","embeddable":true,"href":"https:\/\/roveyayinevi.com.tr\/index.php\/wp-json\/wp\/v2\/product_cat?post=780165"},{"taxonomy":"product_tag","embeddable":true,"href":"https:\/\/roveyayinevi.com.tr\/index.php\/wp-json\/wp\/v2\/product_tag?post=780165"}],"curies":[{"name":"wp","href":"https:\/\/api.w.org\/{rel}","templated":true}]}}