{"id":780164,"date":"2025-12-30T12:29:29","date_gmt":"2025-12-30T09:29:29","guid":{"rendered":"https:\/\/roveyayinevi.com.tr\/index.php\/urun\/anayasal-demokratik-laik-sosyal-hukuk-devleti-bir-utopya-midir\/"},"modified":"2026-04-15T03:44:46","modified_gmt":"2026-04-15T00:44:46","slug":"anayasal-demokratik-laik-sosyal-hukuk-devleti-bir-utopya-midir","status":"publish","type":"product","link":"https:\/\/roveyayinevi.com.tr\/index.php\/urun\/anayasal-demokratik-laik-sosyal-hukuk-devleti-bir-utopya-midir\/","title":{"rendered":"Anayasal, Demokratik, Laik, Sosyal Hukuk Devleti Bir \u00dctopya M\u0131d\u0131r?"},"content":{"rendered":"<p>Bu kitap, uzun y\u0131llard\u0131r s\u00fcregelen toplumsal ve bilimsel g\u00f6zlemlerim, okumalar\u0131m ve 27. kitaba ula\u015fan yazarl\u0131k u\u011fra\u015f\u0131m\u0131n birikimleriyle olu\u015ftu. Di\u011fer eserlerin devam\u0131 olup, tamamlay\u0131c\u0131 nitelikte d\u00fc\u015f\u00fcn\u00fclebilir. Amac\u0131; anayasal, demokratik, l\u00e2ik ve sosyal hukuk devleti gibi temel kavramlar\u0131n bir \u00fctopya olup olmad\u0131\u011f\u0131n\u0131 samimiyet, cesaret ve kararl\u0131l\u0131kla sorgulamakt\u0131r. Yazma gerek\u00e7em; i\u00e7inde ya\u015fad\u0131\u011f\u0131m\u0131z d\u00f6nemin h\u0131zla de\u011fi\u015fen ko\u015fullar\u0131nda anayasal, demokratik, l\u00e2ik ve sosyal hukuk devleti idealinin ger\u00e7ekten bir \u00fctopya m\u0131, yoksa m\u00fcmk\u00fcn\u00fc olan bir hedef mi oldu\u011funu yeniden d\u00fc\u015f\u00fcnmeye duydu\u011fum ihtiya\u00e7t\u0131r. Bug\u00fcn\u00fcn d\u00fcnyas\u0131nda, bilgi kirlili\u011finin artt\u0131\u011f\u0131, hakikat alg\u0131s\u0131n\u0131n bulan\u0131kla\u015ft\u0131\u011f\u0131, kutupla\u015fman\u0131n derinle\u015fti\u011fi bir d\u00f6nemde, bu sorular\u0131 sormak ge\u00e7mi\u015fe k\u0131yasla daha da zorunlu h\u00e2le gelmi\u015ftir. E\u015fitlik\u00e7i, \u00f6zg\u00fcrl\u00fck\u00e7\u00fc, \u00e7o\u011fulcu, kat\u0131l\u0131mc\u0131, sosyal adalet\u00e7i, \u015feffaf ve denetlenebilir bir devlet y\u00f6netimi sistemine lay\u0131k m\u0131y\u0131z ve hak etti\u011fimiz ve \u00f6zledi\u011fimiz d\u00fczenin neresindeyiz? Bir ideal, d\u00fc\u015f\u00fcnce, fikir, sistem ve eylemin yaln\u0131zca \u00fctopya olarak kalmas\u0131 ya da kabul edilebilir, uygulanabilir, s\u00fcrd\u00fcr\u00fclebilir d\u00fczeye gelmesi; bireysel niyet, plan, istek, co\u015fku, giri\u015fim, azim ve kararl\u0131l\u0131\u011f\u0131m\u0131za ba\u011fl\u0131d\u0131r. Toplumsal bir d\u00fczlemde bulu\u015ftu\u011fumuzda; hak etti\u011fimiz ve arzulad\u0131\u011f\u0131m\u0131z sistemi kurmak i\u00e7in ba\u015fka ne t\u00fcr bir etken ve engel olabilir ki?&#8230; Devlet kutsalla\u015ft\u0131r\u0131l\u0131p, halktan kopuk hale geldi\u011finde; vatanda\u015f\u0131n g\u00fcvenlik ve \u00f6zg\u00fcrl\u00fck dengesi de bozulacakt\u0131r. Bireysel istek ve irademizin; isabetli, yeterli ve yerinde olmas\u0131; olu\u015fan toplumsal iradeyi y\u00f6nlendirecek ve bu s\u00fcre\u00e7 bizi, arzulad\u0131\u011f\u0131m\u0131z devlet idealiyle bulu\u015fturacakt\u0131r.  \u201cAr\u0131zal\u0131 kafalar\u201d metaforu ise, stat\u00fckoyu kutsayan, sorgulamaktan ka\u00e7an, hatay\u0131 sistem de\u011fil birey \u00fczerinde arayan zihniyet bi\u00e7imini temsil eder. Bu kitap bir su\u00e7lama de\u011fil; aksine, bu zihniyetin nas\u0131l d\u00f6n\u00fc\u015ft\u00fcr\u00fclebilece\u011fine dair bir fark\u0131ndal\u0131k, giri\u015fim ve de\u011fi\u015fim rehberidir. Arzulad\u0131\u011f\u0131m\u0131z bu idealler bize elbette uzay bo\u015flu\u011fundan ya da hayal \u00e2leminden alt\u0131n bir tepside sunulmayacakt\u0131r. \u201cBa\u015fkalar\u0131 yaps\u0131n,  biz de onaylayal\u0131m.\u201d mant\u0131\u011f\u0131; t\u00fcm gecikmelerin, savrulmalar\u0131n ve teslimiyetlerin temel sebebidir. Oysa \u201cSen yok isen, bir eksi\u011fiz.\u201d s\u00f6z\u00fc, toplumsal sorumlulu\u011fun \u00f6zl\u00fc bir ifadesidir ve bu kitapta arad\u0131\u011f\u0131m\u0131z d\u00f6n\u00fc\u015f\u00fcm\u00fcn kilit kavram\u0131d\u0131r. Kitab\u0131n b\u00f6l\u00fcmleri: -denemeler, \u00f6zdeyi\u015fler, \u015fiirler ve al\u0131nt\u0131lar\u2014tek bir d\u00fc\u015f\u00fcnce disiplinine s\u0131k\u0131\u015fmayan, \u00e7ok y\u00f6nl\u00fc bir yolculu\u011fu temsil eder. Farkl\u0131 disiplinlerden, farkl\u0131 anlat\u0131m bi\u00e7imlerinden ve farkl\u0131 duygusal tonlardan beslenmek zorunday\u0131z. Soyut kavramlar\u0131 g\u00fcnl\u00fck ya\u015famla bulu\u015fturmak, okurun zihninde yeni kap\u0131lar aralamak i\u00e7in bu \u00e7ok katmanl\u0131 yap\u0131y\u0131 bilin\u00e7li olarak tercih ettim. Bu metinler, yaln\u0131zca bilgi sunmay\u0131 de\u011fil; ayn\u0131 zamanda bir fark\u0131ndal\u0131k, bir soru sorma cesareti ve bir davran\u0131\u015f bi\u00e7imi de\u011fi\u015fikli\u011fini tetiklemeyi ama\u00e7lar. \u00d6nerilen kitap listesiyle birlikte d\u00fc\u015f\u00fcn\u00fcld\u00fc\u011f\u00fcnde, bu eser; toplumsal ileti\u015fim, de\u011fi\u015fim, etkile\u015fim ve geli\u015fim i\u00e7in bir ba\u015flang\u0131\u00e7, bir \u00e7a\u011fr\u0131, bir i\u015faret ve bir davet niteli\u011findedir. De\u011fi\u015fim ve devrim; hi\u00e7bir zaman tek ki\u015finin omuzlar\u0131nda y\u00fckselmez; ancak o ilk soruyu sormak ve ilk ad\u0131m\u0131 atmak da bireyin g\u00f6revidir. Yar\u0131m kalsa bile ba\u015flamak bir kazan\u00e7t\u0131r, onu ba\u015fkalar\u0131 tamamlar; \u00e7\u00fcnk\u00fc ba\u015fka bir alternatifimiz kalmad\u0131\u011f\u0131n\u0131 kim iddia edebilir? Dile\u011fim, bu kitab\u0131n sizde yeni sorular, yeni bak\u0131\u015f a\u00e7\u0131lar\u0131 ve daha g\u00fc\u00e7l\u00fc bir toplumsal bilin\u00e7 uyand\u0131rmas\u0131d\u0131r. Yolculu\u011fumuz burada ba\u015fl\u0131yor. Yol haritam\u0131zda bir kusur ve eksiklik varsa, onu da sizler tamamlayacaks\u0131n\u0131z. Denemeler, \u00f6zdeyi\u015fler, \u015fiirler, al\u0131nt\u0131 yaz\u0131 ve s\u00f6zler vb. farkl\u0131 alanlardaki metinler arac\u0131l\u0131\u011f\u0131yla; soyut ve derin kavramlar\u0131; bireysel alg\u0131 ve deneyim d\u00fczlemine \u00e7ekmeyi ama\u00e7lad\u0131k. Bu yolculukta sadece bilgi edinmekle kalmay\u0131p, eylem ve d\u00fc\u015f\u00fcnce bi\u00e7im de\u011fi\u015fikli\u011fi i\u00e7in bir kataliz\u00f6r bulacaks\u0131n\u0131z. Yar\u0131m kalsa bile, ba\u015flamak bir kazan\u00e7t\u0131r. Kitab\u0131n daha iyi, gerek\u00e7eli anla\u015f\u0131labilmesi i\u00e7in; 6. B\u00f6l\u00fcmdeki \u201cKurgusal R\u00f6portaj\u201d b\u00f6l\u00fcm\u00fcn\u00fc \u00f6nce okumalar\u0131n\u0131 \u00f6neririm. <\/p>\n","protected":false},"excerpt":{"rendered":"<p>Bu kitap, uzun y\u0131llard\u0131r s\u00fcregelen toplumsal ve bilimsel g\u00f6zlemlerim, okumalar\u0131m ve 27. kitaba ula\u015fan yazarl\u0131k u\u011fra\u015f\u0131m\u0131n birikimleriyle olu\u015ftu. Di\u011fer eserlerin devam\u0131 olup, tamamlay\u0131c\u0131 nitelikte d\u00fc\u015f\u00fcn\u00fclebilir. Amac\u0131;<span class=\"excerpt-hellip\"> [\u2026]<\/span><\/p>\n","protected":false},"featured_media":0,"template":"","meta":{"_monsterinsights_skip_tracking":false,"_monsterinsights_sitenote_active":false,"_monsterinsights_sitenote_note":"","_monsterinsights_sitenote_category":0},"product_brand":[],"product_cat":[12777,12291],"product_tag":[],"class_list":{"0":"post-780164","1":"product","2":"type-product","3":"status-publish","5":"product_cat-deneme","6":"product_cat-edebiyat","7":"pa_cilt-ciltsiz","8":"pa_tur-kitap","9":"pa_yayinevi-gulnar-yayinlari","10":"pa_yazar-ali-riza-malkoc","12":"first","13":"instock","14":"sale","15":"shipping-taxable","16":"purchasable","17":"product-type-simple"},"_links":{"self":[{"href":"https:\/\/roveyayinevi.com.tr\/index.php\/wp-json\/wp\/v2\/product\/780164","targetHints":{"allow":["GET"]}}],"collection":[{"href":"https:\/\/roveyayinevi.com.tr\/index.php\/wp-json\/wp\/v2\/product"}],"about":[{"href":"https:\/\/roveyayinevi.com.tr\/index.php\/wp-json\/wp\/v2\/types\/product"}],"wp:attachment":[{"href":"https:\/\/roveyayinevi.com.tr\/index.php\/wp-json\/wp\/v2\/media?parent=780164"}],"wp:term":[{"taxonomy":"product_brand","embeddable":true,"href":"https:\/\/roveyayinevi.com.tr\/index.php\/wp-json\/wp\/v2\/product_brand?post=780164"},{"taxonomy":"product_cat","embeddable":true,"href":"https:\/\/roveyayinevi.com.tr\/index.php\/wp-json\/wp\/v2\/product_cat?post=780164"},{"taxonomy":"product_tag","embeddable":true,"href":"https:\/\/roveyayinevi.com.tr\/index.php\/wp-json\/wp\/v2\/product_tag?post=780164"}],"curies":[{"name":"wp","href":"https:\/\/api.w.org\/{rel}","templated":true}]}}