{"id":780159,"date":"2025-12-30T12:29:07","date_gmt":"2025-12-30T09:29:07","guid":{"rendered":"https:\/\/roveyayinevi.com.tr\/index.php\/urun\/sapfo-ile-ruminin-karsilasmasi\/"},"modified":"2026-04-15T03:44:46","modified_gmt":"2026-04-15T00:44:46","slug":"sapfo-ile-ruminin-karsilasmasi","status":"publish","type":"product","link":"https:\/\/roveyayinevi.com.tr\/index.php\/urun\/sapfo-ile-ruminin-karsilasmasi\/","title":{"rendered":"Sapfo ile Rumi\u2019nin Kar\u015f\u0131la\u015fmas\u0131"},"content":{"rendered":"<p>\u201cOnunla kar\u015f\u0131la\u015f\u0131rsan hi\u00e7 bekleme git.\u201d-Sapfo \u201cBir solukta gidersen seni bekleyenle kar\u015f\u0131la\u015ft\u0131n demektir.\u201d-Rumi Lir ile neyin yank\u0131s\u0131 ortak bir dile d\u00f6n\u00fc\u015f\u00fcr ve t\u00fcrlerin s\u0131n\u0131r\u0131nda, \u015fiirle d\u00fczyaz\u0131 aras\u0131nda bir kar\u015f\u0131la\u015fma ba\u015flar: Sapfo ile Rumi\u2019nin hi\u00e7 bitmeyen d\u00fceti. Farkl\u0131 zaman ve co\u011frafyalarda ya\u015fam\u0131\u015f iki \u015fairin sesleri, ayn\u0131 denize d\u00f6k\u00fclen \u0131rmaklar gibi bu kitapta bulu\u015fur. Mehmet Ya\u015f\u0131n, Sapfo\u2019nun kay\u0131p par\u00e7alar\u0131yla Rumi\u2019nin co\u015fkun s\u00f6yleyi\u015fini yan yana getirirken okuru \u201cs\u00fcrekli-kar\u015f\u0131la\u015fma\u201d denen o e\u015fi\u011fe \u00e7a\u011f\u0131r\u0131r: \u015eiirin kendini yazd\u0131\u011f\u0131, benli\u011fin suya d\u00fc\u015fen bir yans\u0131ma gibi silindi\u011fi yere. Sapfo ile Rumi\u2019nin Kar\u015f\u0131la\u015fmas\u0131, deneme ile r\u00fcya-anlat\u0131s\u0131n\u0131n i\u00e7 i\u00e7e ge\u00e7ti\u011fi t\u00fcrler aras\u0131 bir alanda, iki b\u00fcy\u00fck \u015fairin ortak izle\u011finden yans\u0131yan \u015fiiri yeniden yaz\u0131yor. Okuru da bu kar\u015f\u0131la\u015fman\u0131n i\u00e7ine, \u0131\u015f\u0131kla g\u00f6lge aras\u0131ndaki o gizli ge\u00e7ide davet ediyor. \u201cSapfo ile Rumi, a\u015fktan \u015fiire ve \u015fiirden yeni bir d\u00fc\u015f\u00fcnce dizgesine ula\u015f\u0131rlar. A\u015fk-tanr\u0131\u00e7as\u0131n\u0131 ya da tanr\u0131y\u0131 sevgilide g\u00f6r\u00fcnce bilginin kalpten ge\u00e7en yolunu ke\u015ffederler. Felsefeyi a\u015fk ate\u015fine atar ve zaman\u0131 a\u015f\u0131p s\u00fcrekli-kar\u015f\u0131la\u015f\u0131rlar orada.\u201d<\/p>\n","protected":false},"excerpt":{"rendered":"<p>\u201cOnunla kar\u015f\u0131la\u015f\u0131rsan hi\u00e7 bekleme git.\u201d-Sapfo \u201cBir solukta gidersen seni bekleyenle kar\u015f\u0131la\u015ft\u0131n demektir.\u201d-Rumi Lir ile neyin yank\u0131s\u0131 ortak bir dile d\u00f6n\u00fc\u015f\u00fcr ve t\u00fcrlerin s\u0131n\u0131r\u0131nda, \u015fiirle d\u00fczyaz\u0131 aras\u0131nda<span class=\"excerpt-hellip\"> [\u2026]<\/span><\/p>\n","protected":false},"featured_media":0,"template":"","meta":{"_monsterinsights_skip_tracking":false,"_monsterinsights_sitenote_active":false,"_monsterinsights_sitenote_note":"","_monsterinsights_sitenote_category":0},"product_brand":[],"product_cat":[12777,12291],"product_tag":[],"class_list":{"0":"post-780159","1":"product","2":"type-product","3":"status-publish","5":"product_cat-deneme","6":"product_cat-edebiyat","7":"pa_cilt-ciltsiz","8":"pa_tur-kitap","9":"pa_yayinevi-ithaki-yayinlari","10":"pa_yazar-mehmet-yasin","12":"first","13":"instock","14":"sale","15":"shipping-taxable","16":"purchasable","17":"product-type-simple"},"_links":{"self":[{"href":"https:\/\/roveyayinevi.com.tr\/index.php\/wp-json\/wp\/v2\/product\/780159","targetHints":{"allow":["GET"]}}],"collection":[{"href":"https:\/\/roveyayinevi.com.tr\/index.php\/wp-json\/wp\/v2\/product"}],"about":[{"href":"https:\/\/roveyayinevi.com.tr\/index.php\/wp-json\/wp\/v2\/types\/product"}],"wp:attachment":[{"href":"https:\/\/roveyayinevi.com.tr\/index.php\/wp-json\/wp\/v2\/media?parent=780159"}],"wp:term":[{"taxonomy":"product_brand","embeddable":true,"href":"https:\/\/roveyayinevi.com.tr\/index.php\/wp-json\/wp\/v2\/product_brand?post=780159"},{"taxonomy":"product_cat","embeddable":true,"href":"https:\/\/roveyayinevi.com.tr\/index.php\/wp-json\/wp\/v2\/product_cat?post=780159"},{"taxonomy":"product_tag","embeddable":true,"href":"https:\/\/roveyayinevi.com.tr\/index.php\/wp-json\/wp\/v2\/product_tag?post=780159"}],"curies":[{"name":"wp","href":"https:\/\/api.w.org\/{rel}","templated":true}]}}