{"id":780158,"date":"2025-12-30T12:29:02","date_gmt":"2025-12-30T09:29:02","guid":{"rendered":"https:\/\/roveyayinevi.com.tr\/index.php\/urun\/cografya-kaderdir\/"},"modified":"2026-03-06T03:58:05","modified_gmt":"2026-03-06T00:58:05","slug":"cografya-kaderdir","status":"publish","type":"product","link":"https:\/\/roveyayinevi.com.tr\/index.php\/urun\/cografya-kaderdir\/","title":{"rendered":"Co\u011frafya Kaderdir"},"content":{"rendered":"<p>Stanford\u2019l\u0131 tarih\u00e7i Ian Morris, Co\u011frafya Kaderdir\u2019de, Britanya\u2019n\u0131n da\u011f\u0131n\u0131k kabilelerden olu\u015fan bir adadan k\u00fcresel bir imparatorlu\u011fa nas\u0131l y\u00fckseldi\u011fini ve neden y\u00fczy\u0131llarca s\u00fcren h\u00e2kimiyetinin ard\u0131ndan \u015fimdi yeniden yerini arad\u0131\u011f\u0131n\u0131 \u00e7arp\u0131c\u0131, k\u0131\u015fk\u0131rt\u0131c\u0131 bir \u015fekilde anlat\u0131yor. Co\u011frafya kaderdir; ama kaderin neye d\u00f6n\u00fc\u015fece\u011fine karar veren her zaman insan olmu\u015ftur.D\u00fcnyaya Neden Bat\u0131 H\u00fckmediyor\u2019un \u00f6d\u00fcll\u00fc yazar\u0131 Ian Morris, teknolojinin ve \u00f6rg\u00fctlenmenin Britanya\u2019n\u0131n etki alan\u0131n\u0131 durmaks\u0131z\u0131n nas\u0131l geni\u015fletti\u011fini, ada halk\u0131n\u0131n da bu durumu kendi \u00e7\u0131karlar\u0131 i\u00e7in nas\u0131l ustal\u0131kla kulland\u0131\u011f\u0131n\u0131 anlat\u0131yor. \u0130lk \u00e7ift\u00e7ilerden ilk \u015fehirlerin do\u011fu\u015funa, Atlantik k\u00f6le ticaretinden Sanayi Devrimi\u2019ne, iki d\u00fcnya sava\u015f\u0131ndan bug\u00fcne\u2026 Britanya\u2019n\u0131n ini\u015fli \u00e7\u0131k\u0131\u015fl\u0131 kaderi her zaman co\u011frafyas\u0131yla \u015fekillenmi\u015ftir. Co\u011frafya Kaderdir bu \u00e7arp\u0131c\u0131 hik\u00e2yeyi g\u00f6zler \u00f6n\u00fcne seriyor ve bize \u015funu s\u00f6yl\u00fcyor: Gelecek y\u00fczy\u0131l\u0131n as\u0131l sorusu Br\u00fcksel\u2019le ne yapaca\u011f\u0131m\u0131z de\u011fil, Pekin\u2019le ne yapaca\u011f\u0131m\u0131zd\u0131r.\u201c10.000 y\u0131l\u0131 tek bir kitaba s\u0131\u011fd\u0131rmay\u0131 muhte\u015fem bir \u015fekilde ba\u015farm\u0131\u015f.\u201d\u2013Robert Colvile, The Times\u201cE\u011fitici, k\u0131\u015fk\u0131rt\u0131c\u0131, zihin a\u00e7\u0131c\u0131\u2026 Sayfalar dolusu b\u00fcy\u00fcleyici ayr\u0131nt\u0131 ve Britanya tarihine kusursuz h\u00e2kimiyet.\u201d\u2013Kirkus Reviews\u201cMorris, d\u00fcnyan\u0131n en yetenekli antik tarih\u00e7isidir; klasiklerle de en son teknoloji arkeolojiyle de ayn\u0131 derecede rahatt\u0131r.\u201d\u2013Niall Ferguson<\/p>\n","protected":false},"excerpt":{"rendered":"<p>Stanford\u2019l\u0131 tarih\u00e7i Ian Morris, Co\u011frafya Kaderdir\u2019de, Britanya\u2019n\u0131n da\u011f\u0131n\u0131k kabilelerden olu\u015fan bir adadan k\u00fcresel bir imparatorlu\u011fa nas\u0131l y\u00fckseldi\u011fini ve neden y\u00fczy\u0131llarca s\u00fcren h\u00e2kimiyetinin ard\u0131ndan \u015fimdi yeniden yerini<span class=\"excerpt-hellip\"> [\u2026]<\/span><\/p>\n","protected":false},"featured_media":0,"template":"","meta":{"_monsterinsights_skip_tracking":false,"_monsterinsights_sitenote_active":false,"_monsterinsights_sitenote_note":"","_monsterinsights_sitenote_category":0},"product_brand":[],"product_cat":[12291,18202],"product_tag":[],"class_list":{"0":"post-780158","1":"product","2":"type-product","3":"status-publish","5":"product_cat-edebiyat","6":"product_cat-hikaye","7":"pa_cilt-ciltsiz","8":"pa_tur-kitap","9":"pa_yayinevi-alfa-yayinlari","10":"pa_yazar-ian-morris","12":"first","13":"instock","14":"sale","15":"shipping-taxable","16":"purchasable","17":"product-type-simple"},"_links":{"self":[{"href":"https:\/\/roveyayinevi.com.tr\/index.php\/wp-json\/wp\/v2\/product\/780158","targetHints":{"allow":["GET"]}}],"collection":[{"href":"https:\/\/roveyayinevi.com.tr\/index.php\/wp-json\/wp\/v2\/product"}],"about":[{"href":"https:\/\/roveyayinevi.com.tr\/index.php\/wp-json\/wp\/v2\/types\/product"}],"wp:attachment":[{"href":"https:\/\/roveyayinevi.com.tr\/index.php\/wp-json\/wp\/v2\/media?parent=780158"}],"wp:term":[{"taxonomy":"product_brand","embeddable":true,"href":"https:\/\/roveyayinevi.com.tr\/index.php\/wp-json\/wp\/v2\/product_brand?post=780158"},{"taxonomy":"product_cat","embeddable":true,"href":"https:\/\/roveyayinevi.com.tr\/index.php\/wp-json\/wp\/v2\/product_cat?post=780158"},{"taxonomy":"product_tag","embeddable":true,"href":"https:\/\/roveyayinevi.com.tr\/index.php\/wp-json\/wp\/v2\/product_tag?post=780158"}],"curies":[{"name":"wp","href":"https:\/\/api.w.org\/{rel}","templated":true}]}}