{"id":780156,"date":"2025-12-30T12:28:57","date_gmt":"2025-12-30T09:28:57","guid":{"rendered":"https:\/\/roveyayinevi.com.tr\/index.php\/urun\/buyuk-patlama\/"},"modified":"2026-04-15T03:44:46","modified_gmt":"2026-04-15T00:44:46","slug":"buyuk-patlama","status":"publish","type":"product","link":"https:\/\/roveyayinevi.com.tr\/index.php\/urun\/buyuk-patlama\/","title":{"rendered":"B\u00fcy\u00fck Patlama"},"content":{"rendered":"<p>Evrenimiz 100 milyardan fazla galaksiyle doludur ve her biri yakla\u015f\u0131k 100 milyar y\u0131ld\u0131z i\u00e7erir. Bu y\u0131ld\u0131zlar\u0131n y\u00f6r\u00fcngesinde ka\u00e7 gezegen oldu\u011fu belli de\u011fil, ancak en az\u0131ndan bir tanesinde ya\u015fam\u0131n evrimle\u015fti\u011fi kesin. \u00d6zellikle de bu u\u00e7suz bucaks\u0131z evrenin k\u00f6keni hakk\u0131nda spek\u00fclasyon yapma kapasitesine ve c\u00fcretine sahip bir ya\u015fam formu var. Bu kitap, B\u00fcy\u00fck Patlama modelinin nas\u0131l gece g\u00f6ky\u00fcz\u00fcnde g\u00f6rd\u00fc\u011f\u00fcm\u00fcz her \u015feyin k\u00f6kenine dair zarif bir a\u00e7\u0131klama sundu\u011funun hik\u00e2yesidir.   \u201cSingh, konusunu daha anla\u015f\u0131l\u0131r veya daha e\u011flenceli h\u00e2le getirme f\u0131rsat\u0131n\u0131 asla ka\u00e7\u0131rmayan \u00e7ok yetenekli bir hik\u00e2ye anlat\u0131c\u0131s\u0131.\u201d \u2013Independent on Sunday   \u201cBu \u00e7ok iyi yaz\u0131lm\u0131\u015f kitap, kozmoloji teorisinin temelini olu\u015fturan fikirleri b\u00fcy\u00fck bir a\u00e7\u0131kl\u0131kla aktar\u0131yor.\u201d \u2013Nature   \u201cSingh, matematiksel a\u00e7\u0131dan en zay\u0131f olanlar\u0131m\u0131z\u0131n bile insano\u011flunun \u00e7evresindeki karanl\u0131k alanlarla olan entelekt\u00fcel ili\u015fkisinin tarihini \u00f6zetlemek i\u00e7in son derece basit benzetmeler ve net bir \u015fekilde a\u00e7\u0131klanm\u0131\u015f diyagramlar kullan\u0131yor.\u201d \u2013Sunday Telegraph   \u201cSingh hik\u00e2yesini iyi anlat\u0131yor, astrofizi\u011fi e\u011flenceli anekdotlarla s\u00fcsl\u00fcyor.\u201d \u2013Guardian   \u201cModern bilimin nas\u0131l i\u015fledi\u011fine dair m\u00fckemmel bir giri\u015f.\u201d \u2013The Times Higher Education Supplement <\/p>\n","protected":false},"excerpt":{"rendered":"<p>Evrenimiz 100 milyardan fazla galaksiyle doludur ve her biri yakla\u015f\u0131k 100 milyar y\u0131ld\u0131z i\u00e7erir. Bu y\u0131ld\u0131zlar\u0131n y\u00f6r\u00fcngesinde ka\u00e7 gezegen oldu\u011fu belli de\u011fil, ancak en az\u0131ndan bir<span class=\"excerpt-hellip\"> [\u2026]<\/span><\/p>\n","protected":false},"featured_media":0,"template":"","meta":{"_monsterinsights_skip_tracking":false,"_monsterinsights_sitenote_active":false,"_monsterinsights_sitenote_note":"","_monsterinsights_sitenote_category":0},"product_brand":[],"product_cat":[13005],"product_tag":[],"class_list":{"0":"post-780156","1":"product","2":"type-product","3":"status-publish","5":"product_cat-bilim-muhendislik","6":"pa_cilt-ciltsiz","7":"pa_tur-kitap","8":"pa_yayinevi-alfa-yayinlari","9":"pa_yazar-simon-singh","11":"first","12":"instock","13":"sale","14":"shipping-taxable","15":"purchasable","16":"product-type-simple"},"_links":{"self":[{"href":"https:\/\/roveyayinevi.com.tr\/index.php\/wp-json\/wp\/v2\/product\/780156","targetHints":{"allow":["GET"]}}],"collection":[{"href":"https:\/\/roveyayinevi.com.tr\/index.php\/wp-json\/wp\/v2\/product"}],"about":[{"href":"https:\/\/roveyayinevi.com.tr\/index.php\/wp-json\/wp\/v2\/types\/product"}],"wp:attachment":[{"href":"https:\/\/roveyayinevi.com.tr\/index.php\/wp-json\/wp\/v2\/media?parent=780156"}],"wp:term":[{"taxonomy":"product_brand","embeddable":true,"href":"https:\/\/roveyayinevi.com.tr\/index.php\/wp-json\/wp\/v2\/product_brand?post=780156"},{"taxonomy":"product_cat","embeddable":true,"href":"https:\/\/roveyayinevi.com.tr\/index.php\/wp-json\/wp\/v2\/product_cat?post=780156"},{"taxonomy":"product_tag","embeddable":true,"href":"https:\/\/roveyayinevi.com.tr\/index.php\/wp-json\/wp\/v2\/product_tag?post=780156"}],"curies":[{"name":"wp","href":"https:\/\/api.w.org\/{rel}","templated":true}]}}