{"id":780155,"date":"2025-12-30T12:28:55","date_gmt":"2025-12-30T09:28:55","guid":{"rendered":"https:\/\/roveyayinevi.com.tr\/index.php\/urun\/stratonikeia-calismalari-9-sivama-cilt\/"},"modified":"2026-03-03T03:58:13","modified_gmt":"2026-03-03T00:58:13","slug":"stratonikeia-calismalari-9-sivama-cilt","status":"publish","type":"product","link":"https:\/\/roveyayinevi.com.tr\/index.php\/urun\/stratonikeia-calismalari-9-sivama-cilt\/","title":{"rendered":"Stratonikeia \u00c7al\u0131\u015fmalar\u0131 9 (S\u0131vama Cilt)"},"content":{"rendered":"<p>Bak\u0131rc\u0131l\u0131k sanat\u0131 \u00f6zellikle 16. y\u00fczy\u0131ldan itibaren \u00f6zg\u00fcn bir kimlik kazanm\u0131\u015f olup d\u00f6vme ve d\u00f6k\u00fcm teknikleriyle \u00fcretilen eserler, g\u00fcndelik kullan\u0131m e\u015fyalar\u0131n\u0131n \u00f6tesine ge\u00e7erek estetik de\u011fere sahip birer sanat objesine d\u00f6n\u00fc\u015fm\u00fc\u015ft\u00fcr. Bu \u00e7al\u0131\u015fmada Kavakl\u0131dere\u2019de kendine \u00f6zg\u00fc \u00fcretim metotlar\u0131 ve s\u00fcsleme teknikleriyle at\u00f6lye ve koleksiyonlardan tespit edilen toplam 107 eser; pi\u015firme, servis, saklama, g\u00fcnl\u00fck kullan\u0131m ve temizlik kaplar\u0131 olmak \u00fczere s\u0131n\u0131fland\u0131r\u0131larak incelenmi\u015ftir. Bu eserler; malzeme, \u00fcretim teknikleri, birle\u015ftirme teknikleri ve \u00fczerlerindeki geometrik, bitkisel ve yaz\u0131l\u0131 bezemeler a\u00e7\u0131s\u0131ndan kataloglanarak de\u011ferlendirilmi\u015ftir. Ayr\u0131ca bu kaplar, Anadolu\u2019daki di\u011fer bak\u0131rc\u0131l\u0131k merkezlerinde \u00fcretilen eserlerle kar\u015f\u0131la\u015ft\u0131r\u0131lm\u0131\u015ft\u0131r. Kavakl\u0131dere, \u00f6zellikle kendine \u00f6zg\u00fc formdaki ibrikleri ve zengin \u00fcr\u00fcn yelpazesiyle T\u00fcrk bak\u0131rc\u0131l\u0131k sanat\u0131nda \u00f6nemli bir yer tutmaktad\u0131r. G\u00fcn\u00fcm\u00fczde usta-\u00e7\u0131rak ili\u015fkisiyle \u00fcretimin devam etti\u011fi merkezlerden biri olan il\u00e7e, T\u00fcrk maden sanat\u0131n\u0131n ya\u015fat\u0131lmas\u0131na ve k\u00fclt\u00fcrel s\u00fcreklili\u011fine katk\u0131 sa\u011flamaktad\u0131r. <\/p>\n","protected":false},"excerpt":{"rendered":"<p>Bak\u0131rc\u0131l\u0131k sanat\u0131 \u00f6zellikle 16. y\u00fczy\u0131ldan itibaren \u00f6zg\u00fcn bir kimlik kazanm\u0131\u015f olup d\u00f6vme ve d\u00f6k\u00fcm teknikleriyle \u00fcretilen eserler, g\u00fcndelik kullan\u0131m e\u015fyalar\u0131n\u0131n \u00f6tesine ge\u00e7erek estetik de\u011fere sahip birer<span class=\"excerpt-hellip\"> [\u2026]<\/span><\/p>\n","protected":false},"featured_media":0,"template":"","meta":{"_monsterinsights_skip_tracking":false,"_monsterinsights_sitenote_active":false,"_monsterinsights_sitenote_note":"","_monsterinsights_sitenote_category":0},"product_brand":[],"product_cat":[52477,52478],"product_tag":[],"class_list":{"0":"post-780155","1":"product","2":"type-product","3":"status-publish","5":"product_cat-arastirma","6":"product_cat-arkeoloji","7":"pa_cilt-ciltli","8":"pa_tur-kitap","9":"pa_yayinevi-bilgin-kultur-sanat","10":"pa_yazar-osman-kunduraci-nurcan-bahargulu-ali-can-ozcelik","12":"first","13":"instock","14":"sale","15":"shipping-taxable","16":"purchasable","17":"product-type-simple"},"_links":{"self":[{"href":"https:\/\/roveyayinevi.com.tr\/index.php\/wp-json\/wp\/v2\/product\/780155","targetHints":{"allow":["GET"]}}],"collection":[{"href":"https:\/\/roveyayinevi.com.tr\/index.php\/wp-json\/wp\/v2\/product"}],"about":[{"href":"https:\/\/roveyayinevi.com.tr\/index.php\/wp-json\/wp\/v2\/types\/product"}],"wp:attachment":[{"href":"https:\/\/roveyayinevi.com.tr\/index.php\/wp-json\/wp\/v2\/media?parent=780155"}],"wp:term":[{"taxonomy":"product_brand","embeddable":true,"href":"https:\/\/roveyayinevi.com.tr\/index.php\/wp-json\/wp\/v2\/product_brand?post=780155"},{"taxonomy":"product_cat","embeddable":true,"href":"https:\/\/roveyayinevi.com.tr\/index.php\/wp-json\/wp\/v2\/product_cat?post=780155"},{"taxonomy":"product_tag","embeddable":true,"href":"https:\/\/roveyayinevi.com.tr\/index.php\/wp-json\/wp\/v2\/product_tag?post=780155"}],"curies":[{"name":"wp","href":"https:\/\/api.w.org\/{rel}","templated":true}]}}