{"id":780154,"date":"2025-12-30T12:28:53","date_gmt":"2025-12-30T09:28:53","guid":{"rendered":"https:\/\/roveyayinevi.com.tr\/index.php\/urun\/yeni-medya-ve-hegemonya\/"},"modified":"2026-04-15T03:44:46","modified_gmt":"2026-04-15T00:44:46","slug":"yeni-medya-ve-hegemonya","status":"publish","type":"product","link":"https:\/\/roveyayinevi.com.tr\/index.php\/urun\/yeni-medya-ve-hegemonya\/","title":{"rendered":"Yeni Medya ve Hegemonya"},"content":{"rendered":"<p>Tarih boyunca insanlar makineleri kendilerinin bir uzant\u0131s\u0131 olarak kullanmak istemi\u015flerdir. \u00d6nce aletler kullan\u0131lm\u0131\u015f sonra bunlar makine haline \u00e7evrilmi\u015ftir veya makinelerin yap\u0131m\u0131nda kullan\u0131lm\u0131\u015flard\u0131r. Bu insanlar\u0131n do\u011fa ile ba\u015f etme ve do\u011fay\u0131 de\u011fi\u015ftirme isteklerinden dolay\u0131d\u0131r. Teknoloji insan\u0131n \u00f6zg\u00fcrle\u015fmesine yard\u0131m m\u0131 etmektedir? Yoksa aklile\u015fme sayesinde \u00fcretilen makineler art\u0131k insanl\u0131\u011f\u0131 tehdit mi etmektedir?  Heidegger, Weber\u2019in aklile\u015fmeye do\u011fru modern zorunlulu\u011fu insan \u00f6zneyi \u00f6zg\u00fcrl\u00fck ve yarat\u0131c\u0131l\u0131\u011f\u0131n\u0131 yolunu t\u0131kayan demir bir kafese kapatan standartla\u015fma, tektiple\u015ftirme ve b\u00fcrokratik etkinli\u011fin kat\u0131 yap\u0131s\u0131na do\u011fru bir s\u00fcre\u00e7 olarak g\u00f6rmektedir. Heidegger\u2019e g\u00f6re teknoloji insan\u0131n kavray\u0131\u015f\u0131 i\u00e7inde de\u011fil, bilakis teknoloji insan\u0131n oyunca\u011f\u0131d\u0131r. Yani teknoloji insan\u0131n bir \u015feyleri elde etmesinde ve yapmas\u0131nda etkili bir ara\u00e7 halindedir. O\u2019na g\u00f6re tehlikeli olan teknoloji de\u011fildir. Tehlikeli olan \u015fey insanl\u0131\u011f\u0131n teknolojiyi nas\u0131l ve ne ama\u00e7la kulland\u0131\u011f\u0131d\u0131r.<\/p>\n","protected":false},"excerpt":{"rendered":"<p>Tarih boyunca insanlar makineleri kendilerinin bir uzant\u0131s\u0131 olarak kullanmak istemi\u015flerdir. \u00d6nce aletler kullan\u0131lm\u0131\u015f sonra bunlar makine haline \u00e7evrilmi\u015ftir veya makinelerin yap\u0131m\u0131nda kullan\u0131lm\u0131\u015flard\u0131r. Bu insanlar\u0131n do\u011fa ile<span class=\"excerpt-hellip\"> [\u2026]<\/span><\/p>\n","protected":false},"featured_media":0,"template":"","meta":{"_monsterinsights_skip_tracking":false,"_monsterinsights_sitenote_active":false,"_monsterinsights_sitenote_note":"","_monsterinsights_sitenote_category":0},"product_brand":[],"product_cat":[15983,13488],"product_tag":[],"class_list":{"0":"post-780154","1":"product","2":"type-product","3":"status-publish","5":"product_cat-iletisim-ve-medya","6":"product_cat-toplum-ve-insan","7":"pa_cilt-ciltsiz","8":"pa_tur-kitap","9":"pa_yayinevi-nergiz-yayinlari","10":"pa_yazar-huseyin-celik","12":"first","13":"instock","14":"sale","15":"shipping-taxable","16":"purchasable","17":"product-type-simple"},"_links":{"self":[{"href":"https:\/\/roveyayinevi.com.tr\/index.php\/wp-json\/wp\/v2\/product\/780154","targetHints":{"allow":["GET"]}}],"collection":[{"href":"https:\/\/roveyayinevi.com.tr\/index.php\/wp-json\/wp\/v2\/product"}],"about":[{"href":"https:\/\/roveyayinevi.com.tr\/index.php\/wp-json\/wp\/v2\/types\/product"}],"wp:attachment":[{"href":"https:\/\/roveyayinevi.com.tr\/index.php\/wp-json\/wp\/v2\/media?parent=780154"}],"wp:term":[{"taxonomy":"product_brand","embeddable":true,"href":"https:\/\/roveyayinevi.com.tr\/index.php\/wp-json\/wp\/v2\/product_brand?post=780154"},{"taxonomy":"product_cat","embeddable":true,"href":"https:\/\/roveyayinevi.com.tr\/index.php\/wp-json\/wp\/v2\/product_cat?post=780154"},{"taxonomy":"product_tag","embeddable":true,"href":"https:\/\/roveyayinevi.com.tr\/index.php\/wp-json\/wp\/v2\/product_tag?post=780154"}],"curies":[{"name":"wp","href":"https:\/\/api.w.org\/{rel}","templated":true}]}}