{"id":780153,"date":"2025-12-30T12:28:51","date_gmt":"2025-12-30T09:28:51","guid":{"rendered":"https:\/\/roveyayinevi.com.tr\/index.php\/urun\/dil-ve-yeni-medya\/"},"modified":"2026-04-15T03:44:46","modified_gmt":"2026-04-15T00:44:46","slug":"dil-ve-yeni-medya","status":"publish","type":"product","link":"https:\/\/roveyayinevi.com.tr\/index.php\/urun\/dil-ve-yeni-medya\/","title":{"rendered":"Dil ve Yeni Medya"},"content":{"rendered":"<p>Dil yaz\u0131 ile kal\u0131c\u0131 hale gelerek ak\u0131lc\u0131l\u0131\u011f\u0131n \u00f6n\u00fcn\u00fc a\u00e7m\u0131\u015ft\u0131r. Teknolojinin geli\u015fmesi s\u00f6z\u00fc tekrar birinci plana alarak yaz\u0131y\u0131 \u00f6nemsiz hale mi getirmektedir? Teknolojinin insan\u0131 ele ge\u00e7irmesini ve bunun da ileri kapitalist toplumda kapitalist ayg\u0131t\/mekanizma yarar\u0131na yap\u0131lmas\u0131n\u0131 engelleyici bir \u015fey var m\u0131d\u0131r? \u00c7\u00fcnk\u00fc bir teknolojinin i\u015fleyi\u015f bi\u00e7imi \u00fczerinde kontrol sahibi olanlar, bundan yoksun insanlar kar\u015f\u0131s\u0131nda g\u00fcc\u00fc ellerinde toplarlar ve ka\u00e7\u0131n\u0131lmaz bir \u015fekilde bu g\u00fc\u00e7ten yoksun olanlara kar\u015f\u0131 yetkeci bir d\u00fczen olu\u015ftururlar. \u0130leri teknoloji toplumda bilimsel ve teknik ilerlemenin bir tahakk\u00fcm arac\u0131na d\u00f6n\u00fc\u015ft\u00fcr\u00fclmesine nas\u0131l bir mekanizma ile kar\u015f\u0131 \u00e7\u0131kabilir? \u0130nsan\u0131n hayal d\u00fcnyas\u0131 ve \u00fcretkenlik \u00e7abas\u0131 bu bask\u0131n tarz\u0131 nas\u0131l silebilir? \u0130nsanlar edebiyat, m\u00fczik ve di\u011fer sanat \u00e7abalar\u0131 ile bu bask\u0131n tarza direnebilir mi? Y\u00fcksek k\u00fclt\u00fcr bu a\u015fk\u0131n tarz\u0131 bast\u0131rabilir, azaltabilir ve yok edebilir mi?<\/p>\n","protected":false},"excerpt":{"rendered":"<p>Dil yaz\u0131 ile kal\u0131c\u0131 hale gelerek ak\u0131lc\u0131l\u0131\u011f\u0131n \u00f6n\u00fcn\u00fc a\u00e7m\u0131\u015ft\u0131r. Teknolojinin geli\u015fmesi s\u00f6z\u00fc tekrar birinci plana alarak yaz\u0131y\u0131 \u00f6nemsiz hale mi getirmektedir? Teknolojinin insan\u0131 ele ge\u00e7irmesini ve<span class=\"excerpt-hellip\"> [\u2026]<\/span><\/p>\n","protected":false},"featured_media":0,"template":"","meta":{"_monsterinsights_skip_tracking":false,"_monsterinsights_sitenote_active":false,"_monsterinsights_sitenote_note":"","_monsterinsights_sitenote_category":0},"product_brand":[],"product_cat":[15983,13488],"product_tag":[],"class_list":{"0":"post-780153","1":"product","2":"type-product","3":"status-publish","5":"product_cat-iletisim-ve-medya","6":"product_cat-toplum-ve-insan","7":"pa_cilt-ciltsiz","8":"pa_tur-kitap","9":"pa_yayinevi-nergiz-yayinlari","10":"pa_yazar-huseyin-celik","12":"first","13":"instock","14":"sale","15":"shipping-taxable","16":"purchasable","17":"product-type-simple"},"_links":{"self":[{"href":"https:\/\/roveyayinevi.com.tr\/index.php\/wp-json\/wp\/v2\/product\/780153","targetHints":{"allow":["GET"]}}],"collection":[{"href":"https:\/\/roveyayinevi.com.tr\/index.php\/wp-json\/wp\/v2\/product"}],"about":[{"href":"https:\/\/roveyayinevi.com.tr\/index.php\/wp-json\/wp\/v2\/types\/product"}],"wp:attachment":[{"href":"https:\/\/roveyayinevi.com.tr\/index.php\/wp-json\/wp\/v2\/media?parent=780153"}],"wp:term":[{"taxonomy":"product_brand","embeddable":true,"href":"https:\/\/roveyayinevi.com.tr\/index.php\/wp-json\/wp\/v2\/product_brand?post=780153"},{"taxonomy":"product_cat","embeddable":true,"href":"https:\/\/roveyayinevi.com.tr\/index.php\/wp-json\/wp\/v2\/product_cat?post=780153"},{"taxonomy":"product_tag","embeddable":true,"href":"https:\/\/roveyayinevi.com.tr\/index.php\/wp-json\/wp\/v2\/product_tag?post=780153"}],"curies":[{"name":"wp","href":"https:\/\/api.w.org\/{rel}","templated":true}]}}