{"id":780149,"date":"2025-12-30T12:28:37","date_gmt":"2025-12-30T09:28:37","guid":{"rendered":"https:\/\/roveyayinevi.com.tr\/index.php\/urun\/ejderhalar-agaclar-ve-dedem\/"},"modified":"2026-04-15T03:44:46","modified_gmt":"2026-04-15T00:44:46","slug":"ejderhalar-agaclar-ve-dedem","status":"publish","type":"product","link":"https:\/\/roveyayinevi.com.tr\/index.php\/urun\/ejderhalar-agaclar-ve-dedem\/","title":{"rendered":"Ejderhalar, A\u011fa\u00e7lar ve Dedem"},"content":{"rendered":"<p>Sofradaki zeytinin Gemlik&#8217;ten mi yoksa marketten mi al\u0131nd\u0131\u011f\u0131 \u00f6nemli mi? Nam\u0131k dede i\u00e7in \u00f6nemli. Hayat\u0131nda ya\u015fla birlikte de\u011fi\u015fen pek \u00e7ok \u015fey gibi. Ama sanki ailesi bunu giderek daha az anl\u0131yor. Torunu Kerem d\u0131\u015f\u0131nda&#8230; Bir g\u00fcn, parktaki koca \u00e7\u0131nar\u0131n dallar\u0131na yerle\u015ftirilen a\u011fa\u00e7 ev herkesin dikkatini \u00e7ekiyor. Derken ikincisi\u2026 Nam\u0131k dede ve \u00e7ocukluk arkada\u015f\u0131 Galip amca bir i\u015f pe\u015finde ama ne oldu\u011funa kimsenin akl\u0131 ermiyor. Yine Kerem d\u0131\u015f\u0131nda. Olup biteni anlamak i\u00e7in Kerem\u2019in yapay zek\u00e2ya da ihtiyac\u0131 yok bu kez. Kahraman\u0131 ve oyun arkada\u015f\u0131 dedesini gayet iyi tan\u0131yor. Belli ki herkese anlatmak da ona d\u00fc\u015f\u00fcyor. \u00c7\u00fcnk\u00fc anlatamazsa\u2026 BADABOOOM!   Yekta Kopan bu roman\u0131nda zaman i\u00e7inde fark etmeden uzakla\u015ft\u0131\u011f\u0131m\u0131z ortak ge\u00e7mi\u015fi, hik\u00e2yeleri, deneyimleri, hayalleri ve sohbetleri hat\u0131rlat\u0131yor. Yusuf Tansu \u00d6zel&#8217;in g\u00fcl\u00fcmseten resimleriyle renklenen \u00f6yk\u00fcde, nesiller yeniden bulu\u015fuyor.<\/p>\n","protected":false},"excerpt":{"rendered":"<p>Sofradaki zeytinin Gemlik&#8217;ten mi yoksa marketten mi al\u0131nd\u0131\u011f\u0131 \u00f6nemli mi? Nam\u0131k dede i\u00e7in \u00f6nemli. Hayat\u0131nda ya\u015fla birlikte de\u011fi\u015fen pek \u00e7ok \u015fey gibi. Ama sanki ailesi bunu<span class=\"excerpt-hellip\"> [\u2026]<\/span><\/p>\n","protected":false},"featured_media":0,"template":"","meta":{"_monsterinsights_skip_tracking":false,"_monsterinsights_sitenote_active":false,"_monsterinsights_sitenote_note":"","_monsterinsights_sitenote_category":0},"product_brand":[],"product_cat":[12274,12284],"product_tag":[],"class_list":{"0":"post-780149","1":"product","2":"type-product","3":"status-publish","5":"product_cat-cocuk-ve-genclik-kitaplari","6":"product_cat-hikayeler","7":"pa_cilt-ciltsiz","8":"pa_tur-kitap","9":"pa_yayinevi-can-cocuk-yayinlari","10":"pa_yazar-yekta-kopan","12":"first","13":"instock","14":"sale","15":"shipping-taxable","16":"purchasable","17":"product-type-simple"},"_links":{"self":[{"href":"https:\/\/roveyayinevi.com.tr\/index.php\/wp-json\/wp\/v2\/product\/780149","targetHints":{"allow":["GET"]}}],"collection":[{"href":"https:\/\/roveyayinevi.com.tr\/index.php\/wp-json\/wp\/v2\/product"}],"about":[{"href":"https:\/\/roveyayinevi.com.tr\/index.php\/wp-json\/wp\/v2\/types\/product"}],"wp:attachment":[{"href":"https:\/\/roveyayinevi.com.tr\/index.php\/wp-json\/wp\/v2\/media?parent=780149"}],"wp:term":[{"taxonomy":"product_brand","embeddable":true,"href":"https:\/\/roveyayinevi.com.tr\/index.php\/wp-json\/wp\/v2\/product_brand?post=780149"},{"taxonomy":"product_cat","embeddable":true,"href":"https:\/\/roveyayinevi.com.tr\/index.php\/wp-json\/wp\/v2\/product_cat?post=780149"},{"taxonomy":"product_tag","embeddable":true,"href":"https:\/\/roveyayinevi.com.tr\/index.php\/wp-json\/wp\/v2\/product_tag?post=780149"}],"curies":[{"name":"wp","href":"https:\/\/api.w.org\/{rel}","templated":true}]}}