{"id":780147,"date":"2025-12-30T12:28:28","date_gmt":"2025-12-30T09:28:28","guid":{"rendered":"https:\/\/roveyayinevi.com.tr\/index.php\/urun\/guzellik-ve-huzun\/"},"modified":"2026-04-15T03:44:46","modified_gmt":"2026-04-15T00:44:46","slug":"guzellik-ve-huzun","status":"publish","type":"product","link":"https:\/\/roveyayinevi.com.tr\/index.php\/urun\/guzellik-ve-huzun\/","title":{"rendered":"G\u00fczellik ve H\u00fcz\u00fcn"},"content":{"rendered":"<p>Zaman herkes i\u00e7in ayn\u0131 \u015fekilde akar, insanlarsa zaman\u0131n i\u00e7inde farkl\u0131 \u015fekillerde akarlar.   Ya\u011fmur mevsimi Tokyo\u2019yu teslim alm\u0131\u015fken, \u00fcnl\u00fc yazar Toshio \u014cki, y\u0131llar sonra ilk kez Kyoto\u2019ya giden bir trende oturur. Bu yolculuk, onu ge\u00e7mi\u015fin a\u011f\u0131r g\u00f6lgeleriyle y\u00fczle\u015fmeye g\u00f6t\u00fcr\u00fcrken, gen\u00e7lik y\u0131llar\u0131n\u0131n tutkulu a\u015fk\u0131, ressam Ueno Otoko\u2019yla yar\u0131m kalm\u0131\u015f hik\u00e2yesini de belki nihayete erdirme umudu ta\u015f\u0131r.   Fakat \u014cki\u2019nin ge\u00e7mi\u015fi yaln\u0131zca pi\u015fmanl\u0131klarla de\u011fil, ba\u015fkalar\u0131n\u0131n ta\u015f\u0131d\u0131\u011f\u0131 yaralarla da doludur. Otoko\u2019nun yan\u0131ndaki gen\u00e7 ve gizemli kad\u0131n\u0131n ta\u015f\u0131d\u0131\u011f\u0131 intikam arzusu, ge\u00e7mi\u015fin sars\u0131nt\u0131lar\u0131n\u0131 yeniden harekete ge\u00e7irirken, \u00fc\u00e7\u00fcn\u00fcn kaderini telafisi m\u00fcmk\u00fcn olmayan bi\u00e7imde de\u011fi\u015ftirecektir.   G\u00fczellik ile h\u00fczn\u00fcn i\u00e7 i\u00e7e ge\u00e7ti\u011fi bu \u00e7arp\u0131c\u0131 roman, bir a\u015fk\u0131n ard\u0131nda kalan sessizlikleri, zamanla serpilen karanl\u0131k duygular\u0131 ve affetmenin s\u0131n\u0131rlar\u0131n\u0131 ke\u015ffe \u00e7\u0131kar\u0131yor.   \u201cKawabata\u2019n\u0131n romanlar\u0131, zaman\u0131m\u0131z\u0131n en etkileyicive \u00f6zg\u00fcn eserleri aras\u0131ndad\u0131r.\u201d                             The New York Times   <\/p>\n","protected":false},"excerpt":{"rendered":"<p>Zaman herkes i\u00e7in ayn\u0131 \u015fekilde akar, insanlarsa zaman\u0131n i\u00e7inde farkl\u0131 \u015fekillerde akarlar. Ya\u011fmur mevsimi Tokyo\u2019yu teslim alm\u0131\u015fken, \u00fcnl\u00fc yazar Toshio \u014cki, y\u0131llar sonra ilk kez Kyoto\u2019ya<span class=\"excerpt-hellip\"> [\u2026]<\/span><\/p>\n","protected":false},"featured_media":0,"template":"","meta":{"_monsterinsights_skip_tracking":false,"_monsterinsights_sitenote_active":false,"_monsterinsights_sitenote_note":"","_monsterinsights_sitenote_category":0},"product_brand":[],"product_cat":[12291,12711],"product_tag":[],"class_list":{"0":"post-780147","1":"product","2":"type-product","3":"status-publish","5":"product_cat-edebiyat","6":"product_cat-roman-oyku","7":"pa_cilt-ciltsiz","8":"pa_tur-kitap","9":"pa_yayinevi-can-yayinlari","10":"pa_yazar-yasunari-kawabata","12":"first","13":"instock","14":"sale","15":"shipping-taxable","16":"purchasable","17":"product-type-simple"},"_links":{"self":[{"href":"https:\/\/roveyayinevi.com.tr\/index.php\/wp-json\/wp\/v2\/product\/780147","targetHints":{"allow":["GET"]}}],"collection":[{"href":"https:\/\/roveyayinevi.com.tr\/index.php\/wp-json\/wp\/v2\/product"}],"about":[{"href":"https:\/\/roveyayinevi.com.tr\/index.php\/wp-json\/wp\/v2\/types\/product"}],"wp:attachment":[{"href":"https:\/\/roveyayinevi.com.tr\/index.php\/wp-json\/wp\/v2\/media?parent=780147"}],"wp:term":[{"taxonomy":"product_brand","embeddable":true,"href":"https:\/\/roveyayinevi.com.tr\/index.php\/wp-json\/wp\/v2\/product_brand?post=780147"},{"taxonomy":"product_cat","embeddable":true,"href":"https:\/\/roveyayinevi.com.tr\/index.php\/wp-json\/wp\/v2\/product_cat?post=780147"},{"taxonomy":"product_tag","embeddable":true,"href":"https:\/\/roveyayinevi.com.tr\/index.php\/wp-json\/wp\/v2\/product_tag?post=780147"}],"curies":[{"name":"wp","href":"https:\/\/api.w.org\/{rel}","templated":true}]}}