{"id":780146,"date":"2025-12-30T12:28:23","date_gmt":"2025-12-30T09:28:23","guid":{"rendered":"https:\/\/roveyayinevi.com.tr\/index.php\/urun\/coranin-sarmali\/"},"modified":"2026-04-03T03:36:11","modified_gmt":"2026-04-03T00:36:11","slug":"coranin-sarmali","status":"publish","type":"product","link":"https:\/\/roveyayinevi.com.tr\/index.php\/urun\/coranin-sarmali\/","title":{"rendered":"Cora&#8217;n\u0131n Sarmal\u0131"},"content":{"rendered":"<p>Paris\u2019te bir sigorta \u015firketinde \u00e7al\u0131\u015fan Cora Salme, do\u011fum izninden d\u00f6nd\u00fc\u011f\u00fcnde kendini yeni y\u00f6neticilerle ve b\u0131rakt\u0131\u011f\u0131ndan \u00e7ok daha rekabet\u00e7i ve bo\u011fucu bir ortamla kar\u015f\u0131 kar\u015f\u0131ya bulur. Ekonomik krizin yank\u0131lar\u0131 \u015firkette hissedilmektedir. \u0130\u015fyerindeki bask\u0131lar, bitmek bilmeyen yo\u011funluk ve stres gen\u00e7 kad\u0131n\u0131n s\u0131n\u0131rlar\u0131n\u0131 gitgide zorlar. Cora, i\u015f hayat\u0131 ile Pierre ve k\u00fc\u00e7\u00fck k\u0131z\u0131 Manon\u2019dan olu\u015fan minik d\u00fcnyas\u0131 aras\u0131nda kendine nefes alabilece\u011fi bir alan yaratmaya \u00e7al\u0131\u015fsa da g\u00fcn ge\u00e7tik\u00e7e i\u00e7inden \u00e7\u0131kamayaca\u011f\u0131 bir sarmal\u0131n i\u00e7ine d\u00fc\u015fer. Derken bir haziran sabah\u0131 t\u00fcm hayat\u0131 yerle bir olur.    Okuru Paris metrosunun koridorlar\u0131yla La D\u00e9fense\u2019\u0131n u\u011fultulu ofisleri aras\u0131nda gezintiye \u00e7\u0131karan Cora\u2019n\u0131n Sarmal\u0131, \u00f6zg\u00fcn ve ak\u0131c\u0131 bir dille \u00e7a\u011f\u0131m\u0131z kad\u0131nlar\u0131ndan birinin sars\u0131c\u0131 portresini \u00e7iziyor.<\/p>\n","protected":false},"excerpt":{"rendered":"<p>Paris\u2019te bir sigorta \u015firketinde \u00e7al\u0131\u015fan Cora Salme, do\u011fum izninden d\u00f6nd\u00fc\u011f\u00fcnde kendini yeni y\u00f6neticilerle ve b\u0131rakt\u0131\u011f\u0131ndan \u00e7ok daha rekabet\u00e7i ve bo\u011fucu bir ortamla kar\u015f\u0131 kar\u015f\u0131ya bulur. Ekonomik<span class=\"excerpt-hellip\"> [\u2026]<\/span><\/p>\n","protected":false},"featured_media":0,"template":"","meta":{"_monsterinsights_skip_tracking":false,"_monsterinsights_sitenote_active":false,"_monsterinsights_sitenote_note":"","_monsterinsights_sitenote_category":0},"product_brand":[],"product_cat":[12291,12711],"product_tag":[],"class_list":{"0":"post-780146","1":"product","2":"type-product","3":"status-publish","5":"product_cat-edebiyat","6":"product_cat-roman-oyku","7":"pa_cilt-ciltsiz","8":"pa_tur-kitap","9":"pa_yayinevi-can-yayinlari","10":"pa_yazar-vincent-message","12":"first","13":"instock","14":"sale","15":"shipping-taxable","16":"purchasable","17":"product-type-simple"},"_links":{"self":[{"href":"https:\/\/roveyayinevi.com.tr\/index.php\/wp-json\/wp\/v2\/product\/780146","targetHints":{"allow":["GET"]}}],"collection":[{"href":"https:\/\/roveyayinevi.com.tr\/index.php\/wp-json\/wp\/v2\/product"}],"about":[{"href":"https:\/\/roveyayinevi.com.tr\/index.php\/wp-json\/wp\/v2\/types\/product"}],"wp:attachment":[{"href":"https:\/\/roveyayinevi.com.tr\/index.php\/wp-json\/wp\/v2\/media?parent=780146"}],"wp:term":[{"taxonomy":"product_brand","embeddable":true,"href":"https:\/\/roveyayinevi.com.tr\/index.php\/wp-json\/wp\/v2\/product_brand?post=780146"},{"taxonomy":"product_cat","embeddable":true,"href":"https:\/\/roveyayinevi.com.tr\/index.php\/wp-json\/wp\/v2\/product_cat?post=780146"},{"taxonomy":"product_tag","embeddable":true,"href":"https:\/\/roveyayinevi.com.tr\/index.php\/wp-json\/wp\/v2\/product_tag?post=780146"}],"curies":[{"name":"wp","href":"https:\/\/api.w.org\/{rel}","templated":true}]}}