{"id":780145,"date":"2025-12-30T12:28:17","date_gmt":"2025-12-30T09:28:17","guid":{"rendered":"https:\/\/roveyayinevi.com.tr\/index.php\/urun\/yazarak-iyilesiyoruz\/"},"modified":"2026-04-15T03:44:46","modified_gmt":"2026-04-15T00:44:46","slug":"yazarak-iyilesiyoruz","status":"publish","type":"product","link":"https:\/\/roveyayinevi.com.tr\/index.php\/urun\/yazarak-iyilesiyoruz\/","title":{"rendered":"Yazarak \u0130yile\u015fiyoruz"},"content":{"rendered":"<p>\u201cYazarak \u0130yile\u015fiyoruz\u201d kitab\u0131, dostluk ve arkada\u015fl\u0131\u011f\u0131n sevgi ile birlik oldu\u011fu, birbirinden de\u011ferli yazar ve yazar adaylar\u0131n\u0131n eserlerinin yer ald\u0131\u011f\u0131 yazarak iyile\u015fmeye sevk eden bir kitapt\u0131r. Bu kitab\u0131 okuyan de\u011ferli okurumuz, k\u0131ymetli yazarlar\u0131m\u0131z ve yazar adaylar\u0131m\u0131z,  i\u00e7inden akan g\u00fczellikleri size ak\u0131tarak,  sizleri yazarak iyile\u015fmeye davet ediyor. Bu kitab\u0131 bir solukta okuyacak, keyif alacak ve siz de bu kitap serisinde yazmak isteyeceksiniz. Hepinizi, t\u00fcm okurlar\u0131m\u0131z\u0131, bu kitab\u0131n \u201cYAZARAK \u0130Y\u0130LE\u015e\u0130YORUZ\u201d serilerinde yazmak i\u00e7in ba\u015fvurarak yazarak iyile\u015fmelerine davetiye oluyoruz. \u0130leti\u015fim ve ba\u015fvuru i\u00e7in arka kapaktaki ileti\u015fim bilgilerini kullanabilirsiniz. Bu kitap, yazar\u0131m\u0131z ve edit\u00f6r\u00fcm\u00fcz olan sevgili Nuran Erez Turan\u2019\u0131n i\u00e7inden ve g\u00fczel kalbinden sevgi ile akan ilham ile ortaya \u00e7\u0131kt\u0131. Sonra t\u00fcm g\u00fczel dostlar\u0131m\u0131z\u0131 ve arkada\u015flar\u0131m\u0131z\u0131, bu kitaba bir makale, bir hik\u00e2ye, bir \u015fiir, bir \u015fifa tekni\u011fi veya i\u00e7inden akan bir yaz\u0131y\u0131 bu kitapta yer almak i\u00e7in yazmaya davet ettik. \u015eimdi s\u0131ra sizde. Siz de arka kapak i\u00e7indeki davetiyede yer alan ileti\u015fim bilgileri ile ba\u015fvurun, sizin de eseriniz bu kitab\u0131n di\u011fer serilerinde yer als\u0131n, siz de okurlar da yazarak iyile\u015fsin. Bu kitapta \u00e7ok de\u011ferli, bilinen \u015fifac\u0131 ve yazarlar\u0131m\u0131z da yazarak, bizi ve okurlar\u0131n\u0131 onurland\u0131rd\u0131. , \u201cBEN\u201d ve \u201cO\u201d kitaplar\u0131n\u0131n yazar\u0131 O\u011fuz Tokg\u00f6z, \u201cAlistezi\u201d \u015fifa tekni\u011fine imza atan Dr. Aliseydi G\u00fcltekin, e\u015f zamanl\u0131, bu kitap ile beraber \u201cG\u00f6rd\u00fcn m\u00fc ka\u015flar\u0131?\u201d adl\u0131 eseri yay\u0131nlanacak olan \u00fcnl\u00fc YouTuber ve Mimar nam-\u0131 di\u011fer Ar\u0131za Adam \u00d6mer \u0130lhami Dalman, \u2018\u2019Mutluluk Terapisi\u2019\u2019 kitab\u0131n\u0131n yazar\u0131 Sinan Eviren, \u201c2023 Y\u0131l\u0131n\u0131n Kuantum Ya\u015fam Ko\u00e7u\u201d se\u00e7ilen sevgili Belgin G\u00fclek, \u201cMavi\u201d, \u201cHaziran Falc\u0131s\u0131\u201d, \u201cElfiya\u201d, \u201cM\u00fcbadele\u201d ve bir\u00e7ok de\u011ferli kitab\u0131n \u00fcnl\u00fc yazar\u0131 Belgin Karabulut, ayn\u0131 zamanda kitab\u0131m\u0131z\u0131n mizanpaj\u0131n\u0131 yapan,  MYK Ment\u00f6r Psikolog Dr. Mahizer \u00d6zsudur ve kitab\u0131m\u0131z\u0131 ilmik ilmik i\u015fleyen, okurlar\u0131n\u0131 yazarak iyile\u015fmeye sevk eden t\u00fcm sevgili yazarlar\u0131m\u0131za ve okurlar\u0131m\u0131za sonsuz \u015f\u00fckranlar\u0131m\u0131z\u0131 sunuyoruz. Ve \u015fu an burada bu sat\u0131rlar\u0131 okuyan sevgili okurumuz ve yazar aday\u0131m\u0131z, yazarak iyile\u015fmeye var m\u0131s\u0131n? Okurken ve yazarken iyile\u015fmenin nas\u0131l bir his oldu\u011funu bilmek ister misin? Cevab\u0131n \u201cEvet\u201d ise a\u015fa\u011f\u0131daki ileti\u015fim bilgileri senin i\u00e7in. Haydi gel, bizimle ol. Super7tv E\u011fitim, Super7tv Kitapevi, Rona Zuhal Atasoy Dalman, <\/p>\n","protected":false},"excerpt":{"rendered":"<p>\u201cYazarak \u0130yile\u015fiyoruz\u201d kitab\u0131, dostluk ve arkada\u015fl\u0131\u011f\u0131n sevgi ile birlik oldu\u011fu, birbirinden de\u011ferli yazar ve yazar adaylar\u0131n\u0131n eserlerinin yer ald\u0131\u011f\u0131 yazarak iyile\u015fmeye sevk eden bir kitapt\u0131r. Bu<span class=\"excerpt-hellip\"> [\u2026]<\/span><\/p>\n","protected":false},"featured_media":0,"template":"","meta":{"_monsterinsights_skip_tracking":false,"_monsterinsights_sitenote_active":false,"_monsterinsights_sitenote_note":"","_monsterinsights_sitenote_category":0},"product_brand":[],"product_cat":[12777,12291],"product_tag":[],"class_list":{"0":"post-780145","1":"product","2":"type-product","3":"status-publish","5":"product_cat-deneme","6":"product_cat-edebiyat","7":"pa_cilt-ciltsiz","8":"pa_tur-kitap","9":"pa_yayinevi-zet-yayinlari","10":"pa_yazar-rona-zuhal-atasoy-dalman","12":"first","13":"instock","14":"sale","15":"shipping-taxable","16":"purchasable","17":"product-type-simple"},"_links":{"self":[{"href":"https:\/\/roveyayinevi.com.tr\/index.php\/wp-json\/wp\/v2\/product\/780145","targetHints":{"allow":["GET"]}}],"collection":[{"href":"https:\/\/roveyayinevi.com.tr\/index.php\/wp-json\/wp\/v2\/product"}],"about":[{"href":"https:\/\/roveyayinevi.com.tr\/index.php\/wp-json\/wp\/v2\/types\/product"}],"wp:attachment":[{"href":"https:\/\/roveyayinevi.com.tr\/index.php\/wp-json\/wp\/v2\/media?parent=780145"}],"wp:term":[{"taxonomy":"product_brand","embeddable":true,"href":"https:\/\/roveyayinevi.com.tr\/index.php\/wp-json\/wp\/v2\/product_brand?post=780145"},{"taxonomy":"product_cat","embeddable":true,"href":"https:\/\/roveyayinevi.com.tr\/index.php\/wp-json\/wp\/v2\/product_cat?post=780145"},{"taxonomy":"product_tag","embeddable":true,"href":"https:\/\/roveyayinevi.com.tr\/index.php\/wp-json\/wp\/v2\/product_tag?post=780145"}],"curies":[{"name":"wp","href":"https:\/\/api.w.org\/{rel}","templated":true}]}}