{"id":780142,"date":"2025-12-30T12:28:07","date_gmt":"2025-12-30T09:28:07","guid":{"rendered":"https:\/\/roveyayinevi.com.tr\/index.php\/urun\/cehri\/"},"modified":"2026-04-15T03:44:46","modified_gmt":"2026-04-15T00:44:46","slug":"cehri","status":"publish","type":"product","link":"https:\/\/roveyayinevi.com.tr\/index.php\/urun\/cehri\/","title":{"rendered":"Cehri"},"content":{"rendered":"<p>\u201cCehri\u201d, yaln\u0131zca bir \u015fiir kitab\u0131 de\u011fil; insan\u0131n i\u00e7 k\u0131r\u0131lganl\u0131klar\u0131, zamanla olan \u00e7at\u0131\u015fmas\u0131 ve varolu\u015fa tutunma \u00e7abas\u0131 \u00fczerine yaz\u0131lm\u0131\u015f ontolojik bir haf\u0131za defteri. K\u00e2mil Toprak\u2019\u0131n \u015fiirleri, modern d\u00fcnyan\u0131n ruhsal yoksullu\u011funu, bireyin i\u00e7sel yaln\u0131zl\u0131\u011f\u0131n\u0131 ve haf\u0131zaya kaz\u0131nan metafizik yaralar\u0131 dile getiriyor. Her bir \u015fiir, kay\u0131p bir \u00e7ocu\u011fun g\u00f6z\u00fcnden, bir m\u00fcltecinin omzundan, bir annenin duas\u0131ndan, bir filozofun karanl\u0131\u011f\u0131ndan, bir dervi\u015fin suskunlu\u011fundan sesleniyor. Kitap boyunca tekrar tekrar yank\u0131lanan kavramlar \u2013zaman, ruh, sessizlik, kalp, anne, g\u00f6lge, dua, \u015fehir, \u00e7ocukluk\u2013 birer anahtar gibi \u015fiir kap\u0131lar\u0131n\u0131 aral\u0131yor. \u015eiirsel dilin zirveye \u00e7\u0131kt\u0131\u011f\u0131 yerlerde, imge d\u00fcnyas\u0131 mistik bir derinli\u011fe d\u00f6n\u00fc\u015f\u00fcyor. \u201cHardal Tanesi\u201dnde k\u00e2inata s\u0131\u011fmayan bir zerre, \u201cProkrustes\u2019in Yata\u011f\u0131\u201dnda normlara s\u0131\u011fmayan bir ruh, \u201cCehri\u201dde k\u00f6k\u00fcn\u00fc kaybetmi\u015f bir \u00e7\u0131\u011fl\u0131k, \u201cAlzheimer G\u00fcnl\u00fckleri\u201dnde ise zihnin zamanla \u00e7at\u0131\u015fmas\u0131 dile geliyor. \u201cGazze\u2019ye A\u011f\u0131t\u201d, \u201cNagazaki\u201d, \u201cAs\u0131l\u0131 Kalm\u0131\u015f Bir \u00c7ift G\u00f6z\u201d gibi \u015fiirlerle insanl\u0131\u011f\u0131n kolektif vicdan\u0131na dokunan \u015fair; di\u011fer yandan \u201cAleksitimya\u201d, \u201cHicr\u00ee Temay\u00fcl\u201d, \u201cLisan\u00ee Maderz\u00e2t\u201d gibi \u015fiirlerle bireyin i\u00e7sel labirentlerini yokluyor. Kalbinde bir umut k\u0131v\u0131lc\u0131m\u0131 ta\u015f\u0131yan her okur, Bu kitaba kendi yank\u0131s\u0131n\u0131 b\u0131rakacakt\u0131r. <\/p>\n","protected":false},"excerpt":{"rendered":"<p>\u201cCehri\u201d, yaln\u0131zca bir \u015fiir kitab\u0131 de\u011fil; insan\u0131n i\u00e7 k\u0131r\u0131lganl\u0131klar\u0131, zamanla olan \u00e7at\u0131\u015fmas\u0131 ve varolu\u015fa tutunma \u00e7abas\u0131 \u00fczerine yaz\u0131lm\u0131\u015f ontolojik bir haf\u0131za defteri. K\u00e2mil Toprak\u2019\u0131n \u015fiirleri, modern<span class=\"excerpt-hellip\"> [\u2026]<\/span><\/p>\n","protected":false},"featured_media":0,"template":"","meta":{"_monsterinsights_skip_tracking":false,"_monsterinsights_sitenote_active":false,"_monsterinsights_sitenote_note":"","_monsterinsights_sitenote_category":0},"product_brand":[],"product_cat":[12291,12509],"product_tag":[],"class_list":{"0":"post-780142","1":"product","2":"type-product","3":"status-publish","5":"product_cat-edebiyat","6":"product_cat-siir","7":"pa_cilt-ciltsiz","8":"pa_tur-kitap","9":"pa_yayinevi-zet-yayinlari","10":"pa_yazar-kamil-toprak","12":"first","13":"instock","14":"sale","15":"shipping-taxable","16":"purchasable","17":"product-type-simple"},"_links":{"self":[{"href":"https:\/\/roveyayinevi.com.tr\/index.php\/wp-json\/wp\/v2\/product\/780142","targetHints":{"allow":["GET"]}}],"collection":[{"href":"https:\/\/roveyayinevi.com.tr\/index.php\/wp-json\/wp\/v2\/product"}],"about":[{"href":"https:\/\/roveyayinevi.com.tr\/index.php\/wp-json\/wp\/v2\/types\/product"}],"wp:attachment":[{"href":"https:\/\/roveyayinevi.com.tr\/index.php\/wp-json\/wp\/v2\/media?parent=780142"}],"wp:term":[{"taxonomy":"product_brand","embeddable":true,"href":"https:\/\/roveyayinevi.com.tr\/index.php\/wp-json\/wp\/v2\/product_brand?post=780142"},{"taxonomy":"product_cat","embeddable":true,"href":"https:\/\/roveyayinevi.com.tr\/index.php\/wp-json\/wp\/v2\/product_cat?post=780142"},{"taxonomy":"product_tag","embeddable":true,"href":"https:\/\/roveyayinevi.com.tr\/index.php\/wp-json\/wp\/v2\/product_tag?post=780142"}],"curies":[{"name":"wp","href":"https:\/\/api.w.org\/{rel}","templated":true}]}}