{"id":780141,"date":"2025-12-30T12:28:05","date_gmt":"2025-12-30T09:28:05","guid":{"rendered":"https:\/\/roveyayinevi.com.tr\/index.php\/urun\/egemenler-din-ve-zenginlik\/"},"modified":"2026-01-22T03:56:59","modified_gmt":"2026-01-22T00:56:59","slug":"egemenler-din-ve-zenginlik","status":"publish","type":"product","link":"https:\/\/roveyayinevi.com.tr\/index.php\/urun\/egemenler-din-ve-zenginlik\/","title":{"rendered":"Egemenler, Din ve Zenginlik"},"content":{"rendered":"<p>Egemenler, Din ve Zenginlik olarak T\u00fcrk\u00e7eye \u00e7evirdi\u011fimiz bu kitap, iktisat tarihinin en temel sorular\u0131ndan birini ele al\u0131yor: Modern zenginlik neden ba\u015fka bir co\u011frafyada de\u011fil de Avrupa\u2019da ortaya \u00e7\u0131kt\u0131 ve Orta Do\u011fu bu s\u00fcre\u00e7te neden geride kald\u0131? Jared Rubin, din\u00ee doktrinlere odaklanan, dinin kendisini su\u00e7layan basitle\u015ftirici iddialar\u0131 reddederek, iki b\u00f6lge aras\u0131ndaki ayr\u0131\u015fman\u0131n k\u00f6kenlerini siyasi ve kurumsal farkl\u0131l\u0131klarda ar\u0131yor. Kitab\u0131n iddias\u0131na g\u00f6re din\u00ee otoritelere siyasal pazarl\u0131k masas\u0131nda \u00f6nemli bir pozisyon verildi ve onlar da bunu matbaa ve faizle bor\u00e7 verme gibi \u00f6nemli geli\u015fmeleri engellemek i\u00e7in kulland\u0131lar. Kritik \u00f6nemde olan bu iki hususu merkeze alan yazar bu \u00e7er\u00e7evede Osmanl\u0131 ve \u0130spanyol \u0130mparatorluklar\u0131n\u0131, Reformasyon sonras\u0131 Kilise\u2019nin me\u015frula\u015ft\u0131r\u0131c\u0131 rol\u00fcn\u00fcn zay\u0131flad\u0131\u011f\u0131 \u0130ngiltere ve Hollanda Cumhuriyeti ile kar\u015f\u0131la\u015ft\u0131r\u0131lmaktad\u0131r. Egemenlerin ekonomik se\u00e7kinlerle m\u00fczakere etme zorunlulu\u011funun; m\u00fclkiyet haklar\u0131n\u0131, kamusal mallar\u0131n tedarikini ve uzun vadeli b\u00fcy\u00fcmeyi te\u015fvik eden yasalar\u0131 nas\u0131l \u015fekillendirdi\u011fi tarihsel kan\u0131tlarla incelenmektedir. Egemenler, Din ve Zenginlik \u0130slam\u2019\u0131n siyaset ve ekonomideki rol\u00fcne dair yap\u0131lan \u00e7al\u0131\u015fmalara farkl\u0131 ama tart\u0131\u015fmal\u0131 bir bak\u0131\u015f sunuyor. Vak\u0131fBank K\u00fclt\u00fcr Yay\u0131nlar\u0131 arac\u0131l\u0131l\u0131\u011f\u0131yla T\u00fcrk\u00e7eye kazand\u0131r\u0131lan bu kitap, iktisat\u00e7\u0131lar, siyaset bilimciler, tarih\u00e7iler ve Orta Do\u011fu ekonomi politi\u011fiyle ilgilenen okurlar i\u00e7in dikkate de\u011fer bir analiz sunuyor. <\/p>\n","protected":false},"excerpt":{"rendered":"<p>Egemenler, Din ve Zenginlik olarak T\u00fcrk\u00e7eye \u00e7evirdi\u011fimiz bu kitap, iktisat tarihinin en temel sorular\u0131ndan birini ele al\u0131yor: Modern zenginlik neden ba\u015fka bir co\u011frafyada de\u011fil de Avrupa\u2019da<span class=\"excerpt-hellip\"> [\u2026]<\/span><\/p>\n","protected":false},"featured_media":0,"template":"","meta":{"_monsterinsights_skip_tracking":false,"_monsterinsights_sitenote_active":false,"_monsterinsights_sitenote_note":"","_monsterinsights_sitenote_category":0},"product_brand":[],"product_cat":[13043],"product_tag":[],"class_list":{"0":"post-780141","1":"product","2":"type-product","3":"status-publish","5":"product_cat-ekonomi","6":"pa_cilt-ciltsiz","7":"pa_tur-kitap","8":"pa_yayinevi-vakifbank-kultur-yayinlari","9":"pa_yazar-jared-rubin","10":"pa_yazar-mark-koyama","12":"first","13":"instock","14":"sale","15":"shipping-taxable","16":"purchasable","17":"product-type-simple"},"_links":{"self":[{"href":"https:\/\/roveyayinevi.com.tr\/index.php\/wp-json\/wp\/v2\/product\/780141","targetHints":{"allow":["GET"]}}],"collection":[{"href":"https:\/\/roveyayinevi.com.tr\/index.php\/wp-json\/wp\/v2\/product"}],"about":[{"href":"https:\/\/roveyayinevi.com.tr\/index.php\/wp-json\/wp\/v2\/types\/product"}],"wp:attachment":[{"href":"https:\/\/roveyayinevi.com.tr\/index.php\/wp-json\/wp\/v2\/media?parent=780141"}],"wp:term":[{"taxonomy":"product_brand","embeddable":true,"href":"https:\/\/roveyayinevi.com.tr\/index.php\/wp-json\/wp\/v2\/product_brand?post=780141"},{"taxonomy":"product_cat","embeddable":true,"href":"https:\/\/roveyayinevi.com.tr\/index.php\/wp-json\/wp\/v2\/product_cat?post=780141"},{"taxonomy":"product_tag","embeddable":true,"href":"https:\/\/roveyayinevi.com.tr\/index.php\/wp-json\/wp\/v2\/product_tag?post=780141"}],"curies":[{"name":"wp","href":"https:\/\/api.w.org\/{rel}","templated":true}]}}