{"id":780139,"date":"2025-12-30T12:27:57","date_gmt":"2025-12-30T09:27:57","guid":{"rendered":"https:\/\/roveyayinevi.com.tr\/index.php\/urun\/beyaz-dag\/"},"modified":"2026-04-15T03:44:46","modified_gmt":"2026-04-15T00:44:46","slug":"beyaz-dag","status":"publish","type":"product","link":"https:\/\/roveyayinevi.com.tr\/index.php\/urun\/beyaz-dag\/","title":{"rendered":"Beyaz Da\u011f"},"content":{"rendered":"<p>\u201c\u015eimdi \u00f6n\u00fcmde vermem gereken bir karar var: Bu saatin sonunda hem g\u00fcn hem de ay de\u011fi\u015fecek ve takvim do\u011fum g\u00fcn\u00fcm\u00fc g\u00f6sterecek. \u015eimdiye dek ya\u015f\u0131m soruldu\u011funda verdi\u011fim cevap, o anki ruh h\u00e2lime ve arzuma g\u00f6re 14 ila 17 aras\u0131nda de\u011fi\u015firdi. Fakat art\u0131k kesin olarak 15 ya\u015f\u0131ma basaca\u011f\u0131m. Ne \u00e7ocuk ne de yeti\u015fkin say\u0131ld\u0131\u011f\u0131m o ara d\u00f6nem resmen sona erecek; \u00e7a\u011f\u0131m\u0131n eksiksiz bir tan\u0131\u011f\u0131 olaca\u011f\u0131m. &#8230; Engellerin t\u00fcm\u00fcn\u00fc a\u015facak, t\u00fcm zincirlerden kendimi kurtaraca\u011f\u0131m. S\u0131n\u0131f\u0131mdaki, okulumdaki ve mensubu oldu\u011fum klandaki \u00f6zel konumumun daima fark\u0131nda olaca\u011f\u0131m. Hep da\u011flar\u0131 a\u015fmay\u0131 hedefleyip, vadilerde de\u011fil, zirveye giden yollarda ilerleyece\u011fim. Kalabal\u0131klardan ayr\u0131, yaln\u0131z olaca\u011f\u0131m bir zirveye ula\u015faca\u011f\u0131m.\u201d Mavi G\u00f6ky\u00fcz\u00fc ve Gri Yery\u00fcz\u00fc ile tan\u0131d\u0131\u011f\u0131m\u0131z \u00e7oban \u00e7ocu\u011funun ergenli\u011fe ge\u00e7i\u015f s\u00fcrecinde d\u00fc\u015ft\u00fc\u011f\u00fc ikilemler, serinin son kitab\u0131, Beyaz Da\u011f\u2019da anlat\u0131l\u0131yor. Kuzey Mo\u011folistan\u2019da Altay Da\u011flar\u0131ndaki anavatan\u0131ndan al\u0131nd\u0131ktan sonra ta\u015frada bir ba\u015fkentte okula g\u00f6nderilen kahraman\u0131m\u0131z, halk\u0131n\u0131n geleneksel g\u00f6\u00e7ebe ya\u015fam\u0131, \u015famanl\u0131k \u00e7a\u011fr\u0131s\u0131, sosyalist bir e\u011fitimin sundu\u011fu modern ideallere uygun bir ya\u015fam aras\u0131nda kal\u0131yor. \u00c7ocuklu\u011funun geleneksel d\u00fcnyas\u0131 ve kar\u015f\u0131s\u0131na \u00e7\u0131kan yeni f\u0131rsatlar aras\u0131nda bir tercih yapmas\u0131 gerekecek&#8230; Her kitab\u0131nda oldu\u011fu gibi Galsan (Tschinag) \u00c7\u0131nak\u2019\u0131n bu eserinde de Mo\u011fol Altay Da\u011flar\u0131n\u0131n y\u00fcksek platolar\u0131nda varl\u0131\u011f\u0131n\u0131 s\u00fcrd\u00fcren Tuva halk\u0131n\u0131n k\u00fclt\u00fcr ve gelene\u011fine, ayr\u0131ca farkl\u0131 kimliklerin kar\u015f\u0131la\u015fmas\u0131ndan do\u011fan \u00e7arp\u0131c\u0131 y\u00fczle\u015fmelere \u015fahit olacaks\u0131n\u0131z. Beyaz Da\u011f, Vak\u0131fBank K\u00fclt\u00fcr Yay\u0131nlar\u0131 ayr\u0131cal\u0131\u011f\u0131yla okurlar\u0131yla bulu\u015fmay\u0131 bekliyor. <\/p>\n","protected":false},"excerpt":{"rendered":"<p>\u201c\u015eimdi \u00f6n\u00fcmde vermem gereken bir karar var: Bu saatin sonunda hem g\u00fcn hem de ay de\u011fi\u015fecek ve takvim do\u011fum g\u00fcn\u00fcm\u00fc g\u00f6sterecek. \u015eimdiye dek ya\u015f\u0131m soruldu\u011funda verdi\u011fim<span class=\"excerpt-hellip\"> [\u2026]<\/span><\/p>\n","protected":false},"featured_media":0,"template":"","meta":{"_monsterinsights_skip_tracking":false,"_monsterinsights_sitenote_active":false,"_monsterinsights_sitenote_note":"","_monsterinsights_sitenote_category":0},"product_brand":[],"product_cat":[12291],"product_tag":[],"class_list":{"0":"post-780139","1":"product","2":"type-product","3":"status-publish","5":"product_cat-edebiyat","6":"pa_cilt-ciltsiz","7":"pa_tur-kitap","8":"pa_yayinevi-vakifbank-kultur-yayinlari","9":"pa_yazar-galsan-tschinag","11":"first","12":"instock","13":"sale","14":"shipping-taxable","15":"purchasable","16":"product-type-simple"},"_links":{"self":[{"href":"https:\/\/roveyayinevi.com.tr\/index.php\/wp-json\/wp\/v2\/product\/780139","targetHints":{"allow":["GET"]}}],"collection":[{"href":"https:\/\/roveyayinevi.com.tr\/index.php\/wp-json\/wp\/v2\/product"}],"about":[{"href":"https:\/\/roveyayinevi.com.tr\/index.php\/wp-json\/wp\/v2\/types\/product"}],"wp:attachment":[{"href":"https:\/\/roveyayinevi.com.tr\/index.php\/wp-json\/wp\/v2\/media?parent=780139"}],"wp:term":[{"taxonomy":"product_brand","embeddable":true,"href":"https:\/\/roveyayinevi.com.tr\/index.php\/wp-json\/wp\/v2\/product_brand?post=780139"},{"taxonomy":"product_cat","embeddable":true,"href":"https:\/\/roveyayinevi.com.tr\/index.php\/wp-json\/wp\/v2\/product_cat?post=780139"},{"taxonomy":"product_tag","embeddable":true,"href":"https:\/\/roveyayinevi.com.tr\/index.php\/wp-json\/wp\/v2\/product_tag?post=780139"}],"curies":[{"name":"wp","href":"https:\/\/api.w.org\/{rel}","templated":true}]}}