{"id":780134,"date":"2025-12-30T12:27:42","date_gmt":"2025-12-30T09:27:42","guid":{"rendered":"https:\/\/roveyayinevi.com.tr\/index.php\/urun\/cocuklar-soruyor-ilber-hoca-cevapliyor-gazi-mustafa-kemal-ataturk\/"},"modified":"2026-04-15T03:44:45","modified_gmt":"2026-04-15T00:44:45","slug":"cocuklar-soruyor-ilber-hoca-cevapliyor-gazi-mustafa-kemal-ataturk","status":"publish","type":"product","link":"https:\/\/roveyayinevi.com.tr\/index.php\/urun\/cocuklar-soruyor-ilber-hoca-cevapliyor-gazi-mustafa-kemal-ataturk\/","title":{"rendered":"\u00c7ocuklar Soruyor, \u0130lber Hoca Cevapl\u0131yor: Gazi Mustafa Kemal Atat\u00fcrk"},"content":{"rendered":"<p>\u0130lber Ortayl\u0131\u2019n\u0131n kaleminden \u00e7\u0131kan \u201c\u00c7ocuklar Soruyor, \u0130lber Ortayl\u0131 Cevapl\u0131yor &#8211; Gazi Mustafa Kemal Atat\u00fcrk\u201d, \u00e7ocuklara Atat\u00fcrk\u2019\u00fc merak ettikleri t\u00fcm y\u00f6nleriyle anlatan s\u0131cak, \u00f6\u011fretici ve ilham dolu bir kitap. \u00c7ocuklar\u0131n sordu\u011fu ger\u00e7ek sorulardan yola \u00e7\u0131kan kitap, Atat\u00fcrk\u2019\u00fcn \u00e7ocuklu\u011fundan liderlik y\u0131llar\u0131na, fikirlerinden de\u011ferlerine uzanan bir yolculuk sunuyor. \u0130lber Ortayl\u0131, hem tarihsel do\u011frulukla hem de sade bir anlat\u0131mla Atat\u00fcrk\u2019\u00fcn insan yan\u0131n\u0131 g\u00f6steriyor. Atat\u00fcrk\u2019\u00fcn azmi, \u00f6\u011frenme tutkusu, adalet ve bar\u0131\u015f anlay\u0131\u015f\u0131, \u00e7ocuk okurlar i\u00e7in anla\u015f\u0131l\u0131r bir dille yeniden hayat buluyor. Eren Dedelero\u011flu\u2019nun resimleriyle zenginle\u015fen kitap, k\u00fc\u00e7\u00fck okurlara hem tarih bilinci hem de ilham verici bir rol model kazand\u0131r\u0131yor. \u201c\u00c7ocuklar Soruyor, \u0130lber Ortayl\u0131 Cevapl\u0131yor &#8211; Gazi Mustafa Kemal Atat\u00fcrk\u201d, \u00e7ocuklara yaln\u0131zca ge\u00e7mi\u015fi \u00f6\u011fretmiyor; sorgulamay\u0131, d\u00fc\u015f\u00fcnmeyi ve hayal kurmay\u0131 da \u00f6\u011fretiyor.     ***Sevgili \u00c7ocuklar,\u2022 Mustafa Kemal nas\u0131l bir \u00e7ocukmu\u015f, uslu mu yoksa yaramaz m\u0131?\u2022 Atat\u00fcrk Selanik\u2019te do\u011fmu\u015f. Selanik o zamanlar nas\u0131l bir yermi\u015f?\u2022 Mustafa Kemal\u2019e neden \u201cAnafartalar Kahraman\u0131\u201d deniyor?\u2022 Atat\u00fcrk TBMM\u2019yi nas\u0131l kurdu ve neden Ankara\u2019da a\u00e7t\u0131?\u2022 Mustafa Kemal Pa\u015fa, \u201cOrdular! \u0130lk hedefiniz Akdeniz\u2019dir!\u201d s\u00f6z\u00fcn\u00fc ne zaman s\u00f6yledi? B\u00fcy\u00fck tarih\u00e7i \u0130lber Ortayl\u0131, sadece sizler i\u00e7in yazd\u0131! \u00c7ocuklar Soruyor, \u0130lber Hoca Cevapl\u0131yor-Gazi Mustafa Kemal Atat\u00fcrk kitab\u0131nda, Mustafa Kemal\u2019in \u00e7ocukluk hayali olan askerli\u011fe nas\u0131l ula\u015ft\u0131\u011f\u0131n\u0131, Selanik\u2019in capcanl\u0131 sokaklar\u0131ndan \u00c7anakkale cephesine uzanan ya\u015fam\u0131n\u0131, sava\u015f meydanlar\u0131ndaki dehas\u0131n\u0131 ve yepyeni bir cumhuriyet kurma azmini ke\u015ffedeceksiniz. \u0130lber Ortayl\u0131, Atat\u00fcrk\u2019\u00fc sadece bir komutan olarak de\u011fil; do\u011fruyu yapma azmi, insan sevgisi ve her zaman en iyiyi hedefleyen bir lider olarak anlat\u0131yor. \u00dcstelik, kitapta yer alan Bilgi Kutular\u0131 ile anlat\u0131lan d\u00f6neme dair farkl\u0131 bilgiler \u00f6\u011frenecek, \u201cSen Ne D\u00fc\u015f\u00fcn\u00fcyorsun?\u201d b\u00f6l\u00fcmleri sayesinde ise fikirlerinizi payla\u015fma ve Atat\u00fcrk\u2019\u00fc kendi bak\u0131\u015f a\u00e7\u0131n\u0131zla ke\u015ffetme f\u0131rsat\u0131 bulacaks\u0131n\u0131z. Atat\u00fcrk\u2019\u00fc daha yak\u0131ndan tan\u0131mak ve onun hayat\u0131ndaki ilham verici anlar\u0131 ke\u015ffetmek isteyen b\u00fct\u00fcn \u00e7ocuklar ve gen\u00e7ler i\u00e7in! M\u00fcfredat temalar\u0131: TAR\u0130H, MUSTAFA KEMAL ATAT\u00dcRK, MUSTAFA KEMAL ATAT\u00dcRK\u2019\u00dcN YA\u015eAMI, M\u0130LL\u0130 M\u00dcCADELE, KURTULU\u015e SAVA\u015eI, CUMHUR\u0130YET, CUMHUR\u0130YET\u0130N KURULU\u015eU, VATAN VE M\u0130LLET SEVG\u0130S\u0130, ATAT\u00dcRK\u2019\u00dcN L\u0130DERL\u0130K \u00d6ZELL\u0130KLER\u0130   <\/p>\n","protected":false},"excerpt":{"rendered":"<p>\u0130lber Ortayl\u0131\u2019n\u0131n kaleminden \u00e7\u0131kan \u201c\u00c7ocuklar Soruyor, \u0130lber Ortayl\u0131 Cevapl\u0131yor &#8211; Gazi Mustafa Kemal Atat\u00fcrk\u201d, \u00e7ocuklara Atat\u00fcrk\u2019\u00fc merak ettikleri t\u00fcm y\u00f6nleriyle anlatan s\u0131cak, \u00f6\u011fretici ve ilham dolu<span class=\"excerpt-hellip\"> [\u2026]<\/span><\/p>\n","protected":false},"featured_media":0,"template":"","meta":{"_monsterinsights_skip_tracking":false,"_monsterinsights_sitenote_active":false,"_monsterinsights_sitenote_note":"","_monsterinsights_sitenote_category":0},"product_brand":[],"product_cat":[13835],"product_tag":[],"class_list":{"0":"post-780134","1":"product","2":"type-product","3":"status-publish","5":"product_cat-cok-satanlar","6":"pa_cilt-ciltsiz","7":"pa_tur-kitap","8":"pa_yayinevi-kronik-kitap","9":"pa_yazar-ilber-ortayli","11":"first","12":"instock","13":"sale","14":"shipping-taxable","15":"purchasable","16":"product-type-simple"},"_links":{"self":[{"href":"https:\/\/roveyayinevi.com.tr\/index.php\/wp-json\/wp\/v2\/product\/780134","targetHints":{"allow":["GET"]}}],"collection":[{"href":"https:\/\/roveyayinevi.com.tr\/index.php\/wp-json\/wp\/v2\/product"}],"about":[{"href":"https:\/\/roveyayinevi.com.tr\/index.php\/wp-json\/wp\/v2\/types\/product"}],"wp:attachment":[{"href":"https:\/\/roveyayinevi.com.tr\/index.php\/wp-json\/wp\/v2\/media?parent=780134"}],"wp:term":[{"taxonomy":"product_brand","embeddable":true,"href":"https:\/\/roveyayinevi.com.tr\/index.php\/wp-json\/wp\/v2\/product_brand?post=780134"},{"taxonomy":"product_cat","embeddable":true,"href":"https:\/\/roveyayinevi.com.tr\/index.php\/wp-json\/wp\/v2\/product_cat?post=780134"},{"taxonomy":"product_tag","embeddable":true,"href":"https:\/\/roveyayinevi.com.tr\/index.php\/wp-json\/wp\/v2\/product_tag?post=780134"}],"curies":[{"name":"wp","href":"https:\/\/api.w.org\/{rel}","templated":true}]}}