{"id":780133,"date":"2025-12-30T12:27:40","date_gmt":"2025-12-30T09:27:40","guid":{"rendered":"https:\/\/roveyayinevi.com.tr\/index.php\/urun\/dakikalar-icinde-orta-cag\/"},"modified":"2026-04-15T03:44:45","modified_gmt":"2026-04-15T00:44:45","slug":"dakikalar-icinde-orta-cag","status":"publish","type":"product","link":"https:\/\/roveyayinevi.com.tr\/index.php\/urun\/dakikalar-icinde-orta-cag\/","title":{"rendered":"Dakikalar \u0130\u00e7inde Orta \u00c7a\u011f"},"content":{"rendered":"<p>Roma\u2019n\u0131n y\u0131k\u0131l\u0131\u015f\u0131ndan \u0130stanbul\u2019un fethine uzanan bin y\u0131ll\u0131k Orta \u00c7a\u011f; kavim g\u00f6\u00e7leri, Viking ak\u0131nlar\u0131, Ha\u00e7l\u0131 Seferleri, Mo\u011fol istilalar\u0131, hanedan de\u011fi\u015fimleri ve kara veba gibi sars\u0131c\u0131 olaylarla dolu, imparatorluklar\u0131 yerinden oynatan bir d\u00f6nemdi. K\u00fclt\u00fcrlerin \u00e7arp\u0131\u015ft\u0131\u011f\u0131, kayna\u015ft\u0131\u011f\u0131 ve d\u00fcnya d\u00fczeninin ba\u015ftan \u015fekillendi\u011fi bu \u00e7alkant\u0131l\u0131 \u00e7a\u011f, farkl\u0131 co\u011frafyalar\u0131n kaderini birbirine ba\u011flad\u0131.   Prof. Dr. \u00d6zlem Gen\u00e7, bu geni\u015f d\u00f6nemi Avrupa\u2019dan Orta Do\u011fu\u2019ya, Orta Asya bozk\u0131rlar\u0131ndan Afrika ve Uzak Do\u011fu\u2019ya uzanan sahada ya\u015fanan 200 \u00f6nemli olay ve kavram \u00fczerinden ak\u0131c\u0131 ve anla\u015f\u0131l\u0131r bir dille anlat\u0131yor. Roma\u2019n\u0131n \u00e7\u00f6k\u00fc\u015f\u00fcnden Konstantinopolis\u2019in fethine, din sava\u015flar\u0131ndan ticaret yollar\u0131na, h\u00fck\u00fcmdarlardan sava\u015f\u00e7\u0131lara, ke\u015fi\u015flerden t\u00fcccarlara ve s\u0131radan insanlara kadar Orta \u00c7a\u011f\u2019\u0131n t\u00fcm renkleri sayfalara yay\u0131l\u0131yor.   Dakikalar \u0130\u00e7inde Orta \u00c7a\u011f, Avrupa merkezli klasik anlat\u0131n\u0131n \u00f6tesine ge\u00e7erek k\u00fclt\u00fcrlerin kar\u015f\u0131l\u0131kl\u0131 etkile\u015fimini g\u00f6r\u00fcn\u00fcr k\u0131lan ger\u00e7ekten k\u00fcresel bir panorama sunuyor. Hem \u00f6\u011frenciler hem de tarih merakl\u0131lar\u0131 i\u00e7in kolay okunur, bilgi dolu ve d\u00f6nemle tan\u0131\u015fmak isteyen herkes i\u00e7in ideal bir ba\u015fvuru kayna\u011f\u0131.<\/p>\n","protected":false},"excerpt":{"rendered":"<p>Roma\u2019n\u0131n y\u0131k\u0131l\u0131\u015f\u0131ndan \u0130stanbul\u2019un fethine uzanan bin y\u0131ll\u0131k Orta \u00c7a\u011f; kavim g\u00f6\u00e7leri, Viking ak\u0131nlar\u0131, Ha\u00e7l\u0131 Seferleri, Mo\u011fol istilalar\u0131, hanedan de\u011fi\u015fimleri ve kara veba gibi sars\u0131c\u0131 olaylarla dolu,<span class=\"excerpt-hellip\"> [\u2026]<\/span><\/p>\n","protected":false},"featured_media":0,"template":"","meta":{"_monsterinsights_skip_tracking":false,"_monsterinsights_sitenote_active":false,"_monsterinsights_sitenote_note":"","_monsterinsights_sitenote_category":0},"product_brand":[],"product_cat":[12305,12304],"product_tag":[],"class_list":{"0":"post-780133","1":"product","2":"type-product","3":"status-publish","5":"product_cat-dunya-tarihi","6":"product_cat-tarih","7":"pa_cilt-ciltsiz","8":"pa_tur-kitap","9":"pa_yayinevi-kronik-kitap","10":"pa_yazar-ozlem-genc","12":"first","13":"instock","14":"sale","15":"shipping-taxable","16":"purchasable","17":"product-type-simple"},"_links":{"self":[{"href":"https:\/\/roveyayinevi.com.tr\/index.php\/wp-json\/wp\/v2\/product\/780133","targetHints":{"allow":["GET"]}}],"collection":[{"href":"https:\/\/roveyayinevi.com.tr\/index.php\/wp-json\/wp\/v2\/product"}],"about":[{"href":"https:\/\/roveyayinevi.com.tr\/index.php\/wp-json\/wp\/v2\/types\/product"}],"wp:attachment":[{"href":"https:\/\/roveyayinevi.com.tr\/index.php\/wp-json\/wp\/v2\/media?parent=780133"}],"wp:term":[{"taxonomy":"product_brand","embeddable":true,"href":"https:\/\/roveyayinevi.com.tr\/index.php\/wp-json\/wp\/v2\/product_brand?post=780133"},{"taxonomy":"product_cat","embeddable":true,"href":"https:\/\/roveyayinevi.com.tr\/index.php\/wp-json\/wp\/v2\/product_cat?post=780133"},{"taxonomy":"product_tag","embeddable":true,"href":"https:\/\/roveyayinevi.com.tr\/index.php\/wp-json\/wp\/v2\/product_tag?post=780133"}],"curies":[{"name":"wp","href":"https:\/\/api.w.org\/{rel}","templated":true}]}}