{"id":780131,"date":"2025-12-30T12:27:37","date_gmt":"2025-12-30T09:27:37","guid":{"rendered":"https:\/\/roveyayinevi.com.tr\/index.php\/urun\/senin-sucun-degil\/"},"modified":"2026-04-15T03:44:45","modified_gmt":"2026-04-15T00:44:45","slug":"senin-sucun-degil","status":"publish","type":"product","link":"https:\/\/roveyayinevi.com.tr\/index.php\/urun\/senin-sucun-degil\/","title":{"rendered":"Senin Su\u00e7un De\u011fil"},"content":{"rendered":"<p>\u201cB\u00fcy\u00fck de\u011fi\u015fimler her zaman k\u00fc\u00e7\u00fck ad\u0131mlarla ba\u015flar. Sen hayat\u0131n\u0131 ve kendini de\u011fi\u015ftirmek i\u00e7in bir yolculu\u011fa \u00e7\u0131kt\u0131\u011f\u0131nda o g\u00f6z\u00fcnde b\u00fcy\u00fcyen engellerin birer birer k\u00fc\u00e7\u00fcld\u00fc\u011f\u00fcn\u00fc, \u2018Olmaz!\u2019 dedi\u011fin \u015feylerin oldu\u011funu, \u2018Yapamam,\u2019 dedi\u011fin \u015feyleri yapt\u0131\u011f\u0131n\u0131 g\u00f6receksin. Umar\u0131m bu sat\u0131rlar senin k\u00fc\u00e7\u00fck ad\u0131mlar\u0131na vesile olur.\u201d \u00be Beyhan Budak   ***   Hayat\u0131ndaki sorunlar\u0131 d\u00fc\u015f\u00fcn; de\u011fersizlik duygun, sana zarar veren ili\u015fkilerinden vazge\u00e7emeyi\u015fin, ba\u015far\u0131s\u0131zl\u0131klar\u0131n, ayn\u0131 hatalar\u0131 tekrar tekrar yap\u0131\u015f\u0131n, ba\u015fkalar\u0131na \u015fefkatle yakla\u015f\u0131rken kendine ac\u0131mas\u0131z olu\u015fun, i\u00e7indeki kaybolmayan \u00f6fke ve hatta k\u0131skan\u00e7l\u0131klar\u0131n&#8230;   Bunlar\u0131 ya\u015famay\u0131 sen mi se\u00e7tin?   Ya da belki de ge\u00e7mi\u015fte ya\u015fad\u0131klar\u0131n bug\u00fcn b\u00f6yle hissetmene neden oluyor.   Kendini su\u00e7lamay\u0131 b\u0131rak; bu, i\u015fleri daha k\u00f6t\u00fc h\u00e2le getirmekten ba\u015fka bir i\u015fe yaramaz.   Bu kitapla birlikte ge\u00e7mi\u015finin karanl\u0131k dehlizlerine do\u011fru bir yolculu\u011fa \u00e7\u0131kaca\u011f\u0131z seninle; i\u00e7ine do\u011fdu\u011fun aileden ya\u015fad\u0131\u011f\u0131n travmalara kadar, bug\u00fcn var olan problemlerinin ge\u00e7mi\u015fteki izini s\u00fcrece\u011fiz. \u00c7ocukken alman gereken sevgi, sayg\u0131 ve g\u00fcveni alamad\u0131\u011f\u0131n zaman neler oldu\u011funu, zehirli anne-baba davran\u0131\u015flar\u0131n\u0131n nas\u0131l y\u0131k\u0131ma yol a\u00e7t\u0131\u011f\u0131n\u0131 g\u00f6recek; bazen \u00f6nemsiz san\u0131lan k\u00fc\u00e7\u00fck bir travman\u0131n uzun vadeli etkilerinin \u00e7ok b\u00fcy\u00fck oldu\u011funu fark ettik\u00e7e hafifleyeceksin.   Bu kitap sana mucizeler vadetmiyor, hi\u00e7bir \u015fey m\u00fckemmel olmayacak ancak \u015fu anki h\u00e2linden daha iyi hissetmen kesinlikle m\u00fcmk\u00fcn. Beraber y\u00fcr\u00fcyece\u011fimiz yolun amac\u0131 bu.   ***   Kendine bu \u015fans\u0131 vermelisin.<\/p>\n","protected":false},"excerpt":{"rendered":"<p>\u201cB\u00fcy\u00fck de\u011fi\u015fimler her zaman k\u00fc\u00e7\u00fck ad\u0131mlarla ba\u015flar. Sen hayat\u0131n\u0131 ve kendini de\u011fi\u015ftirmek i\u00e7in bir yolculu\u011fa \u00e7\u0131kt\u0131\u011f\u0131nda o g\u00f6z\u00fcnde b\u00fcy\u00fcyen engellerin birer birer k\u00fc\u00e7\u00fcld\u00fc\u011f\u00fcn\u00fc, \u2018Olmaz!\u2019 dedi\u011fin \u015feylerin<span class=\"excerpt-hellip\"> [\u2026]<\/span><\/p>\n","protected":false},"featured_media":0,"template":"","meta":{"_monsterinsights_skip_tracking":false,"_monsterinsights_sitenote_active":false,"_monsterinsights_sitenote_note":"","_monsterinsights_sitenote_category":0},"product_brand":[],"product_cat":[12364,12376],"product_tag":[],"class_list":{"0":"post-780131","1":"product","2":"type-product","3":"status-publish","5":"product_cat-genel-konular","6":"product_cat-kisisel-gelisim","7":"pa_cilt-ciltsiz","8":"pa_tur-kitap","9":"pa_yayinevi-kronik-kitap","10":"pa_yazar-beyhan-budak","12":"first","13":"instock","14":"sale","15":"shipping-taxable","16":"purchasable","17":"product-type-simple"},"_links":{"self":[{"href":"https:\/\/roveyayinevi.com.tr\/index.php\/wp-json\/wp\/v2\/product\/780131","targetHints":{"allow":["GET"]}}],"collection":[{"href":"https:\/\/roveyayinevi.com.tr\/index.php\/wp-json\/wp\/v2\/product"}],"about":[{"href":"https:\/\/roveyayinevi.com.tr\/index.php\/wp-json\/wp\/v2\/types\/product"}],"wp:attachment":[{"href":"https:\/\/roveyayinevi.com.tr\/index.php\/wp-json\/wp\/v2\/media?parent=780131"}],"wp:term":[{"taxonomy":"product_brand","embeddable":true,"href":"https:\/\/roveyayinevi.com.tr\/index.php\/wp-json\/wp\/v2\/product_brand?post=780131"},{"taxonomy":"product_cat","embeddable":true,"href":"https:\/\/roveyayinevi.com.tr\/index.php\/wp-json\/wp\/v2\/product_cat?post=780131"},{"taxonomy":"product_tag","embeddable":true,"href":"https:\/\/roveyayinevi.com.tr\/index.php\/wp-json\/wp\/v2\/product_tag?post=780131"}],"curies":[{"name":"wp","href":"https:\/\/api.w.org\/{rel}","templated":true}]}}