{"id":780129,"date":"2025-12-30T12:27:33","date_gmt":"2025-12-30T09:27:33","guid":{"rendered":"https:\/\/roveyayinevi.com.tr\/index.php\/urun\/istanbulun-lezzet-duraklari\/"},"modified":"2026-04-15T03:44:45","modified_gmt":"2026-04-15T00:44:45","slug":"istanbulun-lezzet-duraklari","status":"publish","type":"product","link":"https:\/\/roveyayinevi.com.tr\/index.php\/urun\/istanbulun-lezzet-duraklari\/","title":{"rendered":"\u0130stanbul\u2019un Lezzet Duraklar\u0131"},"content":{"rendered":"<p>Bir \u015fehri ger\u00e7ekten tan\u0131mak onun seslerini, kokular\u0131n\u0131 ve tatlar\u0131n\u0131 tan\u0131makla ba\u015flar. Hele ki s\u00f6z konusu \u0130stanbul ise&#8230;   D\u00fcnyan\u0131n en zengin gastronomi miraslar\u0131ndan birine ev sahipli\u011fi yapan \u0130stanbul y\u00fczy\u0131llar\u0131n i\u00e7 i\u00e7e ge\u00e7ti\u011fi b\u00fcy\u00fck bir mutfakt\u0131r adeta. Do\u011fu ile Bat\u0131\u2019n\u0131n kesi\u015fim noktas\u0131nda yer alan konumu ve farkl\u0131 k\u00fclt\u00fcrlerin etkile\u015fimiyle \u0130stanbul, kendine mahsus zengin bir yemek k\u00fclt\u00fcr\u00fc geli\u015ftirmi\u015ftir. Roma ve Bizans d\u00f6nemlerinden Osmanl\u0131\u2019ya intikal eden miras\u0131n yan\u0131nda g\u00f6\u00e7ler, fetihler ve ticaret yollar\u0131 sayesinde Anadolu, Balkanlar, Ortado\u011fu ve Akdeniz mutfaklar\u0131ndan evrilen tatlar bu k\u00fclt\u00fcr\u00fcn olu\u015fmas\u0131nda \u00f6nemli rol oynam\u0131\u015ft\u0131r. \u015eehrin farkl\u0131 zamanlarda katman katman biriken lezzet haf\u0131zas\u0131 han avlular\u0131nda, k\u00fc\u00e7\u00fck f\u0131r\u0131nlar\u0131n ta\u015f ocaklar\u0131nda, ustalar\u0131n ellerinde, ev yemekleriyle kurulan s\u0131cac\u0131k sofralarda, semtlerin ruhunda sakl\u0131d\u0131r.   \u0130stanbul\u2019un Lezzet Duraklar\u0131, okurunu i\u015fte bu \u00e7ok katmanl\u0131 miras\u0131n izini s\u00fcrmeye \u00e7a\u011f\u0131r\u0131yor. Hasan Mert Kaya \u201cNerede ne yenir?\u201d sorusuna tam damak tad\u0131n\u0131za g\u00f6re cevaplar verirken; bir d\u00fckk\u00e2n\u0131n g\u00f6lgesine sinmi\u015f tarihe, bir ustan\u0131n elindeki eme\u011fe, bir semtin pi\u015firdi\u011fi ortak hat\u0131raya kulak vermeye de davet ediyor. Bazen 1883\u2019ten beri ayn\u0131 tezg\u00e2hta yo\u011furulan ac\u0131badem kurabiyesinin ard\u0131na d\u00fc\u015f\u00fcyor, bazen \u00fc\u00e7 ku\u015fakt\u0131r kaynayan lokum kazanlar\u0131n\u0131n ba\u015f\u0131nda bir ailenin hik\u00e2yesine tan\u0131kl\u0131k ediyor. Kimi zaman bir han\u0131n avlusundaki minik dondurmac\u0131n\u0131n serinli\u011fine s\u0131\u011f\u0131n\u0131yor, kimi zaman da Kad\u0131nlar Pazar\u0131\u2019n\u0131n kalabal\u0131\u011f\u0131nda bir z\u0131rh kebab\u0131n\u0131n ard\u0131na tak\u0131l\u0131yor. Fatih\u2019ten \u00dcsk\u00fcdar\u2019a, Beyo\u011flu\u2019ndan Be\u015fikta\u015f\u2019a uzanan bu yolculuk e\u015fsiz lezzetlerin oldu\u011fu kadar \u0130stanbul\u2019un ruhunun da haritas\u0131n\u0131 \u00e7\u0131kar\u0131yor.   Bu rehber kitap, bir ziyafet \u015fehri \u0130stanbul\u2019u ayn\u0131 zamanda bir haf\u0131za, bir k\u00fclt\u00fcr, bir ya\u015fam bi\u00e7imi olarak g\u00f6renler i\u00e7in haz\u0131rland\u0131. \u0130stanbul\u2019un Lezzet Duraklar\u0131, hem damak tad\u0131na d\u00fc\u015fk\u00fcn gezginlere hem de kendi \u015fehrinde yeni ke\u015fiflere yelken a\u00e7mak isteyen \u0130stanbullulara e\u015fsiz bir yol arkada\u015f\u0131 olacak!<\/p>\n","protected":false},"excerpt":{"rendered":"<p>Bir \u015fehri ger\u00e7ekten tan\u0131mak onun seslerini, kokular\u0131n\u0131 ve tatlar\u0131n\u0131 tan\u0131makla ba\u015flar. Hele ki s\u00f6z konusu \u0130stanbul ise&#8230; D\u00fcnyan\u0131n en zengin gastronomi miraslar\u0131ndan birine ev sahipli\u011fi yapan<span class=\"excerpt-hellip\"> [\u2026]<\/span><\/p>\n","protected":false},"featured_media":0,"template":"","meta":{"_monsterinsights_skip_tracking":false,"_monsterinsights_sitenote_active":false,"_monsterinsights_sitenote_note":"","_monsterinsights_sitenote_category":0},"product_brand":[],"product_cat":[12457],"product_tag":[],"class_list":{"0":"post-780129","1":"product","2":"type-product","3":"status-publish","5":"product_cat-yemek-kitaplari","6":"pa_cilt-ciltsiz","7":"pa_tur-kitap","8":"pa_yayinevi-kronik-kitap","9":"pa_yazar-hasan-mert-kaya","11":"first","12":"instock","13":"sale","14":"shipping-taxable","15":"purchasable","16":"product-type-simple"},"_links":{"self":[{"href":"https:\/\/roveyayinevi.com.tr\/index.php\/wp-json\/wp\/v2\/product\/780129","targetHints":{"allow":["GET"]}}],"collection":[{"href":"https:\/\/roveyayinevi.com.tr\/index.php\/wp-json\/wp\/v2\/product"}],"about":[{"href":"https:\/\/roveyayinevi.com.tr\/index.php\/wp-json\/wp\/v2\/types\/product"}],"wp:attachment":[{"href":"https:\/\/roveyayinevi.com.tr\/index.php\/wp-json\/wp\/v2\/media?parent=780129"}],"wp:term":[{"taxonomy":"product_brand","embeddable":true,"href":"https:\/\/roveyayinevi.com.tr\/index.php\/wp-json\/wp\/v2\/product_brand?post=780129"},{"taxonomy":"product_cat","embeddable":true,"href":"https:\/\/roveyayinevi.com.tr\/index.php\/wp-json\/wp\/v2\/product_cat?post=780129"},{"taxonomy":"product_tag","embeddable":true,"href":"https:\/\/roveyayinevi.com.tr\/index.php\/wp-json\/wp\/v2\/product_tag?post=780129"}],"curies":[{"name":"wp","href":"https:\/\/api.w.org\/{rel}","templated":true}]}}