{"id":780125,"date":"2025-12-30T12:27:24","date_gmt":"2025-12-30T09:27:24","guid":{"rendered":"https:\/\/roveyayinevi.com.tr\/index.php\/urun\/satrancla-degisen-hayat\/"},"modified":"2026-04-15T03:44:45","modified_gmt":"2026-04-15T00:44:45","slug":"satrancla-degisen-hayat","status":"publish","type":"product","link":"https:\/\/roveyayinevi.com.tr\/index.php\/urun\/satrancla-degisen-hayat\/","title":{"rendered":"Satran\u00e7la De\u011fi\u015fen Hayat"},"content":{"rendered":"<p>GARANT\u0130L\u0130 B\u0130R M\u00dcHEND\u0130SL\u0130K KAR\u0130YER\u0130 M\u0130, YOKSA SONU BEL\u0130RS\u0130Z B\u0130R SATRAN\u00c7 SER\u00dcVEN\u0130 M\u0130?   Sabri Can Onay Yontar, uzay m\u00fchendisli\u011fi diplomas\u0131n\u0131 bir kenara b\u0131rak\u0131p tutkusunun pe\u015finden giderken sadece ki\u015fisel bir ba\u015far\u0131 \u00f6yk\u00fcs\u00fc de\u011fil, ayn\u0131 zamanda modern satran\u00e7 d\u00fcnyas\u0131n\u0131n panoramik bir g\u00f6r\u00fcnt\u00fcs\u00fcn\u00fc sunuyor.   Satran\u00e7la De\u011fi\u015fen Hayat sizi turnuva salonlar\u0131n\u0131n \u201cgirilmez\u201d yazan kap\u0131lar\u0131n\u0131n ard\u0131na ve b\u00fcy\u00fckustalar\u0131n zihin koridorlar\u0131na davet ederken satranc\u0131n yaln\u0131zca 64 kare ve 32 ta\u015ftan ibaret olmad\u0131\u011f\u0131n\u0131 g\u00f6steriyor. Bu kitapta Magnus Carlsen\u2019le yan yana ma\u00e7 yapman\u0131n heyecan\u0131n\u0131 ve stresini ya\u015fayacak, satran\u00e7 efsanesi Bobby Fischer\u2019in \u0130zlanda\u2019daki mezar\u0131n\u0131 ziyaret edecek, bir mouse hamlesiyle kaybedilen binlerce dolar\u0131, Hikaru Nakamura\u2019n\u0131n yapt\u0131\u011f\u0131 korkun\u00e7 hatay\u0131 ve b\u00fcy\u00fckustalar\u0131n bile unuttu\u011fu satran\u00e7 kurallar\u0131n\u0131 \u00f6\u011freneceksiniz&#8230; Barcelona\u2019n\u0131n yaz ak\u015famlar\u0131ndan Oslo\u2019nun keskin so\u011fu\u011funa, Las Vegas\u2019\u0131n \u0131\u015f\u0131lt\u0131l\u0131 caddelerinden Kazakistan bozk\u0131rlar\u0131na uzanan geni\u015f bir co\u011frafyada satranc\u0131n izini s\u00fcren bir maceraya tan\u0131k olacaks\u0131n\u0131z.   Satran\u00e7la De\u011fi\u015fen Hayat s\u0131radan bir otobiyografi de\u011fil; satranc\u0131n izinde d\u00fcnyay\u0131 dola\u015fan bir gezginin seyir defteri. Lise turnuvalar\u0131ndan d\u00fcnya \u015fampiyonalar\u0131na uzanan bu yolculukta satranca ve hayata dair pek \u00e7ok \u015fey \u00f6\u011freneceksiniz. <\/p>\n","protected":false},"excerpt":{"rendered":"<p>GARANT\u0130L\u0130 B\u0130R M\u00dcHEND\u0130SL\u0130K KAR\u0130YER\u0130 M\u0130, YOKSA SONU BEL\u0130RS\u0130Z B\u0130R SATRAN\u00c7 SER\u00dcVEN\u0130 M\u0130? Sabri Can Onay Yontar, uzay m\u00fchendisli\u011fi diplomas\u0131n\u0131 bir kenara b\u0131rak\u0131p tutkusunun pe\u015finden giderken sadece<span class=\"excerpt-hellip\"> [\u2026]<\/span><\/p>\n","protected":false},"featured_media":0,"template":"","meta":{"_monsterinsights_skip_tracking":false,"_monsterinsights_sitenote_active":false,"_monsterinsights_sitenote_note":"","_monsterinsights_sitenote_category":0},"product_brand":[],"product_cat":[12364,12376],"product_tag":[],"class_list":{"0":"post-780125","1":"product","2":"type-product","3":"status-publish","5":"product_cat-genel-konular","6":"product_cat-kisisel-gelisim","7":"pa_cilt-ciltsiz","8":"pa_tur-kitap","9":"pa_yayinevi-kronik-kitap","10":"pa_yazar-sabri-can-onay-yontar","12":"first","13":"instock","14":"sale","15":"shipping-taxable","16":"purchasable","17":"product-type-simple"},"_links":{"self":[{"href":"https:\/\/roveyayinevi.com.tr\/index.php\/wp-json\/wp\/v2\/product\/780125","targetHints":{"allow":["GET"]}}],"collection":[{"href":"https:\/\/roveyayinevi.com.tr\/index.php\/wp-json\/wp\/v2\/product"}],"about":[{"href":"https:\/\/roveyayinevi.com.tr\/index.php\/wp-json\/wp\/v2\/types\/product"}],"wp:attachment":[{"href":"https:\/\/roveyayinevi.com.tr\/index.php\/wp-json\/wp\/v2\/media?parent=780125"}],"wp:term":[{"taxonomy":"product_brand","embeddable":true,"href":"https:\/\/roveyayinevi.com.tr\/index.php\/wp-json\/wp\/v2\/product_brand?post=780125"},{"taxonomy":"product_cat","embeddable":true,"href":"https:\/\/roveyayinevi.com.tr\/index.php\/wp-json\/wp\/v2\/product_cat?post=780125"},{"taxonomy":"product_tag","embeddable":true,"href":"https:\/\/roveyayinevi.com.tr\/index.php\/wp-json\/wp\/v2\/product_tag?post=780125"}],"curies":[{"name":"wp","href":"https:\/\/api.w.org\/{rel}","templated":true}]}}